{"id":2305,"date":"2022-09-21T17:31:03","date_gmt":"2022-09-21T17:31:03","guid":{"rendered":"https:\/\/tienda.gevalia.es\/?page_id=2305"},"modified":"2022-09-21T17:43:12","modified_gmt":"2022-09-21T17:43:12","slug":"politica-de-cookies","status":"publish","type":"page","link":"https:\/\/tienda.gevalia.es\/?page_id=2305","title":{"rendered":"Pol\u00edtica de cookies"},"content":{"rendered":"\n<p>Pol\u00edtica de cookies<\/p>\n\n\n\n<p>Bienvenida\/o a la&nbsp;<strong>POL\u00cdTICA DE COOKIES<\/strong>&nbsp;de la p\u00e1gina web de la entidad JOS\u00c9 IGNACIO PERERA AWAD, provista de NIF 54075363V, donde te explicaremos en un lenguaje claro y sencillo todas las cuestiones necesarias para que puedas tener el control sobre ellas en base a tus decisiones personales.<\/p>\n\n\n\n<ul class=\"wp-block-list\"><li><strong>\u00bfQU\u00c9 SON LAS COOKIES Y PARA QU\u00c9 LAS USAMOS?<\/strong><\/li><\/ul>\n\n\n\n<p>Una&nbsp;cookie&nbsp;o galleta inform\u00e1tica es un peque\u00f1o archivo de informaci\u00f3n que se guarda en tu ordenador, \u201csmartphone\u201d o tableta cada vez que visitas nuestra p\u00e1gina web.<\/p>\n\n\n\n<p>En principio, una cookie es inofensiva: no contiene virus, troyanos, gusanos, etc. que puedan da\u00f1ar tu terminal, pero s\u00ed tiene cierto impacto sobre tu derecho a la protecci\u00f3n de tus datos personales, pues recoge determinada informaci\u00f3n concerniente a tu persona (h\u00e1bitos de navegaci\u00f3n, identidad, preferencias, etc.).<\/p>\n\n\n\n<p>Es por ello que, en base a lo establecido en la normativa aplicable (LSSI y normativa vigente de protecci\u00f3n de datos personales), la activaci\u00f3n de determinados tipos de cookies necesitar\u00e1 de tu autorizaci\u00f3n previa.<\/p>\n\n\n\n<p>Antes de ello, te daremos alguna informaci\u00f3n adicional que te ayudar\u00e1 a una mejor toma de decisiones al respecto:<\/p>\n\n\n\n<ol class=\"wp-block-list\" type=\"1\"><li>Las cookies pueden ser de varios tipos en funci\u00f3n de su finalidad:<ul><li>Las cookies t\u00e9cnicas son necesarias para que nuestra p\u00e1gina web pueda funcionar, no necesitan de tu autorizaci\u00f3n y son las \u00fanicas que tenemos activadas por defecto.<\/li><li>El resto de cookies sirven para mejorar nuestra p\u00e1gina, para personalizarla en base a tus preferencias, o para poder mostrarte publicidad ajustada a tus b\u00fasquedas, gustos e intereses personales. Puedes aceptar todas estas cookies pulsando el bot\u00f3n&nbsp;<strong>ACEPTAR<\/strong>&nbsp;o configurarlas o rechazar su uso clicando en el apartado&nbsp;<strong>CONFIGURACI\u00d3N DE COOKIES<\/strong>.<\/li><\/ul><\/li><li>Algunas cookies son nuestras (las denominaremos&nbsp;<strong>cookies propias<\/strong>) y otras pertenecen a empresas externas que prestan servicios para nuestra p\u00e1gina web (las denominaremos&nbsp;<strong>cookies de terceros<\/strong>: un ejemplo podr\u00edan ser las cookies de proveedores externos como Google). En este sentido, es importante que sepas que algunos de dichos proveedores externos pueden estar ubicados fuera de Espa\u00f1a. A nivel mundial, no todos los pa\u00edses tienen un mismo nivel de protecci\u00f3n de datos, existiendo algunos pa\u00edses m\u00e1s seguros que otros (por ejemplo, la Uni\u00f3n Europea es un entorno seguro para tus datos). Nuestra pol\u00edtica es recurrir a proveedores confiables que, con independencia de que se encuentren o no ubicados en la Uni\u00f3n Europea, hayan adoptado las garant\u00edas adecuadas para la protecci\u00f3n de tu informaci\u00f3n personal. No obstante, en el apartado denominado.&nbsp;<strong>\u00bfQU\u00c9 TIPO DE COOKIES SE UTILIZAN ACTUALMENTE EN NUESTRA P\u00c1GINA WEB?<\/strong>, puedes consultar las distintas Pol\u00edticas de privacidad y protecci\u00f3n de datos de cada uno de los referidos proveedores externos, a fin de tomar una decisi\u00f3n consciente sobre la activaci\u00f3n o no de las&nbsp;<strong>cookies de terceros<\/strong>&nbsp;que utiliza nuestra p\u00e1gina web.<\/li><li>Finalmente, indicarte que, en funci\u00f3n del plazo de tiempo que permanecen activas, las cookies pueden ser de dos tipos:<ul><li><strong>Cookies persistentes:&nbsp;<\/strong>permanecen almacenadas en tu ordenador, \u201csmartphone\u201d o tableta durante un periodo determinado, que puede variar desde unos minutos hasta varios a\u00f1os.<\/li><\/ul><\/li><\/ol>\n\n\n\n<ul class=\"wp-block-list\"><li><strong>\u00bfQU\u00c9 TIPO DE COOKIES PODEMOS UTILIZAR EN NUESTRA P\u00c1GINA WEB?<\/strong><ul><li><strong>Cookies T\u00e9cnicas:<\/strong><\/li><\/ul><\/li><\/ul>\n\n\n\n<p>Las cookies t\u00e9cnicas son estrictamente necesarias para que nuestra p\u00e1gina web funcione y puedas navegar por la misma. Este tipo de cookies son las que, por ejemplo, nos permiten identificarte, darte acceso a determinadas partes restringidas de la p\u00e1gina si fuese necesario, o recordar diferentes opciones o servicios ya seleccionados por ti, como tus preferencias de privacidad. Por ello,&nbsp;<strong>est\u00e1n activadas por defecto, no siendo necesaria tu autorizaci\u00f3n al respecto<\/strong>.<\/p>\n\n\n\n<p>A trav\u00e9s de la configuraci\u00f3n de tu navegador, puedes bloquear o alertar de la presencia de este tipo de cookies, si bien dicho bloqueo afectar\u00e1 al correcto funcionamiento de las distintas funcionalidades de nuestra p\u00e1gina web.<\/p>\n\n\n\n<ul class=\"wp-block-list\"><li><strong>Cookies de Funcionalidad y Personalizaci\u00f3n:<\/strong><\/li><\/ul>\n\n\n\n<p>Las cookies de funcionalidad nos permiten recordar tus preferencias, para personalizar a tu medida determinadas caracter\u00edsticas y opciones generales de nuestra p\u00e1gina web, cada vez que accedas a la misma (por ejemplo, el idioma en que se te presenta la informaci\u00f3n, las secciones marcadas como favoritas, tu tipo de navegador, etc.).<\/p>\n\n\n\n<p>Por tanto, este tipo de cookies&nbsp;<strong>no tienen una finalidad publicitaria<\/strong>, sino que activ\u00e1ndolas mejorar\u00e1s la funcionalidad de la p\u00e1gina web (por ejemplo, adapt\u00e1ndose a tu tipo de navegador) y la personalizaci\u00f3n de la misma en base a tus preferencias (por ejemplo, presentando la informaci\u00f3n en el idioma que hayas escogido en anteriores ocasiones), lo cual contribuir\u00e1 a la facilidad, usabilidad y comodidad de nuestra p\u00e1gina durante tu navegaci\u00f3n.<\/p>\n\n\n\n<p><strong>Puedes activar o desactivar estas cookies marcando la casilla correspondiente<\/strong>, estando desactivadas por defecto.<\/p>\n\n\n\n<ul class=\"wp-block-list\"><li>&nbsp;<\/li><li><strong>\u00bfQU\u00c9 TIPO DE COOKIES SE UTILIZAN ACTUALMENTE EN NUESTRA P\u00c1GINA WEB?<\/strong><\/li><\/ul>\n\n\n\n<p>A continuaci\u00f3n, procedemos a informarte sobre todos los tipos de cookies que actualmente se utilizan en nuestra p\u00e1gina web y la finalidad de cada una de las mismas.<\/p>\n\n\n\n<figure class=\"wp-block-table\"><table><tbody><tr><td><strong>Tipo de cookie<\/strong>&nbsp;<strong>Entidad<\/strong><\/td><td><strong>Finalidad<\/strong><\/td><td><strong>responsable y enlace a su pol\u00edtica de privacidad y protecci\u00f3n de datos<\/strong><\/td><td><strong>Plazo de tiempo (de sesi\u00f3n \/ persistente<\/strong>)<\/td><\/tr><tr><td><strong>Cookies t\u00e9cnicas<\/strong><\/td><td><strong>Nos permiten identificarte, darte acceso a determinadas partes restringidas de la p\u00e1gina si fuese necesario, o recordar diferentes opciones o servicios ya seleccionados por ti, como tus preferencias de privacidad.<\/strong>&nbsp;<\/td><td><strong>&nbsp;GEVALIA&nbsp;<\/strong><a href=\"https:\/\/gevalia.es\/politica-de-privacidad\/\"><strong>POL\u00cdTICA DE PRIVACIDAD<\/strong><\/a><strong><a href=\"https:\/\/gevalia.es\/compromiso-con-la-proteccion-de-datos-personales-2\/\">COMPROMISO CON LA PROTECCI\u00d3N DE DATOS PERSONALES<\/a><\/strong>&nbsp;<\/td><td><strong>6 MESES<\/strong><\/td><\/tr><tr><td><strong>Cookies de funcionalidad y personalizaci\u00f3n<\/strong><\/td><td><strong>Recordar tus preferencias, para personalizar a tu medida determinadas caracter\u00edsticas y opciones generales de nuestra p\u00e1gina web, como por ejemplo Recordar usuario en pasarela moodle.<\/strong>&nbsp;<\/td><td><strong>GEVALIA&nbsp;<\/strong><strong><a href=\"https:\/\/gevalia.es\/politica-de-privacidad\/\">POL\u00cdTICA<\/a><a href=\"https:\/\/gevalia.es\/politica-de-privacidad\/\">&nbsp;DE PRIVACIDAD<\/a><\/strong><strong><a href=\"https:\/\/gevalia.es\/compromiso-con-la-proteccion-de-datos-personales-2\/\">COMPROMISO CON LA PROTECCI\u00d3N DE DATOS PERSONALES<\/a><\/strong>&nbsp;<\/td><td><strong>&nbsp;6 MESES<\/strong>&nbsp;<strong>&nbsp;<\/strong><\/td><\/tr><\/tbody><\/table><\/figure>\n\n\n\n<ul class=\"wp-block-list\"><li><strong>\u00bfQU\u00c9 PUEDES HACER CON LAS COOKIES?<\/strong><\/li><\/ul>\n\n\n\n<p>Cuando accedes por primera vez a nuestra p\u00e1gina web, se te muestra una ventana en la que te informamos que las cookies pueden ser de varios tipos:<\/p>\n\n\n\n<ul class=\"wp-block-list\"><li>Las cookies t\u00e9cnicas son necesarias para que nuestra p\u00e1gina web pueda funcionar, no necesitan de tu autorizaci\u00f3n y son las \u00fanicas que tenemos activadas por defecto.<\/li><li>El resto de cookies sirven para mejorar nuestra p\u00e1gina, para personalizarla en base a tus preferencias, o para poder mostrarte publicidad ajustada a tus b\u00fasquedas, gustos e intereses personales. Puedes aceptar todas estas cookies pulsando el bot\u00f3n&nbsp;<strong>ACEPTAR<\/strong>&nbsp;o configurarlas o rechazar su uso clicando en el apartado&nbsp;<strong>CONFIGURACI\u00d3N DE COOKIES<\/strong>.<\/li><\/ul>\n\n\n\n<p>Informarte tambi\u00e9n que, una vez que hayas activado cualquier tipo de cookies, tienes la posibilidad de desactivarlas en el momento que desees, con el simple paso de desmarcar la casilla correspondiente en el apartado&nbsp;<strong>CONFIGURACI\u00d3N DE COOKIES&nbsp;<\/strong>de nuestra p\u00e1gina web. Siempre ser\u00e1 tan sencillo para ti activar nuestras cookies propias como desactivarlas.<\/p>\n\n\n\n<p>Para que te sea mucho m\u00e1s f\u00e1cil, a continuaci\u00f3n, te relacionamos una serie de enlaces a las pautas de desactivaci\u00f3n de cookies de los navegadores de uso com\u00fan:<\/p>\n\n\n\n<ul class=\"wp-block-list\"><li><a href=\"https:\/\/support.google.com\/accounts\/answer\/61416?co=GENIE.Platform%3DDesktop&amp;hl=es\">Google Chrome<\/a>.<\/li><li><a href=\"https:\/\/support.mozilla.org\/es\/kb\/Borrar%20cookies\">Mozilla Firefox<\/a>.<\/li><li><a href=\"https:\/\/support.microsoft.com\/es-es\/help\/278835\/how-to-delete-cookie-files-in-internet-explorer\">Internet Explorer<\/a>.<\/li><li><a href=\"https:\/\/support.apple.com\/es-es\/guide\/safari\/sfri11471\/mac\">Safari<\/a>.<\/li><li><a href=\"https:\/\/support.apple.com\/es-es\/HT201265\">Safari para IOS (iPhone y iPad)<\/a>.<\/li><li><a href=\"https:\/\/support.google.com\/accounts\/answer\/61416?co=GENIE.Platform%3DAndroid&amp;hl=es&amp;oco=1\">Google Chrome para Android<\/a>.<\/li><li><a href=\"https:\/\/support.google.com\/accounts\/answer\/61416?co=GENIE.Platform%3DiOS&amp;hl=es&amp;oco=1\">Google Chrome para Iphone y IPad<\/a>.<\/li><\/ul>\n\n\n\n<p><strong>Muchas gracias por tu colaboraci\u00f3n<\/strong><\/p>\n","protected":false},"excerpt":{"rendered":"<p>Pol\u00edtica de cookies Bienvenida\/o a la&nbsp;POL\u00cdTICA DE COOKIES&nbsp;de la p\u00e1gina web de la entidad JOS\u00c9 IGNACIO PERERA AWAD, provista de NIF 54075363V, donde te explicaremos en un lenguaje claro y sencillo todas las cuestiones necesarias para que puedas tener el control sobre ellas en base&hellip;<\/p>\n","protected":false},"author":1,"featured_media":0,"parent":0,"menu_order":0,"comment_status":"closed","ping_status":"closed","template":"","meta":{"footnotes":""},"class_list":["post-2305","page","type-page","status-publish","hentry"],"_links":{"self":[{"href":"https:\/\/tienda.gevalia.es\/index.php?rest_route=\/wp\/v2\/pages\/2305","targetHints":{"allow":["GET"]}}],"collection":[{"href":"https:\/\/tienda.gevalia.es\/index.php?rest_route=\/wp\/v2\/pages"}],"about":[{"href":"https:\/\/tienda.gevalia.es\/index.php?rest_route=\/wp\/v2\/types\/page"}],"author":[{"embeddable":true,"href":"https:\/\/tienda.gevalia.es\/index.php?rest_route=\/wp\/v2\/users\/1"}],"replies":[{"embeddable":true,"href":"https:\/\/tienda.gevalia.es\/index.php?rest_route=%2Fwp%2Fv2%2Fcomments&post=2305"}],"version-history":[{"count":2,"href":"https:\/\/tienda.gevalia.es\/index.php?rest_route=\/wp\/v2\/pages\/2305\/revisions"}],"predecessor-version":[{"id":2317,"href":"https:\/\/tienda.gevalia.es\/index.php?rest_route=\/wp\/v2\/pages\/2305\/revisions\/2317"}],"wp:attachment":[{"href":"https:\/\/tienda.gevalia.es\/index.php?rest_route=%2Fwp%2Fv2%2Fmedia&parent=2305"}],"curies":[{"name":"wp","href":"https:\/\/api.w.org\/{rel}","templated":true}]}}