{"id":1796,"date":"2022-08-17T12:29:45","date_gmt":"2022-08-17T12:29:45","guid":{"rendered":"https:\/\/tienda.gevalia.es\/?post_type=product&#038;p=1796"},"modified":"2022-08-23T10:37:13","modified_gmt":"2022-08-23T10:37:13","slug":"actitudes-emociones-y-respuesta-automatica-en-el-ambito-laboral","status":"publish","type":"product","link":"https:\/\/tienda.gevalia.es\/?product=actitudes-emociones-y-respuesta-automatica-en-el-ambito-laboral","title":{"rendered":"Curso de Actitudes, emociones y respuesta autom\u00e1tica en el \u00e1mbito laboral."},"content":{"rendered":"<p>Modalidad: On Line<br \/>\nDuraci\u00f3n: 30 horas.<\/p>\n<p><strong>Objetivos:<\/strong><\/p>\n<p>Analizar el impacto de la respuesta autom\u00e1tica dentro del \u00e1mbito laboral y la importancia de la inteligencia emocional como habilidad fundamental para su gesti\u00f3n y mejora.<br \/>\n&#8211; Identificar las principales causas de la respuesta autom\u00e1tica dentro del \u00e1mbito laboral, su impacto y los efectos de la actitud y la inteligencia emocional.<br \/>\n&#8211; Analizar la influencia de la actitud en la respuesta autom\u00e1tica dentro del \u00e1mbito laboral, desde las personales como potencial para una r\u00e1pida respuesta resolutiva y optimista.<br \/>\n&#8211; Determinar la importancia de inteligencia emocional y sus habilidades dentro del \u00e1mbito laboral como \u00e1reas de gran influencia en la respuesta autom\u00e1tica de las personas.<br \/>\n&#8211; Analizar las habilidades necesarias para el logro de una respuesta adecuada y adaptada, desde la comunicaci\u00f3n, la escucha y la empat\u00eda hasta la motivaci\u00f3n y el bienestar personal.<\/p>\n<p><strong>Contenido Formativo:<\/strong><\/p>\n<p>Respuesta autom\u00e1tica en el \u00e1mbito laboral<br \/>\n\u00bfQu\u00e9 es la respuesta autom\u00e1tica?<br \/>\nCaracter\u00edsticas de personas con respuesta autom\u00e1tica<br \/>\nCausas que generan la respuesta autom\u00e1tica<br \/>\nConsecuencias para la salud laboral<br \/>\nResumen<\/p>\n<p>Actitud ante la respuesta autom\u00e1tica<br \/>\nActitudes personales<br \/>\nIniciativa y resoluci\u00f3n de problemas<br \/>\nOptimismo inteligente<br \/>\nResumen<\/p>\n<p>Emociones en el \u00e1mbito laboral<br \/>\n\u00bfC\u00f3mo afectan las emociones en la respuesta autom\u00e1tica?<br \/>\nGesti\u00f3n de la respuesta autom\u00e1tica<br \/>\nHabilidades para la regulaci\u00f3n emocional<br \/>\nResumen<\/p>\n<p>Habilidades para la respuesta adaptada<br \/>\nComunicaci\u00f3n<br \/>\nEmpat\u00eda<br \/>\nEscucha activa<br \/>\nMotivaci\u00f3n<br \/>\nResumen<\/p>\n<p><strong>\u00bfA qui\u00e9n va dirigido?<\/strong><\/p>\n<p>A personas que quieran mejorar sus habilidades comunicativas, trabajando m\u00e1s espec\u00edficamente los casos de personas que tienen a dar respuestas autom\u00e1ticas.<\/p>\n<p><strong>Objetivos:<\/strong><\/p>\n<p>Analizar el impacto de la respuesta autom\u00e1tica dentro del \u00e1mbito laboral y la importancia de la inteligencia emocional como habilidad fundamental para su gesti\u00f3n y mejora.<br \/>\n&#8211; Identificar las principales causas de la respuesta autom\u00e1tica dentro del \u00e1mbito laboral, su impacto y los efectos de la actitud y la inteligencia emocional.<br \/>\n&#8211; Analizar la influencia de la actitud en la respuesta autom\u00e1tica dentro del \u00e1mbito laboral, desde las personales como potencial para una r\u00e1pida respuesta resolutiva y optimista.<br \/>\n&#8211; Determinar la importancia de inteligencia emocional y sus habilidades dentro del \u00e1mbito laboral como \u00e1reas de gran influencia en la respuesta autom\u00e1tica de las personas.<br \/>\n&#8211; Analizar las habilidades necesarias para el logro de una respuesta adecuada y adaptada, desde la comunicaci\u00f3n, la escucha y la empat\u00eda hasta la motivaci\u00f3n y el bienestar personal.<\/p>\n<p><strong>\u00bfPara qu\u00e9 te capacita?<\/strong><\/p>\n<p>Para conocer las t\u00e9cnicas que pueden utilizarse para mejorar las habilidades comunicativas, y m\u00e1s concretamente analizar las causas de la respuesta autom\u00e1tica dentro del \u00e1mbito laboral y personal.<\/p>\n<p><strong>Otros datos de inter\u00e9s<\/strong><\/p>\n<p>&#8211; Conseguir un buen ambiente laboral es esencial para tener un equipo de trabajo motivado y que se implica para lograr las metas de la empresa, para conseguirlo es fundamental que exista una buena relaci\u00f3n entre los compa\u00f1eros de trabajo. Por tanto, este curso tambi\u00e9n te ayudar\u00e1 a:<br \/>\n&#8211; Desarrollar habilidades para conseguir dar respuestas adaptadas.<br \/>\n&#8211; Conocer las habilidades para el logro de una respuesta adecuada y adaptada.<br \/>\n&#8211; Saber c\u00f3mo influye la actitud en las respuestas autom\u00e1ticas.<br \/>\n&#8211; Desarrollar la inteligencia emocional como t\u00e9cnica para mejorar las respuestas autom\u00e1ticas.<br \/>\n&#8211; El contenido se presenta en base a situaciones que se producen en la vida diaria, a las que hay que enfrentarse y solucionar, por lo que se puede ver la aplicaci\u00f3n pr\u00e1ctica del contenido.<br \/>\n&#8211; Se presentan recursos muy atractivos para el alumnado, en distintos formatos, como son simulaciones de situaciones reales, esquemas, infograf\u00edas\u2026<br \/>\n&#8211; Se narra el contenido mediante audios, pero pudiendo ver visualmente en pantalla en todo momento de lo que se est\u00e1 hablando a trav\u00e9s de esquemas, infograf\u00edas, mapas conceptuales u otros recursos.<br \/>\n&#8211; Se definen t\u00e9rminos espec\u00edficos relacionados con la tem\u00e1tica.<br \/>\n&#8211; Se incluyen distintos recursos complementarios para poder profundizar en el contenido y actividades para ponerlo en pr\u00e1ctica.<br \/>\n&#8211; Se incluyen preguntas de autoevaluaci\u00f3n que ayudar\u00e1n a aumentar la compresi\u00f3n del texto y facilitar su asimilaci\u00f3n.<\/p>\n","protected":false},"excerpt":{"rendered":"<p>Modalidad: On Line Duraci\u00f3n: 30 horas. Objetivos: Analizar el impacto de la respuesta autom\u00e1tica dentro del \u00e1mbito laboral y la importancia de la inteligencia emocional como habilidad fundamental para su gesti\u00f3n y mejora. &#8211; Identificar las principales causas de la respuesta autom\u00e1tica dentro del \u00e1mbito&hellip;<\/p>\n","protected":false},"featured_media":1813,"comment_status":"open","ping_status":"closed","template":"","meta":[],"product_cat":[49],"product_tag":[81,83,82],"class_list":{"0":"post-1796","1":"product","2":"type-product","3":"status-publish","4":"has-post-thumbnail","6":"product_cat-administracion-y-gestion","7":"product_tag-actitudes","8":"product_tag-curso","9":"product_tag-emociones-y-respuesta-automatica-en-el-ambito-laboral","11":"first","12":"instock","13":"sale","14":"taxable","15":"shipping-taxable","16":"purchasable","17":"product-type-simple"},"_links":{"self":[{"href":"https:\/\/tienda.gevalia.es\/index.php?rest_route=\/wp\/v2\/product\/1796","targetHints":{"allow":["GET"]}}],"collection":[{"href":"https:\/\/tienda.gevalia.es\/index.php?rest_route=\/wp\/v2\/product"}],"about":[{"href":"https:\/\/tienda.gevalia.es\/index.php?rest_route=\/wp\/v2\/types\/product"}],"replies":[{"embeddable":true,"href":"https:\/\/tienda.gevalia.es\/index.php?rest_route=%2Fwp%2Fv2%2Fcomments&post=1796"}],"wp:featuredmedia":[{"embeddable":true,"href":"https:\/\/tienda.gevalia.es\/index.php?rest_route=\/wp\/v2\/media\/1813"}],"wp:attachment":[{"href":"https:\/\/tienda.gevalia.es\/index.php?rest_route=%2Fwp%2Fv2%2Fmedia&parent=1796"}],"wp:term":[{"taxonomy":"product_cat","embeddable":true,"href":"https:\/\/tienda.gevalia.es\/index.php?rest_route=%2Fwp%2Fv2%2Fproduct_cat&post=1796"},{"taxonomy":"product_tag","embeddable":true,"href":"https:\/\/tienda.gevalia.es\/index.php?rest_route=%2Fwp%2Fv2%2Fproduct_tag&post=1796"}],"curies":[{"name":"wp","href":"https:\/\/api.w.org\/{rel}","templated":true}]}}