{"id":1816,"date":"2022-08-17T12:45:37","date_gmt":"2022-08-17T12:45:37","guid":{"rendered":"https:\/\/tienda.gevalia.es\/?post_type=product&#038;p=1816"},"modified":"2022-08-23T10:51:35","modified_gmt":"2022-08-23T10:51:35","slug":"atencion-al-cliente-en-el-proceso-comercial","status":"publish","type":"product","link":"https:\/\/tienda.gevalia.es\/?product=atencion-al-cliente-en-el-proceso-comercial","title":{"rendered":"Atenci\u00f3n al cliente en el proceso comercial."},"content":{"rendered":"<p>Modalidad: On Line<br \/>\nDuraci\u00f3n: 40 horas<\/p>\n<p><strong>Objetivos.<\/strong><\/p>\n<p>&#8211; Aplicar las t\u00e9cnicas de comunicaci\u00f3n comercial en las operaciones de compraventa, a trav\u00e9s de los diferentes canales de comercializaci\u00f3n, atendiendo a criterios de calidad de servicio de atenci\u00f3n al cliente.<br \/>\n&#8211; Efectuar los procesos de recogida, canalizaci\u00f3n y\/o resoluci\u00f3n de reclamaciones, y seguimiento de clientes en los servicios postventa.<\/p>\n","protected":false},"excerpt":{"rendered":"<p>Modalidad: On Line Duraci\u00f3n: 40 horas Objetivos. &#8211; Aplicar las t\u00e9cnicas de comunicaci\u00f3n comercial en las operaciones de compraventa, a trav\u00e9s de los diferentes canales de comercializaci\u00f3n, atendiendo a criterios de calidad de servicio de atenci\u00f3n al cliente. &#8211; Efectuar los procesos de recogida, canalizaci\u00f3n&hellip;<\/p>\n","protected":false},"featured_media":2057,"comment_status":"closed","ping_status":"closed","template":"","meta":[],"product_cat":[49],"product_tag":[],"class_list":{"0":"post-1816","1":"product","2":"type-product","3":"status-publish","4":"has-post-thumbnail","6":"product_cat-administracion-y-gestion","8":"first","9":"instock","10":"sale","11":"taxable","12":"shipping-taxable","13":"purchasable","14":"product-type-simple"},"_links":{"self":[{"href":"https:\/\/tienda.gevalia.es\/index.php?rest_route=\/wp\/v2\/product\/1816","targetHints":{"allow":["GET"]}}],"collection":[{"href":"https:\/\/tienda.gevalia.es\/index.php?rest_route=\/wp\/v2\/product"}],"about":[{"href":"https:\/\/tienda.gevalia.es\/index.php?rest_route=\/wp\/v2\/types\/product"}],"replies":[{"embeddable":true,"href":"https:\/\/tienda.gevalia.es\/index.php?rest_route=%2Fwp%2Fv2%2Fcomments&post=1816"}],"wp:featuredmedia":[{"embeddable":true,"href":"https:\/\/tienda.gevalia.es\/index.php?rest_route=\/wp\/v2\/media\/2057"}],"wp:attachment":[{"href":"https:\/\/tienda.gevalia.es\/index.php?rest_route=%2Fwp%2Fv2%2Fmedia&parent=1816"}],"wp:term":[{"taxonomy":"product_cat","embeddable":true,"href":"https:\/\/tienda.gevalia.es\/index.php?rest_route=%2Fwp%2Fv2%2Fproduct_cat&post=1816"},{"taxonomy":"product_tag","embeddable":true,"href":"https:\/\/tienda.gevalia.es\/index.php?rest_route=%2Fwp%2Fv2%2Fproduct_tag&post=1816"}],"curies":[{"name":"wp","href":"https:\/\/api.w.org\/{rel}","templated":true}]}}