{"id":1817,"date":"2022-08-17T12:45:37","date_gmt":"2022-08-17T12:45:37","guid":{"rendered":"https:\/\/tienda.gevalia.es\/?post_type=product&#038;p=1817"},"modified":"2022-08-23T12:13:15","modified_gmt":"2022-08-23T12:13:15","slug":"automotivacion","status":"publish","type":"product","link":"https:\/\/tienda.gevalia.es\/?product=automotivacion","title":{"rendered":"Automotivaci\u00f3n."},"content":{"rendered":"<p>Modalidad: On Line<br \/>\nDuraci\u00f3n: 30 horas<\/p>\n<h3 class=\"fusion-responsive-typography-calculated\" data-fontsize=\"22\" data-lineheight=\"35.2px\">Objetivos<\/h3>\n<p>Mejorar el conocimiento propio mediante los mecanismos y las t\u00e9cnicas de automotivaci\u00f3n.<br \/>\n&#8211; Conocer el concepto de motivaci\u00f3n y los elementos que intervienen en ella.<br \/>\n&#8211; Descubrir la relaci\u00f3n de la motivaci\u00f3n con otros procesos.<br \/>\n&#8211; Identificar la relaci\u00f3n entre el bienestar de las personas y el grado de autoconocimiento de las mismas.<br \/>\n&#8211; Descubrir la capacidad de la automotivaci\u00f3n en tu trabajo.<\/p>\n<h3 class=\"fusion-responsive-typography-calculated\" data-fontsize=\"22\" data-lineheight=\"35.2px\">Contenido Formativo<\/h3>\n<p><strong>\u00bfQu\u00e9 son la motivaci\u00f3n y la automotivaci\u00f3n?<\/strong><br \/>\nConcepto de motivaci\u00f3n.<br \/>\nCiclo de la motivaci\u00f3n.<br \/>\nAprendizaje de la motivaci\u00f3n.<br \/>\nNecesidades: pir\u00e1mide de Maslow.<br \/>\nTipos de motivaci\u00f3n: la automotivaci\u00f3n.<\/p>\n<p><strong>Automotivaci\u00f3n y otros procesos<\/strong><br \/>\nAutomotivaci\u00f3n, satisfacci\u00f3n, rendimiento.<br \/>\nAutomotivaci\u00f3n y voluntad.<br \/>\nInteligencia emocional: habilidades.<br \/>\nProceso de cambio.<br \/>\nLa desmotivaci\u00f3n.<\/p>\n<p><strong>El camino de la automotivaci\u00f3n<\/strong><br \/>\nAutomotivaci\u00f3n y bienestar.<br \/>\nElaborar un guion de vida.<br \/>\nPasar a la acci\u00f3n.<br \/>\nFormarse.<br \/>\nLos 7 h\u00e1bitos de Covey.<br \/>\nMarcar unos objetivos.<\/p>\n<p><strong>Automotivaci\u00f3n en el trabajo<\/strong><br \/>\nLos beneficios de la automotivaci\u00f3n.<br \/>\nFactores que influyen en la automotivaci\u00f3n laboral.<br \/>\nLas organizaciones y el entorno de trabajo.<br \/>\nIncrementar la automotivaci\u00f3n laboral.<br \/>\nDesmotivaci\u00f3n laboral.<br \/>\nIntroducci\u00f3n a la PNL.<\/p>\n<h3 class=\"fusion-responsive-typography-calculated\" data-fontsize=\"22\" data-lineheight=\"35.2px\">\u00bfA qui\u00e9n va dirigido?<\/h3>\n<p>A todas aquellas personas que quieran aprender a mejorar su grado de motivaci\u00f3n o ayudar a otros a motivarse.<\/p>\n<h3 class=\"fusion-responsive-typography-calculated\" data-fontsize=\"22\" data-lineheight=\"35.2px\">\u00bfPara qu\u00e9 te capacita?<\/h3>\n<p>Para aprender a utilizar los mecanismos que permiten aumentar la motivaci\u00f3n personal, contribuyendo al desarrollo profesional y al reconocimiento de los factores que desmotivan en el trabajo.<\/p>\n<h3 class=\"fusion-responsive-typography-calculated\" data-fontsize=\"22\" data-lineheight=\"35.2px\">Otros datos de inter\u00e9s<\/h3>\n<p>&#8211; La automotivaci\u00f3n conlleva el desarrollo de otras capacidades. Por lo tanto, este curso tambi\u00e9n te ayudar\u00e1 a:<\/p>\n<ul>\n<li>Comprender mejor las emociones y los sentimientos.<\/li>\n<li>Desarrollar una actitud proactiva.<\/li>\n<li>Comprender que el establecimiento de objetivos afecta a la motivaci\u00f3n de las personas que trabajan en una organizaci\u00f3n.<\/li>\n<li>Utilizar de forma \u00f3ptima los incentivos econ\u00f3micos para motivar.<\/li>\n<li>Reconocer la importancia de delegar tareas.<\/li>\n<\/ul>\n<p>&#8211; El contenido se presenta en base a situaciones que se producen en la vida diaria, a las que hay que enfrentarse y solucionar, por lo que se puede ver la aplicaci\u00f3n pr\u00e1ctica del contenido.<br \/>\n&#8211; Se presentan recursos muy atractivos para el alumnado, en distintos formatos, como son simulaciones de situaciones reales, esquemas, infograf\u00edas\u2026<br \/>\n&#8211; Se narra el contenido mediante audios, pero pudiendo ver visualmente en pantalla en todo momento de lo que se est\u00e1 hablando a trav\u00e9s de esquemas, infograf\u00edas, mapas conceptuales u otros recursos.<br \/>\n&#8211; Se definen t\u00e9rminos espec\u00edficos relacionados con la tem\u00e1tica.<br \/>\n&#8211; Se incluyen distintos recursos complementarios para poder profundizar en el contenido y actividades para ponerlo en pr\u00e1ctica.<br \/>\n&#8211; Se incluyen preguntas de autoevaluaci\u00f3n que ayudar\u00e1n a aumentar la compresi\u00f3n del texto y facilitar su asimilaci\u00f3n.<\/p>\n<p>&nbsp;<\/p>\n<h3 class=\"fusion-responsive-typography-calculated\" data-fontsize=\"22\" data-lineheight=\"35.2px\"><\/h3>\n","protected":false},"excerpt":{"rendered":"<p>Modalidad: On Line Duraci\u00f3n: 30 horas Objetivos Mejorar el conocimiento propio mediante los mecanismos y las t\u00e9cnicas de automotivaci\u00f3n. &#8211; Conocer el concepto de motivaci\u00f3n y los elementos que intervienen en ella. &#8211; Descubrir la relaci\u00f3n de la motivaci\u00f3n con otros procesos. &#8211; Identificar la&hellip;<\/p>\n","protected":false},"featured_media":2059,"comment_status":"closed","ping_status":"closed","template":"","meta":[],"product_cat":[49],"product_tag":[],"class_list":{"0":"post-1817","1":"product","2":"type-product","3":"status-publish","4":"has-post-thumbnail","6":"product_cat-administracion-y-gestion","8":"first","9":"instock","10":"sale","11":"taxable","12":"shipping-taxable","13":"purchasable","14":"product-type-simple"},"_links":{"self":[{"href":"https:\/\/tienda.gevalia.es\/index.php?rest_route=\/wp\/v2\/product\/1817","targetHints":{"allow":["GET"]}}],"collection":[{"href":"https:\/\/tienda.gevalia.es\/index.php?rest_route=\/wp\/v2\/product"}],"about":[{"href":"https:\/\/tienda.gevalia.es\/index.php?rest_route=\/wp\/v2\/types\/product"}],"replies":[{"embeddable":true,"href":"https:\/\/tienda.gevalia.es\/index.php?rest_route=%2Fwp%2Fv2%2Fcomments&post=1817"}],"wp:featuredmedia":[{"embeddable":true,"href":"https:\/\/tienda.gevalia.es\/index.php?rest_route=\/wp\/v2\/media\/2059"}],"wp:attachment":[{"href":"https:\/\/tienda.gevalia.es\/index.php?rest_route=%2Fwp%2Fv2%2Fmedia&parent=1817"}],"wp:term":[{"taxonomy":"product_cat","embeddable":true,"href":"https:\/\/tienda.gevalia.es\/index.php?rest_route=%2Fwp%2Fv2%2Fproduct_cat&post=1817"},{"taxonomy":"product_tag","embeddable":true,"href":"https:\/\/tienda.gevalia.es\/index.php?rest_route=%2Fwp%2Fv2%2Fproduct_tag&post=1817"}],"curies":[{"name":"wp","href":"https:\/\/api.w.org\/{rel}","templated":true}]}}