{"id":1818,"date":"2022-08-17T12:45:38","date_gmt":"2022-08-17T12:45:38","guid":{"rendered":"https:\/\/tienda.gevalia.es\/?post_type=product&#038;p=1818"},"modified":"2022-08-23T12:31:37","modified_gmt":"2022-08-23T12:31:37","slug":"coaching","status":"publish","type":"product","link":"https:\/\/tienda.gevalia.es\/?product=coaching","title":{"rendered":"Coaching."},"content":{"rendered":"<p>Modalidad: On Line<br \/>\nDuraci\u00f3n: 30 horas<\/p>\n<h3 class=\"fusion-responsive-typography-calculated\" data-fontsize=\"22\" data-lineheight=\"35.2px\">Objetivos<\/h3>\n<p>Aplicar el coaching para conseguir el desarrollo tanto a nivel personal como profesional.<br \/>\n&#8211; Conocer la filosof\u00eda y principales conceptos del coaching.<br \/>\n&#8211; Analizar un proceso de coaching.<br \/>\n&#8211; Formular objetivos desde una visi\u00f3n inteligente.<br \/>\n&#8211; Conocer las herramientas m\u00e1s relevantes del coaching.<\/p>\n<h3 class=\"fusion-responsive-typography-calculated\" data-fontsize=\"22\" data-lineheight=\"35.2px\">Contenido Formativo<\/h3>\n<p><strong>Introducci\u00f3n al coaching<\/strong><br \/>\n\u00bfQu\u00e9 es el coaching?<br \/>\nEl coach.<br \/>\nModelos y aplicaciones.<\/p>\n<p><strong>El proceso de coaching<\/strong><br \/>\nFases en el proceso de coaching.<br \/>\nNiveles neurol\u00f3gicos.<\/p>\n<p><strong>Establecimiento de objetivos<\/strong><br \/>\nVisi\u00f3n, misi\u00f3n y prop\u00f3sito.<br \/>\nModelo SMART.<\/p>\n<p><strong>Herramientas de coaching para el desarrollo personal y el \u00e9xito profesional<\/strong><br \/>\nGesti\u00f3n del tiempo.<br \/>\nRueda de la vida.<br \/>\nLas preguntas poderosas.<\/p>\n<h3 class=\"fusion-responsive-typography-calculated\" data-fontsize=\"22\" data-lineheight=\"35.2px\">\u00bfA qui\u00e9n va dirigido?<\/h3>\n<p>A todas aquellas personas que est\u00e9n interesadas en el proceso de coaching como medio para alcanzar los objetivos perseguidos en diferentes \u00e1mbitos.<\/p>\n<h3 class=\"fusion-responsive-typography-calculated\" data-fontsize=\"22\" data-lineheight=\"35.2px\">\u00bfPara qu\u00e9 te capacita?<\/h3>\n<p>Para conocer y aplicar las estrategias, t\u00e9cnicas, m\u00e9todos y habilidades necesarias en este proceso de acompa\u00f1amiento que es el coaching, consiguiendo as\u00ed que las personas superen situaciones de estr\u00e9s y bloqueo y puedan seguir avanzando hacia el logro de sus objetivos.<\/p>\n<h3 class=\"fusion-responsive-typography-calculated\" data-fontsize=\"22\" data-lineheight=\"35.2px\">Otros datos de inter\u00e9s<\/h3>\n<p>&#8211; El coaching facilita el cambio, el logro de objetivos y sue\u00f1os.<br \/>\n&#8211; El coaching aporta herramientas para identificar y establecer los objetivos a alcanzar.<br \/>\n&#8211; El proceso de coaching ayuda a clarificar y entender la situaci\u00f3n actual, la satisfacci\u00f3n personal con cada aspecto e identificar las necesidades presentes.<br \/>\n&#8211; El proceso de coaching se puede aplicar a diferentes \u00e1mbitos, tanto personal como profesional, as\u00ed como a nivel individual o grupal.<br \/>\n&#8211; El contenido presentado ayuda a entender claramente el proceso de coaching, diferenci\u00e1ndolo de otras terapias y relaciones de ayuda con las que se tiende a confundir.<br \/>\n&#8211; El contenido se presenta en base a situaciones que se producen en la vida diaria, a las que hay que enfrentarse y solucionar, por lo que se puede ver la aplicaci\u00f3n pr\u00e1ctica del contenido.<br \/>\n&#8211; Se presentan recursos muy atractivos para el alumnado, en distintos formatos, como son simulaciones de situaciones reales, esquemas, infograf\u00edas\u2026<br \/>\n&#8211; Se narra el contenido mediante audios, pero pudiendo ver visualmente en pantalla en todo momento de lo que se est\u00e1 hablando a trav\u00e9s de esquemas, infograf\u00edas, mapas conceptuales u otros recursos.<br \/>\n&#8211; Se definen t\u00e9rminos espec\u00edficos relacionados con la tem\u00e1tica.<br \/>\n&#8211; Se incluyen distintos recursos complementarios para poder profundizar en el contenido y actividades para ponerlo en pr\u00e1ctica.<br \/>\n&#8211; Se incluyen preguntas de autoevaluaci\u00f3n que ayudar\u00e1n a aumentar la compresi\u00f3n del texto y facilitar su asimilaci\u00f3n.<\/p>\n<p>&nbsp;<\/p>\n","protected":false},"excerpt":{"rendered":"<p>Modalidad: On Line Duraci\u00f3n: 30 horas Objetivos Aplicar el coaching para conseguir el desarrollo tanto a nivel personal como profesional. &#8211; Conocer la filosof\u00eda y principales conceptos del coaching. &#8211; Analizar un proceso de coaching. &#8211; Formular objetivos desde una visi\u00f3n inteligente. &#8211; Conocer las&hellip;<\/p>\n","protected":false},"featured_media":2061,"comment_status":"closed","ping_status":"closed","template":"","meta":[],"product_cat":[49],"product_tag":[],"class_list":{"0":"post-1818","1":"product","2":"type-product","3":"status-publish","4":"has-post-thumbnail","6":"product_cat-administracion-y-gestion","8":"first","9":"instock","10":"sale","11":"taxable","12":"shipping-taxable","13":"purchasable","14":"product-type-simple"},"_links":{"self":[{"href":"https:\/\/tienda.gevalia.es\/index.php?rest_route=\/wp\/v2\/product\/1818","targetHints":{"allow":["GET"]}}],"collection":[{"href":"https:\/\/tienda.gevalia.es\/index.php?rest_route=\/wp\/v2\/product"}],"about":[{"href":"https:\/\/tienda.gevalia.es\/index.php?rest_route=\/wp\/v2\/types\/product"}],"replies":[{"embeddable":true,"href":"https:\/\/tienda.gevalia.es\/index.php?rest_route=%2Fwp%2Fv2%2Fcomments&post=1818"}],"wp:featuredmedia":[{"embeddable":true,"href":"https:\/\/tienda.gevalia.es\/index.php?rest_route=\/wp\/v2\/media\/2061"}],"wp:attachment":[{"href":"https:\/\/tienda.gevalia.es\/index.php?rest_route=%2Fwp%2Fv2%2Fmedia&parent=1818"}],"wp:term":[{"taxonomy":"product_cat","embeddable":true,"href":"https:\/\/tienda.gevalia.es\/index.php?rest_route=%2Fwp%2Fv2%2Fproduct_cat&post=1818"},{"taxonomy":"product_tag","embeddable":true,"href":"https:\/\/tienda.gevalia.es\/index.php?rest_route=%2Fwp%2Fv2%2Fproduct_tag&post=1818"}],"curies":[{"name":"wp","href":"https:\/\/api.w.org\/{rel}","templated":true}]}}