{"id":1824,"date":"2022-08-17T12:45:39","date_gmt":"2022-08-17T12:45:39","guid":{"rendered":"https:\/\/tienda.gevalia.es\/?post_type=product&#038;p=1824"},"modified":"2022-08-24T11:10:13","modified_gmt":"2022-08-24T11:10:13","slug":"creacion-de-equipos-eficaces-y-eficientes","status":"publish","type":"product","link":"https:\/\/tienda.gevalia.es\/?product=creacion-de-equipos-eficaces-y-eficientes","title":{"rendered":"Creaci\u00f3n de equipos eficaces y eficientes."},"content":{"rendered":"<p>Modalidad: On Line<br \/>\nDuraci\u00f3n: 30 horas<\/p>\n<h3 class=\"fusion-responsive-typography-calculated\" data-fontsize=\"22\" data-lineheight=\"35.2px\">Objetivos<\/h3>\n<p>Aplicar los par\u00e1metros necesarios para la creaci\u00f3n de equipos y el desarrollo de habilidades y competencias b\u00e1sicas para lograr la eficiencia y la eficacia a trav\u00e9s de distintas herramientas.<br \/>\n&#8211; Analizar los aspectos relacionados con la creaci\u00f3n y el desarrollo de un equipo eficaz.<br \/>\n&#8211; Identificar las habilidades de equipo en relaci\u00f3n con el liderazgo, la comunicaci\u00f3n, la motivaci\u00f3n, las emociones y la resoluci\u00f3n de conflictos.<br \/>\n&#8211; Definir las competencias distintivas de los equipos eficaces y eficientes.<br \/>\n&#8211; Poner en pr\u00e1ctica las herramientas necesarias para la excelencia del equipo, tales como el DAFO, el plan de acci\u00f3n, las reuniones eficaces o la evaluaci\u00f3n de equipos.<\/p>\n<h3 class=\"fusion-responsive-typography-calculated\" data-fontsize=\"22\" data-lineheight=\"35.2px\">Contenido Formativo<\/h3>\n<p><strong>Creaci\u00f3n de equipo<\/strong><br \/>\nImportancia del equipo<br \/>\nCreaci\u00f3n de equipos<br \/>\nCaracter\u00edsticas de equipos eficaces<br \/>\nResumen<\/p>\n<p><strong>Habilidades de equipo<\/strong><br \/>\nLiderazgo<br \/>\nComunicaci\u00f3n y feedback<br \/>\nMotivaci\u00f3n<br \/>\nInteligencia emocional<br \/>\nResoluci\u00f3n de conflictos<br \/>\nResumen<\/p>\n<p><strong>Competencias para la eficacia y eficiencia<\/strong><br \/>\nExcelencia con el cliente<br \/>\nOrientaci\u00f3n a los resultados<br \/>\nCompromiso e iniciativa<br \/>\nAlto rendimiento<br \/>\nResumen<\/p>\n<p><strong>Habilidades para la respuesta adaptada<\/strong><br \/>\nDAFO<br \/>\nPlan de acci\u00f3n o mejora<br \/>\nEvaluaci\u00f3n y supervisi\u00f3n<br \/>\nReuniones eficaces<br \/>\nResumen<\/p>\n<h3 class=\"fusion-responsive-typography-calculated\" data-fontsize=\"22\" data-lineheight=\"35.2px\">\u00bfA qui\u00e9n va dirigido?<\/h3>\n<p>A aquellas personas que necesiten aprender a colaborar, comunicar y crear un clima de trabajo que invite a la innovaci\u00f3n, al logro de metas y a una mejora toma de decisiones.<\/p>\n<h3 class=\"fusion-responsive-typography-calculated\" data-fontsize=\"22\" data-lineheight=\"35.2px\">\u00bfPara qu\u00e9 te capacita?<\/h3>\n<p>Para aprender a reconocer los elementos cr\u00edticos del proceso de grupo y manejar las t\u00e9cnicas y habilidades necesarias para lograr la eficacia en cada uno de ellos.<\/p>\n<h3 class=\"fusion-responsive-typography-calculated\" data-fontsize=\"22\" data-lineheight=\"35.2px\">Otros datos de inter\u00e9s<\/h3>\n<p>~~- Cuando un equipo es eficaz, se producen sinergias, en las cuales la creatividad del grupo alimenta la creatividad individual. Por lo tanto, este curso tambi\u00e9n te ayudar\u00e1 a:<br \/>\n&#8211; Ense\u00f1ar a fijar objetivos y planificar de forma efectiva.<br \/>\n&#8211; Generar cohesi\u00f3n y entornos de trabajo basados en la confianza, el compromiso, el respeto y el aprendizaje.<br \/>\n&#8211; Potenciar las habilidades y herramientas del trabajo en equipo, as\u00ed como la motivaci\u00f3n y el compromiso entre sus miembros.<br \/>\n&#8211; El contenido se presenta en base a situaciones que se producen en la vida diaria, a las que hay que enfrentarse y solucionar, por lo que se puede ver la aplicaci\u00f3n pr\u00e1ctica del contenido.<br \/>\n&#8211; Se presentan recursos muy atractivos para el alumnado, en distintos formatos, como son simulaciones de situaciones reales, esquemas, infograf\u00edas\u2026<br \/>\n&#8211; Se narra el contenido mediante audios, pero pudiendo ver visualmente en pantalla en todo momento de lo que se est\u00e1 hablando a trav\u00e9s de esquemas, infograf\u00edas, mapas conceptuales u otros recursos.<br \/>\n&#8211; Se definen t\u00e9rminos espec\u00edficos relacionados con la tem\u00e1tica.<br \/>\n&#8211; Se incluyen distintos recursos complementarios para poder profundizar en el contenido y actividades para ponerlo en pr\u00e1ctica.<br \/>\n&#8211; Se incluyen preguntas de autoevaluaci\u00f3n que ayudar\u00e1n a aumentar la compresi\u00f3n del texto y facilitar su asimilaci\u00f3n.<\/p>\n<p>&nbsp;<\/p>\n","protected":false},"excerpt":{"rendered":"<p>Modalidad: On Line Duraci\u00f3n: 30 horas Objetivos Aplicar los par\u00e1metros necesarios para la creaci\u00f3n de equipos y el desarrollo de habilidades y competencias b\u00e1sicas para lograr la eficiencia y la eficacia a trav\u00e9s de distintas herramientas. &#8211; Analizar los aspectos relacionados con la creaci\u00f3n y&hellip;<\/p>\n","protected":false},"featured_media":2073,"comment_status":"closed","ping_status":"closed","template":"","meta":[],"product_cat":[49],"product_tag":[],"class_list":{"0":"post-1824","1":"product","2":"type-product","3":"status-publish","4":"has-post-thumbnail","6":"product_cat-administracion-y-gestion","8":"first","9":"instock","10":"sale","11":"taxable","12":"shipping-taxable","13":"purchasable","14":"product-type-simple"},"_links":{"self":[{"href":"https:\/\/tienda.gevalia.es\/index.php?rest_route=\/wp\/v2\/product\/1824","targetHints":{"allow":["GET"]}}],"collection":[{"href":"https:\/\/tienda.gevalia.es\/index.php?rest_route=\/wp\/v2\/product"}],"about":[{"href":"https:\/\/tienda.gevalia.es\/index.php?rest_route=\/wp\/v2\/types\/product"}],"replies":[{"embeddable":true,"href":"https:\/\/tienda.gevalia.es\/index.php?rest_route=%2Fwp%2Fv2%2Fcomments&post=1824"}],"wp:featuredmedia":[{"embeddable":true,"href":"https:\/\/tienda.gevalia.es\/index.php?rest_route=\/wp\/v2\/media\/2073"}],"wp:attachment":[{"href":"https:\/\/tienda.gevalia.es\/index.php?rest_route=%2Fwp%2Fv2%2Fmedia&parent=1824"}],"wp:term":[{"taxonomy":"product_cat","embeddable":true,"href":"https:\/\/tienda.gevalia.es\/index.php?rest_route=%2Fwp%2Fv2%2Fproduct_cat&post=1824"},{"taxonomy":"product_tag","embeddable":true,"href":"https:\/\/tienda.gevalia.es\/index.php?rest_route=%2Fwp%2Fv2%2Fproduct_tag&post=1824"}],"curies":[{"name":"wp","href":"https:\/\/api.w.org\/{rel}","templated":true}]}}