{"id":1825,"date":"2022-08-17T12:45:39","date_gmt":"2022-08-17T12:45:39","guid":{"rendered":"https:\/\/tienda.gevalia.es\/?post_type=product&#038;p=1825"},"modified":"2022-08-24T11:20:07","modified_gmt":"2022-08-24T11:20:07","slug":"desarrollo-de-equipos","status":"publish","type":"product","link":"https:\/\/tienda.gevalia.es\/?product=desarrollo-de-equipos","title":{"rendered":"Desarrollo de equipos."},"content":{"rendered":"<p>Modalidad: On Line<br \/>\nDuraci\u00f3n: 30 horas<\/p>\n<h3 class=\"fusion-responsive-typography-calculated\" data-fontsize=\"22\" data-lineheight=\"35.2px\">Objetivos<\/h3>\n<p>Emplear las estrategias, m\u00e9todos y habilidades necesarias para lograr el desarrollo de un equipo eficaz y de alto rendimiento.<br \/>\n&#8211; Comprender el proceso de creaci\u00f3n de un equipo, as\u00ed como su desarrollo y los roles desempe\u00f1ados por sus miembros.<br \/>\n&#8211; Aplicar diferentes estrategias y habilidades para una adecuada gesti\u00f3n del tiempo.<br \/>\n&#8211; Aplicar estrategias para el desarrollo de la motivaci\u00f3n en un equipo, evitando a su vez, los factores que la limitan.<\/p>\n<h3 class=\"fusion-responsive-typography-calculated\" data-fontsize=\"22\" data-lineheight=\"35.2px\">Contenido Formativo<\/h3>\n<p><strong>Establecimiento de equipos<\/strong><br \/>\n\u00bfQu\u00e9 es un equipo?<br \/>\nFases de un equipo: conformaci\u00f3n y desarrollo.<br \/>\nDesarrollo del equipo.<br \/>\nRoles del equipo.<br \/>\nCaracter\u00edsticas de un equipo eficaz.<br \/>\nBeneficios que aporta un equipo.<\/p>\n<p><strong>Gesti\u00f3n del tiempo de un equipo<\/strong><br \/>\nEl valor del tiempo.<br \/>\nOrganizaci\u00f3n.<br \/>\nEstrategias para la gesti\u00f3n de equipos.<br \/>\nDelegaci\u00f3n de tareas.<br \/>\nPlazos de entrega.<\/p>\n<p><strong>Motivaci\u00f3n del equipo<\/strong><br \/>\nBarreras que debe superar un equipo.<br \/>\nConsolidaci\u00f3n del equipo.<br \/>\nToma de decisiones grupales.<br \/>\nAutorrealizaci\u00f3n.<\/p>\n<h3 class=\"fusion-responsive-typography-calculated\" data-fontsize=\"22\" data-lineheight=\"35.2px\">\u00bfA qui\u00e9n va dirigido?<\/h3>\n<p>A\u00a0todas aquellas personas que quieran desarrollar eficazmente un equipo de trabajo y convertirlo en un equipo de alto rendimiento.<\/p>\n<h3 class=\"fusion-responsive-typography-calculated\" data-fontsize=\"22\" data-lineheight=\"35.2px\">\u00bfPara qu\u00e9 te capacita?<\/h3>\n<p>Para conocer y aplicar las estrategias, m\u00e9todos y habilidades necesarias para lograr el desarrollo de un equipo eficaz y de alto rendimiento.<\/p>\n<h3 class=\"fusion-responsive-typography-calculated\" data-fontsize=\"22\" data-lineheight=\"35.2px\">Otros datos de inter\u00e9s<\/h3>\n<p>&#8211; El desarrollo del equipo de forma eficaz implica tambi\u00e9n el desarrollo de otras capacidades. Por lo tanto, este curso tambi\u00e9n te ayudar\u00e1 a:<\/p>\n<ul>\n<li>Conocer los diferentes roles y funciones dentro de un equipo.<\/li>\n<li>Desarrollar las habilidades necesarias para una adecuada gesti\u00f3n del tiempo.<\/li>\n<li>Desarrollar la motivaci\u00f3n en el equipo mediante el uso de estrategias adecuadas.<\/li>\n<li>Delegar tareas dentro del equipo, bas\u00e1ndose en la confianza y la comunicaci\u00f3n, factores clave en la gesti\u00f3n de un equipo.<\/li>\n<li>Planificar la distribuci\u00f3n de tareas, as\u00ed como la calendarizaci\u00f3n, que permiten el desarrollo del trabajo de forma eficiente.<\/li>\n<li>Superar las posibles barreras que surjan dentro de un equipo.<\/li>\n<li>Afrontar la toma de decisiones dentro del equipo.<\/li>\n<li>Alcanzar la autorrealizaci\u00f3n.<\/li>\n<\/ul>\n<p>&#8211; El contenido se presenta en base a situaciones que se producen en la vida diaria, a las que hay que enfrentarse y solucionar, por lo que se puede ver la aplicaci\u00f3n pr\u00e1ctica del contenido.<br \/>\n&#8211; Se presentan recursos muy atractivos para el alumnado, en distintos formatos, como son simulaciones de situaciones reales, esquemas, infograf\u00edas\u2026<br \/>\n&#8211; Se narra el contenido mediante audios, pero pudiendo ver visualmente en pantalla en todo momento de lo que se est\u00e1 hablando a trav\u00e9s de esquemas, infograf\u00edas, mapas conceptuales u otros recursos.<br \/>\n&#8211; Se definen t\u00e9rminos espec\u00edficos relacionados con la tem\u00e1tica.<br \/>\n&#8211; Se incluyen distintos recursos complementarios para poder profundizar en el contenido y actividades para ponerlo en pr\u00e1ctica.<br \/>\n&#8211; Se incluyen preguntas de autoevaluaci\u00f3n que ayudar\u00e1n a aumentar la compresi\u00f3n del texto y facilitar su asimilaci\u00f3n.<\/p>\n","protected":false},"excerpt":{"rendered":"<p>Modalidad: On Line Duraci\u00f3n: 30 horas Objetivos Emplear las estrategias, m\u00e9todos y habilidades necesarias para lograr el desarrollo de un equipo eficaz y de alto rendimiento. &#8211; Comprender el proceso de creaci\u00f3n de un equipo, as\u00ed como su desarrollo y los roles desempe\u00f1ados por sus&hellip;<\/p>\n","protected":false},"featured_media":2075,"comment_status":"closed","ping_status":"closed","template":"","meta":[],"product_cat":[49],"product_tag":[],"class_list":{"0":"post-1825","1":"product","2":"type-product","3":"status-publish","4":"has-post-thumbnail","6":"product_cat-administracion-y-gestion","8":"first","9":"instock","10":"sale","11":"taxable","12":"shipping-taxable","13":"purchasable","14":"product-type-simple"},"_links":{"self":[{"href":"https:\/\/tienda.gevalia.es\/index.php?rest_route=\/wp\/v2\/product\/1825","targetHints":{"allow":["GET"]}}],"collection":[{"href":"https:\/\/tienda.gevalia.es\/index.php?rest_route=\/wp\/v2\/product"}],"about":[{"href":"https:\/\/tienda.gevalia.es\/index.php?rest_route=\/wp\/v2\/types\/product"}],"replies":[{"embeddable":true,"href":"https:\/\/tienda.gevalia.es\/index.php?rest_route=%2Fwp%2Fv2%2Fcomments&post=1825"}],"wp:featuredmedia":[{"embeddable":true,"href":"https:\/\/tienda.gevalia.es\/index.php?rest_route=\/wp\/v2\/media\/2075"}],"wp:attachment":[{"href":"https:\/\/tienda.gevalia.es\/index.php?rest_route=%2Fwp%2Fv2%2Fmedia&parent=1825"}],"wp:term":[{"taxonomy":"product_cat","embeddable":true,"href":"https:\/\/tienda.gevalia.es\/index.php?rest_route=%2Fwp%2Fv2%2Fproduct_cat&post=1825"},{"taxonomy":"product_tag","embeddable":true,"href":"https:\/\/tienda.gevalia.es\/index.php?rest_route=%2Fwp%2Fv2%2Fproduct_tag&post=1825"}],"curies":[{"name":"wp","href":"https:\/\/api.w.org\/{rel}","templated":true}]}}