{"id":1833,"date":"2022-08-17T12:45:41","date_gmt":"2022-08-17T12:45:41","guid":{"rendered":"https:\/\/tienda.gevalia.es\/?post_type=product&#038;p=1833"},"modified":"2022-09-15T12:37:19","modified_gmt":"2022-09-15T12:37:19","slug":"gestion-de-archivos","status":"publish","type":"product","link":"https:\/\/tienda.gevalia.es\/?product=gestion-de-archivos","title":{"rendered":"Gesti\u00f3n de archivos."},"content":{"rendered":"<p>Modalidad: On Line<br \/>\nDuraci\u00f3n: 60 Horas.<\/p>\n<h3 class=\"fusion-responsive-typography-calculated\" data-fontsize=\"22\" data-lineheight=\"35.2px\">Objetivos<\/h3>\n<p>&#8211; Identificar los componentes del equipamiento del sistema de archivos \u2013equipos inform\u00e1ticos, sistemas operativos, redes, elementos y contenedores de archivo.<br \/>\n&#8211; Utilizar las prestaciones de los sistemas operativos y de archivo de uso habitual en el \u00e1mbito organizacional, creando y manteniendo una estructura organizada y \u00fatil a los objetivos de archivo planteados consigui\u00e9ndose su optimizaci\u00f3n.<br \/>\n&#8211; Aplicar las t\u00e9cnicas de registro y archivo de la informaci\u00f3n, p\u00fablica y\/o privada, que faciliten el acceso, la seguridad y la confidencialidad de la documentaci\u00f3n en soporte papel.<br \/>\n&#8211; Ejecutar los procedimientos que garanticen la integridad, seguridad, disponibilidad y confidencialidad de la informaci\u00f3n.<br \/>\n&#8211; Utilizar las prestaciones b\u00e1sicas y asistentes de aplicaciones inform\u00e1ticas de bases de datos para la obtenci\u00f3n y presentaci\u00f3n de informaci\u00f3n, creando las consultas, informes y otros objetos personalizados en funci\u00f3n de unas necesidades propuestas.<\/p>\n<h3 class=\"fusion-responsive-typography-calculated\" data-fontsize=\"22\" data-lineheight=\"35.2px\">Contenido Formativo<\/h3>\n<p><strong>Gesti\u00f3n de archivos, p\u00fablicos y privados<\/strong><br \/>\nIntroducci\u00f3n<br \/>\nAplicaci\u00f3n de t\u00e9cnicas de archivo documental<br \/>\nProcedimientos de registro y posterior archivo<br \/>\nProcedimientos de acceso, B\u00fasqueda, consulta, recuperaci\u00f3n, actualizaci\u00f3n, conservaci\u00f3n y custodia de la informaci\u00f3n archivada<br \/>\nFunciones y caracter\u00edsticas de los sistemas operativos y de archivo<br \/>\nT\u00e9cnicas de protecci\u00f3n de accesos p\u00fablicos y privados, en archivos convencionales e inform\u00e1ticos<br \/>\nAplicaci\u00f3n de procedimientos de seguridad y confidencialidad de la informaci\u00f3n<br \/>\nResumen<\/p>\n<p><strong>Optimizaci\u00f3n b\u00e1sica de un sistema de archivo electr\u00f3nico<\/strong><br \/>\nIntroducci\u00f3n<br \/>\nEquipos inform\u00e1ticos: puesta en marcha, mantenimiento operativo y revisi\u00f3n peri\u00f3dica que eviten anomal\u00edas de funcionamiento<br \/>\nOptimizaci\u00f3n de sistemas operativos monousuario, multiusuario y en red<br \/>\nSistemas operativos en redes locales: configuraci\u00f3n b\u00e1sica de un sistema de red, actualizaci\u00f3n y acciones para compartir recursos<br \/>\nAplicaci\u00f3n de medidas de seguridad y confidencialidad del sistema operativo: programas de protecci\u00f3n (antivirus, firewire, antiespam, otros)<br \/>\nMedidas de conservaci\u00f3n e integridad de la informaci\u00f3n contenida en los archivos y salvaguarda de los derechos de autor<br \/>\nNormas vigentes en materia de protecci\u00f3n de datos y confidencialidad electr\u00f3nica<br \/>\nResumen<\/p>\n<p><strong>Gesti\u00f3n b\u00e1sica de informaci\u00f3n en sistemas gestores de bases de datos<\/strong><br \/>\nIntroducci\u00f3n<br \/>\nBases de datos<br \/>\nMantenimiento de informaci\u00f3n en aplicaciones de bases de datos: introducci\u00f3n, ordenaci\u00f3n, asistentes para formularios de introducci\u00f3n de la informaci\u00f3n y actualizaci\u00f3n de datos<br \/>\nB\u00fasquedas de informaci\u00f3n en aplicaciones de bases de datos<br \/>\nPresentaci\u00f3n de informaci\u00f3n en aplicaciones de bases de datos<br \/>\nInterrelaci\u00f3n con otras aplicaciones<br \/>\nAplicaci\u00f3n de normas vigentes de seguridad y confidencialidad en el manejo de datos<br \/>\nResumen<\/p>\n<h3 class=\"fusion-responsive-typography-calculated\" data-fontsize=\"22\" data-lineheight=\"35.2px\">\u00bfA qui\u00e9n va dirigido?<\/h3>\n<p>A empleados administrativos que vayan a realizar trabajos archiv\u00edsticos y de documentaci\u00f3n, o que desempe\u00f1en estas funciones y deseen aumentar su destreza y conocimientos.<\/p>\n<h3 class=\"fusion-responsive-typography-calculated\" data-fontsize=\"22\" data-lineheight=\"35.2px\">\u00bfPara qu\u00e9 te capacita?<\/h3>\n<p>Para manejar un sistema de archivos o base de datos y operar con la informaci\u00f3n contenida en ellos.<\/p>\n<h3 class=\"fusion-responsive-typography-calculated\" data-fontsize=\"22\" data-lineheight=\"35.2px\">Otros datos de inter\u00e9s<\/h3>\n<p>&#8211; Existen numerosos recursos, como fotograf\u00edas, esquemas, recuadros con definiciones o consejos, etc., que permiten una mayor comprensi\u00f3n del texto y una lectura m\u00e1s amena del mismo.<br \/>\n&#8211; En el curso se desarrollan diferentes ejercicios de tipo pr\u00e1ctico, explicados paso a paso.<br \/>\n&#8211; Se trata de un texto actualizado.<br \/>\n&#8211; Al final de cada cap\u00edtulo hay una serie de ejercicios que permiten la autoevaluaci\u00f3n.<\/p>\n<p>&nbsp;<\/p>\n<p>&nbsp;<\/p>\n<p>&nbsp;<\/p>\n","protected":false},"excerpt":{"rendered":"<p>Modalidad: On Line Duraci\u00f3n: 60 Horas. Objetivos &#8211; Identificar los componentes del equipamiento del sistema de archivos \u2013equipos inform\u00e1ticos, sistemas operativos, redes, elementos y contenedores de archivo. &#8211; Utilizar las prestaciones de los sistemas operativos y de archivo de uso habitual en el \u00e1mbito organizacional,&hellip;<\/p>\n","protected":false},"featured_media":2200,"comment_status":"closed","ping_status":"closed","template":"","meta":[],"product_cat":[49],"product_tag":[],"class_list":{"0":"post-1833","1":"product","2":"type-product","3":"status-publish","4":"has-post-thumbnail","6":"product_cat-administracion-y-gestion","8":"first","9":"instock","10":"sale","11":"taxable","12":"shipping-taxable","13":"purchasable","14":"product-type-simple"},"_links":{"self":[{"href":"https:\/\/tienda.gevalia.es\/index.php?rest_route=\/wp\/v2\/product\/1833","targetHints":{"allow":["GET"]}}],"collection":[{"href":"https:\/\/tienda.gevalia.es\/index.php?rest_route=\/wp\/v2\/product"}],"about":[{"href":"https:\/\/tienda.gevalia.es\/index.php?rest_route=\/wp\/v2\/types\/product"}],"replies":[{"embeddable":true,"href":"https:\/\/tienda.gevalia.es\/index.php?rest_route=%2Fwp%2Fv2%2Fcomments&post=1833"}],"wp:featuredmedia":[{"embeddable":true,"href":"https:\/\/tienda.gevalia.es\/index.php?rest_route=\/wp\/v2\/media\/2200"}],"wp:attachment":[{"href":"https:\/\/tienda.gevalia.es\/index.php?rest_route=%2Fwp%2Fv2%2Fmedia&parent=1833"}],"wp:term":[{"taxonomy":"product_cat","embeddable":true,"href":"https:\/\/tienda.gevalia.es\/index.php?rest_route=%2Fwp%2Fv2%2Fproduct_cat&post=1833"},{"taxonomy":"product_tag","embeddable":true,"href":"https:\/\/tienda.gevalia.es\/index.php?rest_route=%2Fwp%2Fv2%2Fproduct_tag&post=1833"}],"curies":[{"name":"wp","href":"https:\/\/api.w.org\/{rel}","templated":true}]}}