{"id":1840,"date":"2022-08-17T12:45:42","date_gmt":"2022-08-17T12:45:42","guid":{"rendered":"https:\/\/tienda.gevalia.es\/?post_type=product&#038;p=1840"},"modified":"2022-08-24T17:35:51","modified_gmt":"2022-08-24T17:35:51","slug":"herramientas-de-productividad-para-el-teletrabajo","status":"publish","type":"product","link":"https:\/\/tienda.gevalia.es\/?product=herramientas-de-productividad-para-el-teletrabajo","title":{"rendered":"Herramientas de productividad para el teletrabajo."},"content":{"rendered":"<p>Modalidad: On Line<br \/>\nDuraci\u00f3n: 10 Horas<\/p>\n<h3 class=\"fusion-responsive-typography-calculated\" data-fontsize=\"22\" data-lineheight=\"35.2px\">Objetivos<\/h3>\n<ul>\n<li>Configurar tu puesto de trabajo remoto.<\/li>\n<li>Garantizar el acceso a las principales herramientas de trabajo desde fuera de la oficina, como el tel\u00e9fono, el correo electr\u00f3nico o el propio ordenador de sobremesa.<\/li>\n<li>Conocer herramientas que permitan gestionar proyectos colaborativos y realizar su seguimiento de manera deslocalizada.<\/li>\n<li>Encontrar herramientas de comunicaci\u00f3n pensadas para el trabajo en equipo con car\u00e1cter no presencial.<\/li>\n<li>Descubrir herramientas para trabajar, almacenar y enviar archivos a trav\u00e9s de internet.<\/li>\n<\/ul>\n<h3 class=\"fusion-responsive-typography-calculated\" data-fontsize=\"22\" data-lineheight=\"35.2px\">Contenido Formativo<\/h3>\n<p><strong>Del entorno f\u00edsico al entorno virtual<\/strong><br \/>\nLas herramientas de tu entorno de trabajo.<br \/>\nDefinir las necesidades de tu puesto de trabajo.<br \/>\nPlanificar por adelantado y buscar las herramientas que cubran las nuevas necesidades de tu puesto de trabajo remoto.<br \/>\nLa importancia de la seguridad y la protecci\u00f3n de datos.<br \/>\nLa necesidad de marcar l\u00edmites entre la actividad profesional y la vida privada.<\/p>\n<p><strong>Acceder a tu ordenador de la oficina desde tu ordenador personal<\/strong><br \/>\nDesv\u00edo de llamadas telef\u00f3nicas y del correo electr\u00f3nico.<br \/>\nEl escritorio remoto:\u00a0<em>AnyDesk<\/em>\u00a0y\u00a0<em>TeamViewer.<\/em><\/p>\n<p><strong>Planificaci\u00f3n del tiempo: calendarios y gestores de tareas<\/strong><br \/>\nCalendarios de\u00a0<em>Google.<\/em><br \/>\nC\u00f3mputo de horas de trabajo.<br \/>\nLista de tareas, gestor de proyectos y CRM.<\/p>\n<p><strong>Comunicaci\u00f3n con tu equipo: herramientas de chat colaborativo y de reuniones virtuales<\/strong><br \/>\nTrabajo colaborativo con\u00a0<em>Slack.<\/em><br \/>\nHerramientas de videoconferencia.<\/p>\n<p><strong>Trabajar en la nube<\/strong><br \/>\nHerramientas de\u00a0<em>Google Drive.<\/em><br \/>\nOtras herramientas para alojar y compartir archivos.<\/p>\n<h3 class=\"fusion-responsive-typography-calculated\" data-fontsize=\"22\" data-lineheight=\"35.2px\">\u00bfA qui\u00e9n va dirigido?<\/h3>\n<p>A todos aquellos usuarios que necesiten conocer las herramientas de producci\u00f3n que pueden usar en el teletrabajo.<\/p>\n<h3 class=\"fusion-responsive-typography-calculated\" data-fontsize=\"22\" data-lineheight=\"35.2px\">\u00bfPara qu\u00e9 te capacita?<\/h3>\n<p>Este curso se propone servir de gu\u00eda para ayudar a entender c\u00f3mo transformar las actividades presenciales en actividades remotas. Lo primero ser\u00e1 definir las tareas espec\u00edficas de cada empresa o puesto de trabajo, para despu\u00e9s familiarizarse con algunas de las aplicaciones y herramientas m\u00e1s populares y \u00fatiles durante el teletrabajo.<\/p>\n<h3 class=\"fusion-responsive-typography-calculated\" data-fontsize=\"22\" data-lineheight=\"35.2px\">Otros datos de inter\u00e9s<\/h3>\n<ul>\n<li>Un contenido pr\u00e1ctico, que da impulso a conocer las herramientas que pueden ayudar a desarrollar el teletrabajo.<\/li>\n<li>Un material did\u00e1ctico que conduce al alumnado a utilizar herramientas que facilitan el teletrabajo.<\/li>\n<li>Contiene actividades colaborativas para investigar y poner en com\u00fan las respuestas entre el foro del curso.<\/li>\n<\/ul>\n","protected":false},"excerpt":{"rendered":"<p>Modalidad: On Line Duraci\u00f3n: 10 Horas Objetivos Configurar tu puesto de trabajo remoto. Garantizar el acceso a las principales herramientas de trabajo desde fuera de la oficina, como el tel\u00e9fono, el correo electr\u00f3nico o el propio ordenador de sobremesa. Conocer herramientas que permitan gestionar proyectos&hellip;<\/p>\n","protected":false},"featured_media":2105,"comment_status":"closed","ping_status":"closed","template":"","meta":[],"product_cat":[49],"product_tag":[],"class_list":{"0":"post-1840","1":"product","2":"type-product","3":"status-publish","4":"has-post-thumbnail","6":"product_cat-administracion-y-gestion","8":"first","9":"instock","10":"sale","11":"taxable","12":"shipping-taxable","13":"purchasable","14":"product-type-simple"},"_links":{"self":[{"href":"https:\/\/tienda.gevalia.es\/index.php?rest_route=\/wp\/v2\/product\/1840","targetHints":{"allow":["GET"]}}],"collection":[{"href":"https:\/\/tienda.gevalia.es\/index.php?rest_route=\/wp\/v2\/product"}],"about":[{"href":"https:\/\/tienda.gevalia.es\/index.php?rest_route=\/wp\/v2\/types\/product"}],"replies":[{"embeddable":true,"href":"https:\/\/tienda.gevalia.es\/index.php?rest_route=%2Fwp%2Fv2%2Fcomments&post=1840"}],"wp:featuredmedia":[{"embeddable":true,"href":"https:\/\/tienda.gevalia.es\/index.php?rest_route=\/wp\/v2\/media\/2105"}],"wp:attachment":[{"href":"https:\/\/tienda.gevalia.es\/index.php?rest_route=%2Fwp%2Fv2%2Fmedia&parent=1840"}],"wp:term":[{"taxonomy":"product_cat","embeddable":true,"href":"https:\/\/tienda.gevalia.es\/index.php?rest_route=%2Fwp%2Fv2%2Fproduct_cat&post=1840"},{"taxonomy":"product_tag","embeddable":true,"href":"https:\/\/tienda.gevalia.es\/index.php?rest_route=%2Fwp%2Fv2%2Fproduct_tag&post=1840"}],"curies":[{"name":"wp","href":"https:\/\/api.w.org\/{rel}","templated":true}]}}