{"id":1845,"date":"2022-08-17T12:45:49","date_gmt":"2022-08-17T12:45:49","guid":{"rendered":"https:\/\/tienda.gevalia.es\/?post_type=product&#038;p=1845"},"modified":"2022-08-24T18:13:29","modified_gmt":"2022-08-24T18:13:29","slug":"nuevas-formas-de-organizacion-del-trabajo","status":"publish","type":"product","link":"https:\/\/tienda.gevalia.es\/?product=nuevas-formas-de-organizacion-del-trabajo","title":{"rendered":"Nuevas formas de organizaci\u00f3n del trabajo."},"content":{"rendered":"<p>Modalidad: On Line<br \/>\nDuraci\u00f3n: 30 Horas.<\/p>\n<h3 class=\"fusion-responsive-typography-calculated\" data-fontsize=\"22\" data-lineheight=\"35.2px\">Objetivos<\/h3>\n<p>Desarrollar las habilidades y destrezas que permiten el desarrollo de la motivaci\u00f3n y la automotivaci\u00f3n, aplicando los mecanismos que influyen e intervienen en cada uno de los procesos.<br \/>\n&#8211; Analizar el proceso motivacional para una adecuada comprensi\u00f3n de c\u00f3mo motivar y motivarse a uno mismo, teniendo en cuenta las emociones y la propia voluntad.<br \/>\n&#8211; Identificar las distintas teor\u00edas relacionadas con la motivaci\u00f3n.<br \/>\n&#8211; Analizar los distintos tipos de motivaci\u00f3n y las habilidades necesarias para su aplicaci\u00f3n tanto en el \u00e1mbito laboral como personal.<\/p>\n<h3 class=\"fusion-responsive-typography-calculated\" data-fontsize=\"22\" data-lineheight=\"35.2px\">Contenido Formativo<\/h3>\n<p><strong>Introducci\u00f3n a la motivaci\u00f3n<\/strong><br \/>\n\u00bfQu\u00e9 es la motivaci\u00f3n?<br \/>\nMotivaci\u00f3n y voluntad.<br \/>\nMotivaci\u00f3n y emoci\u00f3n.<br \/>\nC\u00f3mo y para qu\u00e9 motivarse.<br \/>\nProceso motivacional.<\/p>\n<p><strong>Enfoques de la motivaci\u00f3n<\/strong><br \/>\nMotivaci\u00f3n por necesidades. Pir\u00e1mide de Maslow.<br \/>\nTeor\u00eda de Alderfer ERC.<br \/>\nTeor\u00eda de McClelland.<br \/>\nFijaci\u00f3n de Metas. Edwin Locke.<br \/>\nEnfoque Social. Bandura.<\/p>\n<p><strong>Tipos de motivaci\u00f3n<\/strong><br \/>\n\u00bfQu\u00e9 es lo que nos motiva?<br \/>\nMotivaci\u00f3n laboral.<br \/>\nMotivaci\u00f3n personal. Automotivaci\u00f3n.<\/p>\n<h3 class=\"fusion-responsive-typography-calculated\" data-fontsize=\"22\" data-lineheight=\"35.2px\">\u00bfA qui\u00e9n va dirigido?<\/h3>\n<p>A todas aquellas personas que quieran desarrollar las habilidades necesarias tanto para motivarse como para poder guiar e influir en la motivaci\u00f3n de los dem\u00e1s.<\/p>\n<h3 class=\"fusion-responsive-typography-calculated\" data-fontsize=\"22\" data-lineheight=\"35.2px\">\u00bfPara qu\u00e9 te capacita?<\/h3>\n<p>Para desarrollar las habilidades y destrezas necesarias que permitan lograr, mantener e incrementar la motivaci\u00f3n, tanto en uno mismo como en los dem\u00e1s.<\/p>\n<h3 class=\"fusion-responsive-typography-calculated\" data-fontsize=\"22\" data-lineheight=\"35.2px\">Otros datos de inter\u00e9s<\/h3>\n<p>&#8211; El desarrollo las habilidades que se conseguir\u00e1 en este curso permitir\u00e1 aplicar las estrategias motivacionales tanto en el \u00e1mbito personal, mediante el coaching, como en el \u00e1mbito profesional.<br \/>\n&#8211; El contenido se presenta en base a situaciones que se producen en la vida diaria, a las que hay que enfrentarse y solucionar, por lo que se puede ver la aplicaci\u00f3n pr\u00e1ctica del contenido.<br \/>\n&#8211; Se presentan recursos muy atractivos para el alumnado, en distintos formatos, como son simulaciones de situaciones reales, esquemas, infograf\u00edas\u2026<br \/>\n&#8211; Se narra el contenido mediante audios, pero pudiendo ver visualmente en pantalla en todo momento de lo que se est\u00e1 hablando a trav\u00e9s de esquemas, infograf\u00edas, mapas conceptuales u otros recursos.<br \/>\n&#8211; Se definen t\u00e9rminos espec\u00edficos relacionados con la tem\u00e1tica.<br \/>\n&#8211; Se incluyen distintos recursos complementarios para poder profundizar en el contenido y actividades para ponerlo en pr\u00e1ctica.<br \/>\n&#8211; Se incluyen preguntas de autoevaluaci\u00f3n que ayudar\u00e1n a aumentar la compresi\u00f3n del texto y facilitar su asimilaci\u00f3n.<\/p>\n<p>&nbsp;<\/p>\n","protected":false},"excerpt":{"rendered":"<p>Modalidad: On Line Duraci\u00f3n: 30 Horas. Objetivos Desarrollar las habilidades y destrezas que permiten el desarrollo de la motivaci\u00f3n y la automotivaci\u00f3n, aplicando los mecanismos que influyen e intervienen en cada uno de los procesos. &#8211; Analizar el proceso motivacional para una adecuada comprensi\u00f3n de&hellip;<\/p>\n","protected":false},"featured_media":2115,"comment_status":"closed","ping_status":"closed","template":"","meta":[],"product_cat":[49],"product_tag":[],"class_list":{"0":"post-1845","1":"product","2":"type-product","3":"status-publish","4":"has-post-thumbnail","6":"product_cat-administracion-y-gestion","8":"first","9":"instock","10":"sale","11":"taxable","12":"shipping-taxable","13":"purchasable","14":"product-type-simple"},"_links":{"self":[{"href":"https:\/\/tienda.gevalia.es\/index.php?rest_route=\/wp\/v2\/product\/1845","targetHints":{"allow":["GET"]}}],"collection":[{"href":"https:\/\/tienda.gevalia.es\/index.php?rest_route=\/wp\/v2\/product"}],"about":[{"href":"https:\/\/tienda.gevalia.es\/index.php?rest_route=\/wp\/v2\/types\/product"}],"replies":[{"embeddable":true,"href":"https:\/\/tienda.gevalia.es\/index.php?rest_route=%2Fwp%2Fv2%2Fcomments&post=1845"}],"wp:featuredmedia":[{"embeddable":true,"href":"https:\/\/tienda.gevalia.es\/index.php?rest_route=\/wp\/v2\/media\/2115"}],"wp:attachment":[{"href":"https:\/\/tienda.gevalia.es\/index.php?rest_route=%2Fwp%2Fv2%2Fmedia&parent=1845"}],"wp:term":[{"taxonomy":"product_cat","embeddable":true,"href":"https:\/\/tienda.gevalia.es\/index.php?rest_route=%2Fwp%2Fv2%2Fproduct_cat&post=1845"},{"taxonomy":"product_tag","embeddable":true,"href":"https:\/\/tienda.gevalia.es\/index.php?rest_route=%2Fwp%2Fv2%2Fproduct_tag&post=1845"}],"curies":[{"name":"wp","href":"https:\/\/api.w.org\/{rel}","templated":true}]}}