{"id":1846,"date":"2022-08-17T12:45:49","date_gmt":"2022-08-17T12:45:49","guid":{"rendered":"https:\/\/tienda.gevalia.es\/?post_type=product&#038;p=1846"},"modified":"2022-08-24T18:17:15","modified_gmt":"2022-08-24T18:17:15","slug":"organizacion-de-equipos-en-teletrabajo","status":"publish","type":"product","link":"https:\/\/tienda.gevalia.es\/?product=organizacion-de-equipos-en-teletrabajo","title":{"rendered":"Organizaci\u00f3n de equipos en teletrabajo."},"content":{"rendered":"<p>Modalidad: On Line<br \/>\nDuraci\u00f3n: 10 Horas.<\/p>\n<h3 class=\"fusion-responsive-typography-calculated\" data-fontsize=\"22\" data-lineheight=\"35.2px\">Objetivos<\/h3>\n<ul>\n<li>Conocer y fomentar el teletrabajo para formar al personal en t\u00e9cnicas de productividad y herramientas a usar.<\/li>\n<li>Conocer los puntos clave y las herramientas para la gesti\u00f3n de equipos deslocalizados.<\/li>\n<li>Saber con qu\u00e9 herramientas comenzar a digitalizar la gesti\u00f3n de equipos con un coste econ\u00f3mico.<\/li>\n<li>Aprender las t\u00e9cnicas para dinamizar al equipo a pesar del aumento de las barreras a la comunicaci\u00f3n.<\/li>\n<li>Profundizar en los aspectos legales m\u00ednimos a tratar cuando un equipo distribuido comienza a trabajar.<\/li>\n<\/ul>\n<h3 class=\"fusion-responsive-typography-calculated\" data-fontsize=\"22\" data-lineheight=\"35.2px\">Contenido Formativo<\/h3>\n<p><strong>Teletrabajo y productividad personal<\/strong><br \/>\nDise\u00f1a tu puesto de trabajo<br \/>\nHorario, planificaci\u00f3n y foco<br \/>\nElige tus herramientas personales<br \/>\nConciliaci\u00f3n familiar<\/p>\n<p><strong>Gesti\u00f3n de equipos deslocalizados<\/strong><br \/>\nNuevos paradigmas de trabajo<br \/>\nGesti\u00f3n del cambio y formaci\u00f3n<br \/>\nControl documental<br \/>\nAdministraci\u00f3n y control<\/p>\n<p><strong>Herramientas de teletrabajo, comunicaci\u00f3n y colaboraci\u00f3n<\/strong><br \/>\nHerramientas imprescindibles para el trabajo individual<br \/>\nHerramientas para el trabajo en grupo y la colaboraci\u00f3n<\/p>\n<p><strong>Liderazgo y motivaci\u00f3n de equipos deslocalizados<\/strong><br \/>\nLos objetivos son cosa de todos<br \/>\nTomando el pulso al equipo<br \/>\nNegociaci\u00f3n y persuasi\u00f3n<br \/>\nLos picos de trabajo<\/p>\n<p><strong>El puesto de trabajo. Cumplimiento de RGPD y PRL<\/strong><br \/>\nLa ley no descansa<br \/>\nLos riesgos laborales de un teletrabajador<br \/>\nRGPD<br \/>\nSeguridad de las herramientas inform\u00e1ticas<\/p>\n<h3 class=\"fusion-responsive-typography-calculated\" data-fontsize=\"22\" data-lineheight=\"35.2px\">\u00bfA qui\u00e9n va dirigido?<\/h3>\n<p>A todos aquellos usuarios que, por motivos personales o profesionales, tienen inquietudes por conocer c\u00f3mo poner en marcha un programa de teletrabajo y conocer los puntos clave a tener en cuenta para elaborar un plan de acci\u00f3n. Tambi\u00e9n, a aquellas personas que adem\u00e1s tengan que gestionar equipos geogr\u00e1ficamente distribuidos y dinamizarlos correctamente.<\/p>\n<h3 class=\"fusion-responsive-typography-calculated\" data-fontsize=\"22\" data-lineheight=\"35.2px\">\u00bfPara qu\u00e9 te capacita?<\/h3>\n<p>Para gestionar un equipo de trabajadores geogr\u00e1ficamente distribuidos, en modalidad de teletrabajo o a distancia, mediante herramientas\u00a0<em>online,<\/em>\u00a0teniendo en cuenta la legalidad vigente y la seguridad inform\u00e1tica. Tambi\u00e9n capacita para elaborar un plan de implantaci\u00f3n de teletrabajo de forma organizada y enfocado a la productividad de los equipos.<\/p>\n<h3 class=\"fusion-responsive-typography-calculated\" data-fontsize=\"22\" data-lineheight=\"35.2px\">Otros datos de inter\u00e9s<\/h3>\n<ul>\n<li>Un contenido pr\u00e1ctico que ayuda con ejemplos reales a analizar la propia empresa.<\/li>\n<li>\u00a0Un material did\u00e1ctico que conduce al alumnado a evaluar diferentes opciones de\u00a0<em>software<\/em>\u00a0disponible en el mercado para implantar el teletrabajo con \u00e9xito.<\/li>\n<li>\u00a0Una gu\u00eda paso a paso para desarrollar un plan de gesti\u00f3n de equipos distribuidos desde su gestaci\u00f3n hasta la dinamizaci\u00f3n diaria, con ideas para tomarle el pulso a las personas y controlar su implicaci\u00f3n.<\/li>\n<\/ul>\n","protected":false},"excerpt":{"rendered":"<p>Modalidad: On Line Duraci\u00f3n: 10 Horas. Objetivos Conocer y fomentar el teletrabajo para formar al personal en t\u00e9cnicas de productividad y herramientas a usar. Conocer los puntos clave y las herramientas para la gesti\u00f3n de equipos deslocalizados. Saber con qu\u00e9 herramientas comenzar a digitalizar la&hellip;<\/p>\n","protected":false},"featured_media":2117,"comment_status":"closed","ping_status":"closed","template":"","meta":[],"product_cat":[49],"product_tag":[],"class_list":{"0":"post-1846","1":"product","2":"type-product","3":"status-publish","4":"has-post-thumbnail","6":"product_cat-administracion-y-gestion","8":"first","9":"instock","10":"sale","11":"taxable","12":"shipping-taxable","13":"purchasable","14":"product-type-simple"},"_links":{"self":[{"href":"https:\/\/tienda.gevalia.es\/index.php?rest_route=\/wp\/v2\/product\/1846","targetHints":{"allow":["GET"]}}],"collection":[{"href":"https:\/\/tienda.gevalia.es\/index.php?rest_route=\/wp\/v2\/product"}],"about":[{"href":"https:\/\/tienda.gevalia.es\/index.php?rest_route=\/wp\/v2\/types\/product"}],"replies":[{"embeddable":true,"href":"https:\/\/tienda.gevalia.es\/index.php?rest_route=%2Fwp%2Fv2%2Fcomments&post=1846"}],"wp:featuredmedia":[{"embeddable":true,"href":"https:\/\/tienda.gevalia.es\/index.php?rest_route=\/wp\/v2\/media\/2117"}],"wp:attachment":[{"href":"https:\/\/tienda.gevalia.es\/index.php?rest_route=%2Fwp%2Fv2%2Fmedia&parent=1846"}],"wp:term":[{"taxonomy":"product_cat","embeddable":true,"href":"https:\/\/tienda.gevalia.es\/index.php?rest_route=%2Fwp%2Fv2%2Fproduct_cat&post=1846"},{"taxonomy":"product_tag","embeddable":true,"href":"https:\/\/tienda.gevalia.es\/index.php?rest_route=%2Fwp%2Fv2%2Fproduct_tag&post=1846"}],"curies":[{"name":"wp","href":"https:\/\/api.w.org\/{rel}","templated":true}]}}