{"id":1848,"date":"2022-08-17T12:45:49","date_gmt":"2022-08-17T12:45:49","guid":{"rendered":"https:\/\/tienda.gevalia.es\/?post_type=product&#038;p=1848"},"modified":"2022-08-24T18:24:30","modified_gmt":"2022-08-24T18:24:30","slug":"orientacion-al-logro","status":"publish","type":"product","link":"https:\/\/tienda.gevalia.es\/?product=orientacion-al-logro","title":{"rendered":"Orientaci\u00f3n al logro."},"content":{"rendered":"<p>Modalidad: On Line<br \/>\nDuraci\u00f3n: 30 Horas<\/p>\n<h3 class=\"fusion-responsive-typography-calculated\" data-fontsize=\"22\" data-lineheight=\"35.2px\">Objetivos<\/h3>\n<p>Analizar la orientaci\u00f3n al logro como estrategia clave para el \u00e9xito en los resultados, mediante la gesti\u00f3n y conocimiento emocional.<br \/>\n&#8211; Enumerar los requisitos necesarios para la adquisici\u00f3n de la competencia orientada al logro.<br \/>\n&#8211; Aplicar las principales estrategias enfocadas al logro.<br \/>\n&#8211; Analizar diferentes estrategias para la regulaci\u00f3n de las emociones implicadas en la orientaci\u00f3n y b\u00fasqueda del logro.<br \/>\n&#8211; Identificar las herramientas clave para el aumento hacia el logro.<\/p>\n<h3 class=\"fusion-responsive-typography-calculated\" data-fontsize=\"22\" data-lineheight=\"35.2px\">Contenido Formativo<\/h3>\n<p><strong>Orientaci\u00f3n al logro<\/strong><br \/>\n\u00bfQu\u00e9 es la orientaci\u00f3n al logro? Necesidad de logro<br \/>\n\u00bfC\u00f3mo establecer objetivos para el logro?<br \/>\nTemporalizaci\u00f3n de objetivos<br \/>\nMotivos extr\u00ednsecos e intr\u00ednsecos<br \/>\nResumen<\/p>\n<p><strong>Estrategias para el logro<\/strong><br \/>\nAutomotivaci\u00f3n y autoconfianza<br \/>\nVoluntad y constancia<br \/>\nFocusing<br \/>\nPlanificaci\u00f3n y organizaci\u00f3n del tiempo<br \/>\nResumen<\/p>\n<p><strong>Inteligencia emocional para la orientaci\u00f3n al logro<\/strong><br \/>\nGesti\u00f3n emocional<br \/>\nGesti\u00f3n del miedo al fracaso<br \/>\nGesti\u00f3n del logro<br \/>\nResumen<\/p>\n<p><strong>Herramientas motivadoras<\/strong><br \/>\nReconocimiento. Feedback constructivo<br \/>\nDesaf\u00edos. Trabajar por retos<br \/>\nTrabajo colaborativo y expectativas<br \/>\nResumen<\/p>\n<h3 class=\"fusion-responsive-typography-calculated\" data-fontsize=\"22\" data-lineheight=\"35.2px\">\u00bfA qui\u00e9n va dirigido?<\/h3>\n<p>A personas que quieran alcanzar resultados excelentes y de \u00e9xito en todas sus actuaciones.<\/p>\n<h3 class=\"fusion-responsive-typography-calculated\" data-fontsize=\"22\" data-lineheight=\"35.2px\">\u00bfPara qu\u00e9 te capacita?<\/h3>\n<p>Para conocer los requisitos, estrategias y herramientas que deben utilizarse para conseguir orientarse al logro.<\/p>\n<h3 class=\"fusion-responsive-typography-calculated\" data-fontsize=\"22\" data-lineheight=\"35.2px\">Otros datos de inter\u00e9s<\/h3>\n<p>&#8211; El mercado actual es cada vez m\u00e1s competitivo y se hace imprescindible diferenciarse de los clientes aportando un valor a\u00f1adido a los productos o servicios que comercializa la empresa. Este valor a\u00f1adido se puede conseguir implicando a los trabajadores para que logren la excelencia en sus tareas, orient\u00e1ndose hacia el logro. Por tanto, este curso tambi\u00e9n te ayudar\u00e1 a:<br \/>\n&#8211; Conocer las pautas y procedimientos para conseguir orientarse hacia el logro.<br \/>\n&#8211; Aplicar estrategias que permitan orientarse al logro.<br \/>\n&#8211; Desarrollar las habilidades necesarias para motivar adecuadamente a los trabajadores.<br \/>\n&#8211; El contenido se presenta en base a situaciones que se producen en la vida diaria, a las que hay que enfrentarse y solucionar, por lo que se puede ver la aplicaci\u00f3n pr\u00e1ctica del contenido.<br \/>\n&#8211; Se presentan recursos muy atractivos para el alumnado, en distintos formatos, como son simulaciones de situaciones reales, esquemas, infograf\u00edas\u2026<br \/>\n&#8211; Se narra el contenido mediante audios, pero pudiendo ver visualmente en pantalla en todo momento de lo que se est\u00e1 hablando a trav\u00e9s de esquemas, infograf\u00edas, mapas conceptuales u otros recursos.<br \/>\n&#8211; Se definen t\u00e9rminos espec\u00edficos relacionados con la tem\u00e1tica.<br \/>\n&#8211; Se incluyen distintos recursos complementarios para poder profundizar en el contenido y actividades para ponerlo en pr\u00e1ctica.<br \/>\n&#8211; Se incluyen preguntas de autoevaluaci\u00f3n que ayudar\u00e1n a aumentar la compresi\u00f3n del texto y facilitar su asimilaci\u00f3n.<\/p>\n","protected":false},"excerpt":{"rendered":"<p>Modalidad: On Line Duraci\u00f3n: 30 Horas Objetivos Analizar la orientaci\u00f3n al logro como estrategia clave para el \u00e9xito en los resultados, mediante la gesti\u00f3n y conocimiento emocional. &#8211; Enumerar los requisitos necesarios para la adquisici\u00f3n de la competencia orientada al logro. &#8211; Aplicar las principales&hellip;<\/p>\n","protected":false},"featured_media":2121,"comment_status":"closed","ping_status":"closed","template":"","meta":[],"product_cat":[49],"product_tag":[],"class_list":{"0":"post-1848","1":"product","2":"type-product","3":"status-publish","4":"has-post-thumbnail","6":"product_cat-administracion-y-gestion","8":"first","9":"instock","10":"sale","11":"taxable","12":"shipping-taxable","13":"purchasable","14":"product-type-simple"},"_links":{"self":[{"href":"https:\/\/tienda.gevalia.es\/index.php?rest_route=\/wp\/v2\/product\/1848","targetHints":{"allow":["GET"]}}],"collection":[{"href":"https:\/\/tienda.gevalia.es\/index.php?rest_route=\/wp\/v2\/product"}],"about":[{"href":"https:\/\/tienda.gevalia.es\/index.php?rest_route=\/wp\/v2\/types\/product"}],"replies":[{"embeddable":true,"href":"https:\/\/tienda.gevalia.es\/index.php?rest_route=%2Fwp%2Fv2%2Fcomments&post=1848"}],"wp:featuredmedia":[{"embeddable":true,"href":"https:\/\/tienda.gevalia.es\/index.php?rest_route=\/wp\/v2\/media\/2121"}],"wp:attachment":[{"href":"https:\/\/tienda.gevalia.es\/index.php?rest_route=%2Fwp%2Fv2%2Fmedia&parent=1848"}],"wp:term":[{"taxonomy":"product_cat","embeddable":true,"href":"https:\/\/tienda.gevalia.es\/index.php?rest_route=%2Fwp%2Fv2%2Fproduct_cat&post=1848"},{"taxonomy":"product_tag","embeddable":true,"href":"https:\/\/tienda.gevalia.es\/index.php?rest_route=%2Fwp%2Fv2%2Fproduct_tag&post=1848"}],"curies":[{"name":"wp","href":"https:\/\/api.w.org\/{rel}","templated":true}]}}