{"id":1851,"date":"2022-08-17T12:45:50","date_gmt":"2022-08-17T12:45:50","guid":{"rendered":"https:\/\/tienda.gevalia.es\/?post_type=product&#038;p=1851"},"modified":"2022-09-01T09:52:50","modified_gmt":"2022-09-01T09:52:50","slug":"tecnicas-de-manejo-de-reuniones","status":"publish","type":"product","link":"https:\/\/tienda.gevalia.es\/?product=tecnicas-de-manejo-de-reuniones","title":{"rendered":"T\u00e9cnicas de manejo de reuniones."},"content":{"rendered":"<p>Modalidad: On Line<br \/>\nDuraci\u00f3n: 30 Horas<\/p>\n<h3 class=\"fusion-responsive-typography-calculated\" data-fontsize=\"22\" data-lineheight=\"35.2px\">Objetivos<\/h3>\n<p>Manejar las reuniones correctamente, aplicando las t\u00e9cnicas adecuadas en su planificaci\u00f3n, desarrollo, evaluaci\u00f3n y seguimiento, consiguiendo as\u00ed la eficacia de las mismas.<br \/>\n&#8211; Analizar c\u00f3mo debe ser una reuni\u00f3n para ser efectiva, considerando los diferentes tipos existentes, sus caracter\u00edsticas y utilidad.<br \/>\n&#8211; Preparar una reuni\u00f3n, considerando todos los aspectos relacionados con su planificaci\u00f3n, organizaci\u00f3n y los recursos necesarios para que se desarrolle de forma efectiva.<br \/>\n&#8211; Dirigir adecuadamente una reuni\u00f3n mediante su planificaci\u00f3n previa y la aplicaci\u00f3n de las acciones necesarias para que esta resulte efectiva.<br \/>\n&#8211; Realizar la evaluaci\u00f3n y seguimiento de los acuerdos alcanzados tras el cierre de una reuni\u00f3n.<\/p>\n<h3 class=\"fusion-responsive-typography-calculated\" data-fontsize=\"22\" data-lineheight=\"35.2px\">Contenido Formativo<\/h3>\n<p><strong>Las reuniones efectivas<\/strong><br \/>\n\u00bfQu\u00e9 es una reuni\u00f3n efectiva?<br \/>\n\u00bfPara qu\u00e9 sirven las reuniones efectivas?<br \/>\nTipos de reuniones.<br \/>\nValor de las reuniones.<\/p>\n<p><strong>Preparaci\u00f3n de la reuni\u00f3n<\/strong><br \/>\nEtapas de una reuni\u00f3n.<br \/>\nRoles de los participantes.<br \/>\nPlanificaci\u00f3n y organizaci\u00f3n.<br \/>\nRecursos materiales.<\/p>\n<p><strong>Direcci\u00f3n de las reuniones<\/strong><br \/>\nFocalizar el objetivo.<br \/>\nLiderar reuniones efectivas.<br \/>\nImplicaci\u00f3n de las partes.<br \/>\nSuperar objeciones.<br \/>\nCreatividad.<\/p>\n<p><strong>Evaluaci\u00f3n y seguimiento<\/strong><br \/>\nEstablecer compromisos y acuerdos.<br \/>\nCierre de la reuni\u00f3n.<br \/>\nSeguimiento.<\/p>\n<h3 class=\"fusion-responsive-typography-calculated\" data-fontsize=\"22\" data-lineheight=\"35.2px\">\u00bfA qui\u00e9n va dirigido?<\/h3>\n<p>A todas aquellas personas que quieran aprender a manejar una reuni\u00f3n eficazmente haciendo ajustes a la forma y al contenido de la misma.<\/p>\n<h3 class=\"fusion-responsive-typography-calculated\" data-fontsize=\"22\" data-lineheight=\"35.2px\">\u00bfPara qu\u00e9 te capacita?<\/h3>\n<p>Para aprender a utilizar habilidades b\u00e1sicas de interacci\u00f3n a la hora de gestionar una reuni\u00f3n, generando compromisos y planes de acci\u00f3n, y establecimiento sistemas de seguimiento adecuados.<\/p>\n<h3 class=\"fusion-responsive-typography-calculated\" data-fontsize=\"22\" data-lineheight=\"35.2px\">Otros datos de inter\u00e9s<\/h3>\n<p>&#8211; El manejo eficaz de una reuni\u00f3n conlleva el desarrollo de otras capacidades. Por lo tanto, este curso tambi\u00e9n te ayudar\u00e1 a:<\/p>\n<ul>\n<li>Lograr la participaci\u00f3n activa de los miembros del grupo.<\/li>\n<li>Elegir los m\u00e9todos m\u00e1s apropiados para alcanzar el objetivo.<\/li>\n<li>Desarrollar las capacidades de escucha.<\/li>\n<li>Tratar con tacto las objeciones de los participantes.<\/li>\n<\/ul>\n<p>&#8211; El contenido se presenta en base a situaciones que se producen en la vida diaria, a las que hay que enfrentarse y solucionar, por lo que se puede ver la aplicaci\u00f3n pr\u00e1ctica del contenido.<br \/>\n&#8211; Se presentan recursos muy atractivos para el alumnado, en distintos formatos, como son simulaciones de situaciones reales, esquemas, infograf\u00edas\u2026<br \/>\n&#8211; Se narra el contenido mediante audios, pero pudiendo ver visualmente en pantalla en todo momento de lo que se est\u00e1 hablando a trav\u00e9s de esquemas, infograf\u00edas, mapas conceptuales u otros recursos.<br \/>\n&#8211; Se definen t\u00e9rminos espec\u00edficos relacionados con la tem\u00e1tica.<br \/>\n&#8211; Se incluyen distintos recursos complementarios para poder profundizar en el contenido y actividades para ponerlo en pr\u00e1ctica.<br \/>\n&#8211; Se incluyen preguntas de autoevaluaci\u00f3n que ayudar\u00e1n a aumentar la compresi\u00f3n del texto y facilitar su asimilaci\u00f3n.<\/p>\n","protected":false},"excerpt":{"rendered":"<p>Modalidad: On Line Duraci\u00f3n: 30 Horas Objetivos Manejar las reuniones correctamente, aplicando las t\u00e9cnicas adecuadas en su planificaci\u00f3n, desarrollo, evaluaci\u00f3n y seguimiento, consiguiendo as\u00ed la eficacia de las mismas. &#8211; Analizar c\u00f3mo debe ser una reuni\u00f3n para ser efectiva, considerando los diferentes tipos existentes, sus&hellip;<\/p>\n","protected":false},"featured_media":2129,"comment_status":"closed","ping_status":"closed","template":"","meta":[],"product_cat":[49],"product_tag":[],"class_list":{"0":"post-1851","1":"product","2":"type-product","3":"status-publish","4":"has-post-thumbnail","6":"product_cat-administracion-y-gestion","8":"first","9":"instock","10":"sale","11":"taxable","12":"shipping-taxable","13":"purchasable","14":"product-type-simple"},"_links":{"self":[{"href":"https:\/\/tienda.gevalia.es\/index.php?rest_route=\/wp\/v2\/product\/1851","targetHints":{"allow":["GET"]}}],"collection":[{"href":"https:\/\/tienda.gevalia.es\/index.php?rest_route=\/wp\/v2\/product"}],"about":[{"href":"https:\/\/tienda.gevalia.es\/index.php?rest_route=\/wp\/v2\/types\/product"}],"replies":[{"embeddable":true,"href":"https:\/\/tienda.gevalia.es\/index.php?rest_route=%2Fwp%2Fv2%2Fcomments&post=1851"}],"wp:featuredmedia":[{"embeddable":true,"href":"https:\/\/tienda.gevalia.es\/index.php?rest_route=\/wp\/v2\/media\/2129"}],"wp:attachment":[{"href":"https:\/\/tienda.gevalia.es\/index.php?rest_route=%2Fwp%2Fv2%2Fmedia&parent=1851"}],"wp:term":[{"taxonomy":"product_cat","embeddable":true,"href":"https:\/\/tienda.gevalia.es\/index.php?rest_route=%2Fwp%2Fv2%2Fproduct_cat&post=1851"},{"taxonomy":"product_tag","embeddable":true,"href":"https:\/\/tienda.gevalia.es\/index.php?rest_route=%2Fwp%2Fv2%2Fproduct_tag&post=1851"}],"curies":[{"name":"wp","href":"https:\/\/api.w.org\/{rel}","templated":true}]}}