{"id":1853,"date":"2022-08-17T12:45:50","date_gmt":"2022-08-17T12:45:50","guid":{"rendered":"https:\/\/tienda.gevalia.es\/?post_type=product&#038;p=1853"},"modified":"2022-09-01T10:23:46","modified_gmt":"2022-09-01T10:23:46","slug":"tecnicas-de-secretariado-de-direccion","status":"publish","type":"product","link":"https:\/\/tienda.gevalia.es\/?product=tecnicas-de-secretariado-de-direccion","title":{"rendered":"T\u00e9cnicas de Secretariado de direcci\u00f3n."},"content":{"rendered":"<p>Modalidad: On Line<br \/>\nDuraci\u00f3n: 100 Horas<\/p>\n<h3 class=\"fusion-responsive-typography-calculated\" data-fontsize=\"22\" data-lineheight=\"35.2px\">Objetivos<\/h3>\n<p>&#8211; Identificar las principales formas jur\u00eddicas de constituci\u00f3n de empresas, as\u00ed como los tipos de organizaci\u00f3n empresarial; optimizaci\u00f3n de las relaciones con la direcci\u00f3n y desarrollo de habilidades de comunicaci\u00f3n interpersonal.<br \/>\n&#8211; Conocer las actividades de apoyo administrativo y t\u00e9cnicas de archivo.<br \/>\n&#8211; Usar criterios de optimizaci\u00f3n en la organizaci\u00f3n de recursos, y en la gesti\u00f3n del tiempo.<br \/>\n&#8211; Organizar reuniones y eventos empresariales; as\u00ed como planificar viajes a trav\u00e9s de las gestiones necesarias, cumpliendo con objetivos y procedimientos propuestos.<br \/>\n&#8211; Aplicar normas de protocolo empresarial.<br \/>\n&#8211; Conocer aplicaciones inform\u00e1ticas para la gesti\u00f3n de transmisi\u00f3n de informaci\u00f3n y documentaci\u00f3n; as\u00ed como aplicaciones de tecnolog\u00eda para conversaciones de voz.<br \/>\n&#8211; Realizar b\u00fasquedas \u00f3ptimas de informaci\u00f3n en Internet, conocimiento de redes sociales y aspectos b\u00e1sicos de trabajar en la nube.<\/p>\n<h3 class=\"fusion-responsive-typography-calculated\" data-fontsize=\"22\" data-lineheight=\"35.2px\">Contenido Formativo<\/h3>\n<p><strong>M\u00d3DULO I: EL PAPEL DEL SECRETARIADO EN EL ENTORNO EMPRESARIAL<\/strong><\/p>\n<p><strong>La estructura empresarial<\/strong><br \/>\nIntroducci\u00f3n.<br \/>\nLa empresa: elementos, funciones y clasificaci\u00f3n.<br \/>\nLa organizaci\u00f3n empresarial.<br \/>\nEl organigrama como medio de representaci\u00f3n de la estructura organizacional.<\/p>\n<p><strong>La direcci\u00f3n y el personal de secretariado<\/strong><br \/>\nIntroducci\u00f3n.<br \/>\nLa direcci\u00f3n de la empresa.<br \/>\nLa direcci\u00f3n por objetivos.<br \/>\nRelaciones de interacci\u00f3n entre direcci\u00f3n y personal de secretariado.<br \/>\nFunciones del servicio de secretariado.<br \/>\nC\u00f3digo deontol\u00f3gico del secretariado.<br \/>\nEl puesto de trabajo.<br \/>\nOtras instalaciones.<\/p>\n<p><strong>Planificaci\u00f3n y organizaci\u00f3n de tareas<\/strong><br \/>\nIntroducci\u00f3n.<br \/>\nPlanificaci\u00f3n.<br \/>\nOrganizaci\u00f3n.<br \/>\nCalidad en las tareas de secretariado.<br \/>\nEl archivo.<br \/>\nMantenimiento del archivo f\u00edsico.<br \/>\nMantenimiento del archivo inform\u00e1tico.<\/p>\n<p><strong>M\u00d3DULO II: MEDIOS DE COMUNICACI\u00d3N<\/strong><\/p>\n<p><strong>La comunicaci\u00f3n en la empresa<\/strong><br \/>\nIntroducci\u00f3n.<br \/>\nLa comunicaci\u00f3n: proceso, efectos y barreras.<br \/>\nTipos de comunicaci\u00f3n.<br \/>\nT\u00e9cnicas de comunicaci\u00f3n efectiva.<br \/>\nLa asertividad y otras conductas de comunicaci\u00f3n.<br \/>\nLos flujos de comunicaci\u00f3n. Flujograma.<\/p>\n<p><strong>La comunicaci\u00f3n oral<\/strong><br \/>\nIntroducci\u00f3n.<br \/>\nLa comunicaci\u00f3n oral en la empresa.<br \/>\nFormas de comunicaci\u00f3n oral.<br \/>\nEl lenguaje y la voz.<br \/>\nFormas de la comunicaci\u00f3n no verbal.<br \/>\nLa comunicaci\u00f3n telef\u00f3nica.<br \/>\nServicios de telefon\u00eda para empresas.<br \/>\nElementos de la atenci\u00f3n telef\u00f3nica.<br \/>\nExpresiones en la atenci\u00f3n telef\u00f3nica.<br \/>\nLlamadas telef\u00f3nicas efectivas.<br \/>\nM\u00e9todos de comunicaci\u00f3n inmediata.<\/p>\n<p><strong>La documentaci\u00f3n escrita<\/strong><br \/>\nIntroducci\u00f3n.<br \/>\nNormas generales de redacci\u00f3n de documentos.<br \/>\nDocumentos profesionales. Estructura.<br \/>\nDocumentos internos.<br \/>\nDocumentos mercantiles.<br \/>\nOtros documentos de inter\u00e9s.<br \/>\nLa carta comercial.<br \/>\nEl fax.<br \/>\nNormativa sobre protecci\u00f3n de datos.<\/p>\n<p><strong>M\u00d3DULO III: ACTOS, VIAJES Y PROTOCOLO<\/strong><\/p>\n<p><strong>Actos empresariales<\/strong><br \/>\nIntroducci\u00f3n.<br \/>\nLas reuniones.<br \/>\nFases de organizaci\u00f3n de una reuni\u00f3n.<br \/>\nRecursos para la reuni\u00f3n.<br \/>\nDocumentaci\u00f3n. Orden del d\u00eda y convocatoria.<br \/>\nFunciones de los participantes en la reuni\u00f3n.<br \/>\nClasificaci\u00f3n de reuniones.<br \/>\nOrganizaci\u00f3n de eventos.<br \/>\nDocumentaci\u00f3n previa y posterior al evento.<br \/>\nTipos de eventos.<\/p>\n<p><strong>Planificaci\u00f3n de viajes<\/strong><br \/>\nIntroducci\u00f3n.<br \/>\nLa funci\u00f3n del secretariado en la gesti\u00f3n de viajes.<br \/>\nPlanificaci\u00f3n del viaje.<br \/>\nGesti\u00f3n de reservas.<br \/>\nDocumentaci\u00f3n.<br \/>\nEl uso de veh\u00edculos de alquiler.<br \/>\nMedidas sanitarias.<br \/>\nLa contrataci\u00f3n de seguros.<br \/>\nRecomendaciones para el viaje.<br \/>\nDerechos del viajero.<\/p>\n<p><strong>Protocolo<\/strong><br \/>\nIntroducci\u00f3n.<br \/>\nProtocolo empresarial.<br \/>\nImagen corporativa.<br \/>\nProtocolo telef\u00f3nico.<br \/>\nProtocolo social.<br \/>\nProtocolo nacional e internacional.<br \/>\nPrincipios del protocolo empresarial internacional.<\/p>\n<p><strong>M\u00d3DULO IV: LAS TIC EN LA EMPRESA<\/strong><\/p>\n<p><strong>El correo electr\u00f3nico y otros medios de comunicaci\u00f3n<\/strong><br \/>\nIntroducci\u00f3n.<br \/>\nEl correo electr\u00f3nico.<br \/>\nEnv\u00edo y recepci\u00f3n de mensajes.<br \/>\nSeguridad.<br \/>\nSkype.<\/p>\n<p><strong>Servicios de Internet<\/strong><br \/>\nIntroducci\u00f3n.<br \/>\nLos navegadores.<br \/>\nLos buscadores.<br \/>\nB\u00fasquedas y resultados.<br \/>\nLas redes sociales profesionales.<br \/>\nTrabajar en la nube.<\/p>\n<h3 class=\"fusion-responsive-typography-calculated\" data-fontsize=\"22\" data-lineheight=\"35.2px\">\u00bfA qui\u00e9n va dirigido?<\/h3>\n<p>A\u00a0todos aquellos sujetos que quieran adquirir\/complementar conocimientos relacionados con el apoyo y asistencia a la direcci\u00f3n, o a departamentos\/\u00e1reas de la empresa, as\u00ed como a todo administrativo que, entre sus tareas, desempe\u00f1e tambi\u00e9n funciones de secretariado.<\/p>\n<h3 class=\"fusion-responsive-typography-calculated\" data-fontsize=\"22\" data-lineheight=\"35.2px\">\u00bfPara qu\u00e9 te capacita?<\/h3>\n<p>Para desarrollar de forma adecuada y \u00f3ptima las distintas funciones y tareas del personal de secretariado.<\/p>\n<h3 class=\"fusion-responsive-typography-calculated\" data-fontsize=\"22\" data-lineheight=\"35.2px\">Otros datos de inter\u00e9s<\/h3>\n<p>&#8211; Este manual de T\u00e9cnicas de secretariado de direcci\u00f3n consta de 4 m\u00f3dulos: el papel del secretariado en el entorno empresarial, medios de comunicaci\u00f3n, actos, viajes y protocolo, y las TIC en la empresa.<br \/>\n&#8211; Cada cap\u00edtulo cuenta con actividades que hacen reflexionar e investigar al alumno sobre la materia; y contempla diversas aplicaciones como reflejo pr\u00e1ctico de los conocimientos estudiados.<br \/>\n&#8211; La \u00faltima parte del manual contiene el solucionario de los ejercicios de repaso y autoevaluaci\u00f3n de los cap\u00edtulos, para que el alumno pueda autocorregirse.<\/p>\n<p>&nbsp;<\/p>\n<p>&nbsp;<\/p>\n","protected":false},"excerpt":{"rendered":"<p>Modalidad: On Line Duraci\u00f3n: 100 Horas Objetivos &#8211; Identificar las principales formas jur\u00eddicas de constituci\u00f3n de empresas, as\u00ed como los tipos de organizaci\u00f3n empresarial; optimizaci\u00f3n de las relaciones con la direcci\u00f3n y desarrollo de habilidades de comunicaci\u00f3n interpersonal. &#8211; Conocer las actividades de apoyo administrativo&hellip;<\/p>\n","protected":false},"featured_media":2132,"comment_status":"closed","ping_status":"closed","template":"","meta":[],"product_cat":[49],"product_tag":[],"class_list":{"0":"post-1853","1":"product","2":"type-product","3":"status-publish","4":"has-post-thumbnail","6":"product_cat-administracion-y-gestion","8":"first","9":"instock","10":"sale","11":"taxable","12":"shipping-taxable","13":"purchasable","14":"product-type-simple"},"_links":{"self":[{"href":"https:\/\/tienda.gevalia.es\/index.php?rest_route=\/wp\/v2\/product\/1853","targetHints":{"allow":["GET"]}}],"collection":[{"href":"https:\/\/tienda.gevalia.es\/index.php?rest_route=\/wp\/v2\/product"}],"about":[{"href":"https:\/\/tienda.gevalia.es\/index.php?rest_route=\/wp\/v2\/types\/product"}],"replies":[{"embeddable":true,"href":"https:\/\/tienda.gevalia.es\/index.php?rest_route=%2Fwp%2Fv2%2Fcomments&post=1853"}],"wp:featuredmedia":[{"embeddable":true,"href":"https:\/\/tienda.gevalia.es\/index.php?rest_route=\/wp\/v2\/media\/2132"}],"wp:attachment":[{"href":"https:\/\/tienda.gevalia.es\/index.php?rest_route=%2Fwp%2Fv2%2Fmedia&parent=1853"}],"wp:term":[{"taxonomy":"product_cat","embeddable":true,"href":"https:\/\/tienda.gevalia.es\/index.php?rest_route=%2Fwp%2Fv2%2Fproduct_cat&post=1853"},{"taxonomy":"product_tag","embeddable":true,"href":"https:\/\/tienda.gevalia.es\/index.php?rest_route=%2Fwp%2Fv2%2Fproduct_tag&post=1853"}],"curies":[{"name":"wp","href":"https:\/\/api.w.org\/{rel}","templated":true}]}}