{"id":1854,"date":"2022-08-17T12:45:50","date_gmt":"2022-08-17T12:45:50","guid":{"rendered":"https:\/\/tienda.gevalia.es\/?post_type=product&#038;p=1854"},"modified":"2022-09-01T10:29:46","modified_gmt":"2022-09-01T10:29:46","slug":"toma-de-decisiones","status":"publish","type":"product","link":"https:\/\/tienda.gevalia.es\/?product=toma-de-decisiones","title":{"rendered":"Toma de decisiones."},"content":{"rendered":"<p>Modalidad: On Line<br \/>\nDuraci\u00f3n: 30 Horas<\/p>\n<h3 class=\"fusion-responsive-typography-calculated\" data-fontsize=\"22\" data-lineheight=\"35.2px\">Objetivos<\/h3>\n<p>Tomar decisiones adecuadamente, individuales o grupales, seg\u00fan la situaci\u00f3n lo requiera.<\/p>\n<h3 class=\"fusion-responsive-typography-calculated\" data-fontsize=\"22\" data-lineheight=\"35.2px\">Contenido Formativo<\/h3>\n<p><strong>\u00bfQu\u00e9 es la toma de decisiones?<\/strong><br \/>\nLa importancia de la toma de decisiones.<br \/>\nProceso racional de toma decisiones.<br \/>\nFactores que influyen en la toma de decisiones.<br \/>\nBarreras en la toma de decisiones.<\/p>\n<p><strong>Diferencias entre las decisiones individuales y grupales<\/strong><br \/>\nHabilidades para la toma de decisiones individuales.<br \/>\nPasos para la toma de decisiones individuales.<br \/>\nLa toma de decisiones en equipo.<br \/>\nAlcanzar un acuerdo mediante el consenso.<\/p>\n<p><strong>T\u00e9cnicas para la toma de decisiones<\/strong><br \/>\nLa decisi\u00f3n para la resoluci\u00f3n de problemas.<br \/>\nLa toma de decisiones en el proceso creativo.<br \/>\nAlgunas t\u00e9cnicas creativas para tomar decisiones.<br \/>\nLa decisi\u00f3n para la gesti\u00f3n del cambio.<\/p>\n<p><strong>Seguimiento y control<\/strong><br \/>\nLa comunicaci\u00f3n eficaz de la decisi\u00f3n.<br \/>\nEl seguimiento de la toma de decisiones.<br \/>\nLa evaluaci\u00f3n final de la toma de decisiones.<\/p>\n<h3 class=\"fusion-responsive-typography-calculated\" data-fontsize=\"22\" data-lineheight=\"35.2px\">\u00bfA qui\u00e9n va dirigido?<\/h3>\n<p>A todas aquellas personas que quieran desarrollar la capacidad necesaria para tomar decisiones de forma eficaz.<\/p>\n<h3 class=\"fusion-responsive-typography-calculated\" data-fontsize=\"22\" data-lineheight=\"35.2px\">\u00bfPara qu\u00e9 te capacita?<\/h3>\n<p>Para llevar a cabo un proceso de toma de decisiones de forma eficiente y completo, que no termina con la elecci\u00f3n de una opci\u00f3n, sino que va m\u00e1s all\u00e1, comunicando adecuadamente la decisi\u00f3n tomada y realizando el seguimiento de la misma.<\/p>\n<h3 class=\"fusion-responsive-typography-calculated\" data-fontsize=\"22\" data-lineheight=\"35.2px\">Otros datos de inter\u00e9s<\/h3>\n<p>&#8211; Adquirir la capacidad para la adecuada toma de decisiones ayudar\u00e1 a que se establezcan en la organizaci\u00f3n unos mecanismos para la mejora constante que permitan una mejor adaptaci\u00f3n al medio.<br \/>\n&#8211; Las habilidades adquiridas en este curso te permitir\u00e1n enfrentarte al proceso de toma de decisiones tanto de forma individual como en equipo.<br \/>\n&#8211; La capacidad para una adecuada toma de decisiones permite enfrentarse de forma eficaz a la resoluci\u00f3n de problemas, el proceso creativo y la gesti\u00f3n del cambio.<br \/>\n&#8211; El contenido se presenta en base a situaciones que se producen en la vida diaria, a las que hay que enfrentarse y solucionar, por lo que se puede ver la aplicaci\u00f3n pr\u00e1ctica del contenido.<br \/>\n&#8211; Se presentan recursos muy atractivos para el alumnado, en distintos formatos, como son simulaciones de situaciones reales, esquemas, infograf\u00edas\u2026<br \/>\n&#8211; Se narra el contenido mediante audios, pero pudiendo ver visualmente en pantalla en todo momento de lo que se est\u00e1 hablando a trav\u00e9s de esquemas, infograf\u00edas, mapas conceptuales u otros recursos.<br \/>\n&#8211; Se definen t\u00e9rminos espec\u00edficos relacionados con la tem\u00e1tica.<br \/>\n&#8211; Se incluyen distintos recursos complementarios para poder profundizar en el contenido y actividades para ponerlo en pr\u00e1ctica.<br \/>\n&#8211; Se incluyen preguntas de autoevaluaci\u00f3n que ayudar\u00e1n a aumentar la compresi\u00f3n del texto y facilitar su asimilaci\u00f3n.<\/p>\n","protected":false},"excerpt":{"rendered":"<p>Modalidad: On Line Duraci\u00f3n: 30 Horas Objetivos Tomar decisiones adecuadamente, individuales o grupales, seg\u00fan la situaci\u00f3n lo requiera. Contenido Formativo \u00bfQu\u00e9 es la toma de decisiones? La importancia de la toma de decisiones. Proceso racional de toma decisiones. Factores que influyen en la toma de&hellip;<\/p>\n","protected":false},"featured_media":2133,"comment_status":"closed","ping_status":"closed","template":"","meta":[],"product_cat":[49],"product_tag":[],"class_list":{"0":"post-1854","1":"product","2":"type-product","3":"status-publish","4":"has-post-thumbnail","6":"product_cat-administracion-y-gestion","8":"first","9":"instock","10":"sale","11":"taxable","12":"shipping-taxable","13":"purchasable","14":"product-type-simple"},"_links":{"self":[{"href":"https:\/\/tienda.gevalia.es\/index.php?rest_route=\/wp\/v2\/product\/1854","targetHints":{"allow":["GET"]}}],"collection":[{"href":"https:\/\/tienda.gevalia.es\/index.php?rest_route=\/wp\/v2\/product"}],"about":[{"href":"https:\/\/tienda.gevalia.es\/index.php?rest_route=\/wp\/v2\/types\/product"}],"replies":[{"embeddable":true,"href":"https:\/\/tienda.gevalia.es\/index.php?rest_route=%2Fwp%2Fv2%2Fcomments&post=1854"}],"wp:featuredmedia":[{"embeddable":true,"href":"https:\/\/tienda.gevalia.es\/index.php?rest_route=\/wp\/v2\/media\/2133"}],"wp:attachment":[{"href":"https:\/\/tienda.gevalia.es\/index.php?rest_route=%2Fwp%2Fv2%2Fmedia&parent=1854"}],"wp:term":[{"taxonomy":"product_cat","embeddable":true,"href":"https:\/\/tienda.gevalia.es\/index.php?rest_route=%2Fwp%2Fv2%2Fproduct_cat&post=1854"},{"taxonomy":"product_tag","embeddable":true,"href":"https:\/\/tienda.gevalia.es\/index.php?rest_route=%2Fwp%2Fv2%2Fproduct_tag&post=1854"}],"curies":[{"name":"wp","href":"https:\/\/api.w.org\/{rel}","templated":true}]}}