{"id":1855,"date":"2022-08-17T12:45:50","date_gmt":"2022-08-17T12:45:50","guid":{"rendered":"https:\/\/tienda.gevalia.es\/?post_type=product&#038;p=1855"},"modified":"2022-09-01T10:38:06","modified_gmt":"2022-09-01T10:38:06","slug":"trabajo-en-equipo","status":"publish","type":"product","link":"https:\/\/tienda.gevalia.es\/?product=trabajo-en-equipo","title":{"rendered":"Trabajo en equipo."},"content":{"rendered":"<p>Modalidad: On Line<br \/>\nDuraci\u00f3n: 30 Horas.<\/p>\n<h3 class=\"fusion-responsive-typography-calculated\" data-fontsize=\"22\" data-lineheight=\"35.2px\">Objetivos<\/h3>\n<p>Conocer los aspectos m\u00e1s importantes del trabajo en equipo relacionados con la creaci\u00f3n, la gesti\u00f3n de conflictos, el desarrollo de las tareas y t\u00e9cnicas para mejorar el proceso.<\/p>\n<p>&#8211; Conocer los aspectos y el proceso de creaci\u00f3n del trabajo en equipo, as\u00ed como las caracter\u00edsticas y ventajas que presenta.<br \/>\n&#8211; Conocer aspectos fundamentales para la gesti\u00f3n de conflictos en el trabajo en equipo, as\u00ed como para la superaci\u00f3n de las dificultades y obst\u00e1culos a trav\u00e9s de t\u00e9cnicas o estrategias.<br \/>\n&#8211; Conocer las diferentes estrategias, pautas y habilidades para un adecuado desarrollo del trabajo en equipo.<br \/>\n&#8211; Analizar las t\u00e9cnicas que favorecen el trabajo en equipo y su productividad dentro de una organizaci\u00f3n.<\/p>\n<h3 class=\"fusion-responsive-typography-calculated\" data-fontsize=\"22\" data-lineheight=\"35.2px\">Contenido Formativo<\/h3>\n<p><strong>Creaci\u00f3n del trabajo en equipo<\/strong><br \/>\n\u00bfQu\u00e9 es el trabajo en equipo?<br \/>\nCaracter\u00edsticas del trabajo en equipo<br \/>\nVentajas e inconvenientes<br \/>\nLa cultura del trabajo en equipo<\/p>\n<p><strong>Gesti\u00f3n del conflicto en el trabajo en equipo<\/strong><br \/>\nDificultades y obst\u00e1culos<br \/>\nDiagn\u00f3stico del problema<br \/>\nT\u00e9cnicas para resolver el conflicto<\/p>\n<p><strong>Desarrollar el trabajo en equipo<\/strong><br \/>\nLa importancia de la comunicaci\u00f3n<br \/>\nRoles<br \/>\nEstablecer pautas y normas<br \/>\nOrganizaci\u00f3n<\/p>\n<p><strong>T\u00e9cnicas para trabajar en equipo<\/strong><br \/>\nGeneraci\u00f3n de ideas<br \/>\nMotivaci\u00f3n<br \/>\nToma de decisiones<br \/>\nTrabajo colaborativo online<\/p>\n<h3 class=\"fusion-responsive-typography-calculated\" data-fontsize=\"22\" data-lineheight=\"35.2px\">\u00bfA qui\u00e9n va dirigido?<\/h3>\n<p>A aquellas personas que quieran aprender a desarrollar su capacidad para cooperar y trabajar en equipo, logrando as\u00ed generar un ambiente de trabajo que invite a la innovaci\u00f3n y a una mejor toma de decisiones.<\/p>\n<h3 class=\"fusion-responsive-typography-calculated\" data-fontsize=\"22\" data-lineheight=\"35.2px\">\u00bfPara qu\u00e9 te capacita?<\/h3>\n<p>Para aprender a organizar el trabajo diario de un equipo en funci\u00f3n de sus objetivos, resolviendo de manera adecuada los conflictos y adapt\u00e1ndose a las distintas necesidades mediante el desarrollo de habilidades personales.<\/p>\n<h3 class=\"fusion-responsive-typography-calculated\" data-fontsize=\"22\" data-lineheight=\"35.2px\">Otros datos de inter\u00e9s<\/h3>\n<p>&#8211; El trabajo en equipo conlleva el desarrollo de otras capacidades. Por lo tanto, este curso tambi\u00e9n te ayudar\u00e1 a:<\/p>\n<ul>\n<li>Elegir los comportamientos de colaboraci\u00f3n adecuados.<\/li>\n<li>Aumentar la capacidad de cooperaci\u00f3n entre los participantes.<\/li>\n<li>Responsabilizarse de los resultados alcanzados.<\/li>\n<li>Concretar acciones que pongan en pr\u00e1ctica los valores consensuados.<\/li>\n<\/ul>\n<p>&#8211; El contenido se presenta en base a situaciones que se producen en la vida diaria, a las que hay que enfrentarse y solucionar, por lo que se puede ver la aplicaci\u00f3n pr\u00e1ctica del contenido.<br \/>\n&#8211; Se presentan recursos muy atractivos para el alumnado, en distintos formatos, como son simulaciones de situaciones reales, esquemas, infograf\u00edas\u2026<br \/>\n&#8211; Se narra el contenido mediante audios, pero pudiendo ver visualmente en pantalla en todo momento de lo que se est\u00e1 hablando a trav\u00e9s de esquemas, infograf\u00edas, mapas conceptuales u otros recursos.<br \/>\n&#8211; Se definen t\u00e9rminos espec\u00edficos relacionados con la tem\u00e1tica.<br \/>\n&#8211;\u00a0Se incluyen distintos recursos complementarios para poder profundizar en el contenido y actividades para ponerlo en pr\u00e1ctica.<br \/>\n&#8211; Se incluyen preguntas de autoevaluaci\u00f3n que ayudar\u00e1n a aumentar la compresi\u00f3n del texto y facilitar su asimilaci\u00f3n.<\/p>\n","protected":false},"excerpt":{"rendered":"<p>Modalidad: On Line Duraci\u00f3n: 30 Horas. Objetivos Conocer los aspectos m\u00e1s importantes del trabajo en equipo relacionados con la creaci\u00f3n, la gesti\u00f3n de conflictos, el desarrollo de las tareas y t\u00e9cnicas para mejorar el proceso. &#8211; Conocer los aspectos y el proceso de creaci\u00f3n del&hellip;<\/p>\n","protected":false},"featured_media":2135,"comment_status":"closed","ping_status":"closed","template":"","meta":[],"product_cat":[49],"product_tag":[],"class_list":{"0":"post-1855","1":"product","2":"type-product","3":"status-publish","4":"has-post-thumbnail","6":"product_cat-administracion-y-gestion","8":"first","9":"instock","10":"sale","11":"taxable","12":"shipping-taxable","13":"purchasable","14":"product-type-simple"},"_links":{"self":[{"href":"https:\/\/tienda.gevalia.es\/index.php?rest_route=\/wp\/v2\/product\/1855","targetHints":{"allow":["GET"]}}],"collection":[{"href":"https:\/\/tienda.gevalia.es\/index.php?rest_route=\/wp\/v2\/product"}],"about":[{"href":"https:\/\/tienda.gevalia.es\/index.php?rest_route=\/wp\/v2\/types\/product"}],"replies":[{"embeddable":true,"href":"https:\/\/tienda.gevalia.es\/index.php?rest_route=%2Fwp%2Fv2%2Fcomments&post=1855"}],"wp:featuredmedia":[{"embeddable":true,"href":"https:\/\/tienda.gevalia.es\/index.php?rest_route=\/wp\/v2\/media\/2135"}],"wp:attachment":[{"href":"https:\/\/tienda.gevalia.es\/index.php?rest_route=%2Fwp%2Fv2%2Fmedia&parent=1855"}],"wp:term":[{"taxonomy":"product_cat","embeddable":true,"href":"https:\/\/tienda.gevalia.es\/index.php?rest_route=%2Fwp%2Fv2%2Fproduct_cat&post=1855"},{"taxonomy":"product_tag","embeddable":true,"href":"https:\/\/tienda.gevalia.es\/index.php?rest_route=%2Fwp%2Fv2%2Fproduct_tag&post=1855"}],"curies":[{"name":"wp","href":"https:\/\/api.w.org\/{rel}","templated":true}]}}