{"id":1857,"date":"2022-08-17T12:45:50","date_gmt":"2022-08-17T12:45:50","guid":{"rendered":"https:\/\/tienda.gevalia.es\/?post_type=product&#038;p=1857"},"modified":"2022-09-01T10:47:44","modified_gmt":"2022-09-01T10:47:44","slug":"aprovisionamiento-y-almacenaje-en-la-venta","status":"publish","type":"product","link":"https:\/\/tienda.gevalia.es\/?product=aprovisionamiento-y-almacenaje-en-la-venta","title":{"rendered":"Aprovisionamiento y almacenaje en la venta."},"content":{"rendered":"<p>Modalidad: On Line<br \/>\nDuraci\u00f3n: 60 Horas<\/p>\n<h3 class=\"fusion-responsive-typography-calculated\" data-fontsize=\"22\" data-lineheight=\"35.2px\">Objetivos<\/h3>\n<p>&#8211; Aplicar procedimientos de organizaci\u00f3n e implantaci\u00f3n en el punto de venta f\u00edsico en funci\u00f3n de unos criterios comerciales previamente definidos.<br \/>\n&#8211; Confeccionar informes derivados de la actuaci\u00f3n en la venta, de acuerdo con objetivos definidos.<br \/>\n&#8211; Aplicar las t\u00e9cnicas de empaquetado y embalado siguiendo criterios definidos.<\/p>\n<p>&nbsp;<\/p>\n","protected":false},"excerpt":{"rendered":"<p>Modalidad: On Line Duraci\u00f3n: 60 Horas Objetivos &#8211; Aplicar procedimientos de organizaci\u00f3n e implantaci\u00f3n en el punto de venta f\u00edsico en funci\u00f3n de unos criterios comerciales previamente definidos. &#8211; Confeccionar informes derivados de la actuaci\u00f3n en la venta, de acuerdo con objetivos definidos. &#8211; Aplicar&hellip;<\/p>\n","protected":false},"featured_media":2069,"comment_status":"closed","ping_status":"closed","template":"","meta":[],"product_cat":[50],"product_tag":[],"class_list":{"0":"post-1857","1":"product","2":"type-product","3":"status-publish","4":"has-post-thumbnail","6":"product_cat-comercio-y-marketing","8":"first","9":"instock","10":"sale","11":"taxable","12":"shipping-taxable","13":"purchasable","14":"product-type-simple"},"_links":{"self":[{"href":"https:\/\/tienda.gevalia.es\/index.php?rest_route=\/wp\/v2\/product\/1857","targetHints":{"allow":["GET"]}}],"collection":[{"href":"https:\/\/tienda.gevalia.es\/index.php?rest_route=\/wp\/v2\/product"}],"about":[{"href":"https:\/\/tienda.gevalia.es\/index.php?rest_route=\/wp\/v2\/types\/product"}],"replies":[{"embeddable":true,"href":"https:\/\/tienda.gevalia.es\/index.php?rest_route=%2Fwp%2Fv2%2Fcomments&post=1857"}],"wp:featuredmedia":[{"embeddable":true,"href":"https:\/\/tienda.gevalia.es\/index.php?rest_route=\/wp\/v2\/media\/2069"}],"wp:attachment":[{"href":"https:\/\/tienda.gevalia.es\/index.php?rest_route=%2Fwp%2Fv2%2Fmedia&parent=1857"}],"wp:term":[{"taxonomy":"product_cat","embeddable":true,"href":"https:\/\/tienda.gevalia.es\/index.php?rest_route=%2Fwp%2Fv2%2Fproduct_cat&post=1857"},{"taxonomy":"product_tag","embeddable":true,"href":"https:\/\/tienda.gevalia.es\/index.php?rest_route=%2Fwp%2Fv2%2Fproduct_tag&post=1857"}],"curies":[{"name":"wp","href":"https:\/\/api.w.org\/{rel}","templated":true}]}}