{"id":1858,"date":"2022-08-17T12:45:51","date_gmt":"2022-08-17T12:45:51","guid":{"rendered":"https:\/\/tienda.gevalia.es\/?post_type=product&#038;p=1858"},"modified":"2022-09-01T11:12:22","modified_gmt":"2022-09-01T11:12:22","slug":"atencion-al-cliente-y-calidad-en-el-servicio","status":"publish","type":"product","link":"https:\/\/tienda.gevalia.es\/?product=atencion-al-cliente-y-calidad-en-el-servicio","title":{"rendered":"Atenci\u00f3n al cliente y calidad en el servicio."},"content":{"rendered":"<p>Modalidad: On Line<br \/>\nDuraci\u00f3n: 25 Horas<\/p>\n<h3 class=\"fusion-responsive-typography-calculated\" data-fontsize=\"22\" data-lineheight=\"35.2px\">Objetivos<\/h3>\n<p>Proporcionar habilidades, recursos y t\u00e9cnicas para mejorar la relaci\u00f3n y el trato con el cliente y satisfacer sus expectativas, mejorando la calidad en el servicio prestado.<\/p>\n<p>&#8211; Reconocer la importancia de la atenci\u00f3n al cliente en las organizaciones.<br \/>\n&#8211; Prestar un servicio de calidad en la atenci\u00f3n al cliente.<br \/>\n&#8211; Comunicarse con los clientes utilizando los recursos m\u00e1s adecuados en cada caso.<br \/>\n&#8211; Atender adecuadamente las quejas y reclamaciones de los consumidores.<\/p>\n<h3 class=\"fusion-responsive-typography-calculated\" data-fontsize=\"22\" data-lineheight=\"35.2px\">Contenido Formativo<\/h3>\n<p><strong>Importancia de la atenci\u00f3n al cliente<\/strong><br \/>\nIntroducci\u00f3n.<br \/>\nTodos somos clientes.<br \/>\nPrincipios de la atenci\u00f3n al cliente.<br \/>\n&#8211; Disposici\u00f3n previa.<br \/>\n&#8211; Respeto y amabilidad.<br \/>\n&#8211; Indicaci\u00f3n en la respuesta.<br \/>\n&#8211; Servicio al cliente.<br \/>\n&#8211; Vocabulario adecuado.<br \/>\nConcepto de calidad \u00fatil y coste de la no calidad.<br \/>\n&#8211; Concepto y origen de la calidad.<br \/>\n&#8211; La retroalimentaci\u00f3n del sistema.<br \/>\nTipos de necesidades y c\u00f3mo atenderlas.<br \/>\n&#8211; Detecci\u00f3n de las necesidades del consumidor.<br \/>\n&#8211; Clasificaci\u00f3n de las necesidades seg\u00fan distintos tipos de criterios.<br \/>\n&#8211; H\u00e1bitos y comportamiento del consumidor: variables internas y externas que influyen en el consumidor.<br \/>\nLos trabajadores y la atenci\u00f3n al cliente. El trato personalizado.<br \/>\nEl servicio de atenci\u00f3n al cliente.<br \/>\nResumen.<\/p>\n<p><strong>Calidad en la atenci\u00f3n al cliente<\/strong><br \/>\nIntroducci\u00f3n.<br \/>\nPlanificaci\u00f3n y organizaci\u00f3n de la atenci\u00f3n al cliente.<br \/>\n&#8211; Gesti\u00f3n de las relaciones con los clientes.<br \/>\nGesti\u00f3n de la calidad en la atenci\u00f3n al cliente.<br \/>\nCliente interno y externo.<br \/>\nIndicadores de satisfacci\u00f3n al cliente.<br \/>\n&#8211; Elementos que conforman la satisfacci\u00f3n del cliente.<br \/>\nPotencial para el trato con clientes.<br \/>\nEl profesional de la atenci\u00f3n al cliente. Cualificaci\u00f3n, formaci\u00f3n y motivaci\u00f3n.<br \/>\n&#8211; La motivaci\u00f3n personal y la excelencia empresarial.<br \/>\nResumen.<\/p>\n<p><strong>La comunicaci\u00f3n. Fases en la atenci\u00f3n al cliente<\/strong><br \/>\nIntroducci\u00f3n.<br \/>\nConocer los productos, conocer los clientes.<br \/>\nFases en la atenci\u00f3n al cliente: presentaci\u00f3n, acogida, atenci\u00f3n, informaci\u00f3n, cierre y despedida.<br \/>\nLa escucha y empat\u00eda.<br \/>\n&#8211; La escucha activa: concepto, utilidades y ventajas de la escucha efectiva.<br \/>\n&#8211; Empat\u00eda. \u00bfC\u00f3mo expresar la empat\u00eda?<br \/>\nT\u00e9cnicas de comunicaci\u00f3n verbal, no verbal, telef\u00f3nica y escrita.<br \/>\n&#8211; Comunicaci\u00f3n verbal.<br \/>\n&#8211; Comunicaci\u00f3n no verbal.<br \/>\n&#8211; Comunicaci\u00f3n telef\u00f3nica.<br \/>\n&#8211; Comunicaci\u00f3n escrita.<br \/>\nResumen.<\/p>\n<p><strong>Atenci\u00f3n de quejas y reclamaciones<\/strong><br \/>\nIntroducci\u00f3n.<br \/>\nEntender c\u00f3mo manejar las quejas.<br \/>\nSituaciones en la atenci\u00f3n al cliente: clientes dif\u00edciles, quejas y reclamaciones.<br \/>\n&#8211; Autocontrol.<br \/>\n&#8211; Tratamiento de cada una de las situaciones de atenci\u00f3n b\u00e1sica.<br \/>\nEnfoques para resolver la situaci\u00f3n.<br \/>\nProceso de resoluci\u00f3n de la situaci\u00f3n conflictiva.<br \/>\nConducta asertiva y sus t\u00e9cnicas.<br \/>\nResumen.<\/p>\n<h3 class=\"fusion-responsive-typography-calculated\" data-fontsize=\"22\" data-lineheight=\"35.2px\">\u00bfA qui\u00e9n va dirigido?<\/h3>\n<p>A profesionales de la atenci\u00f3n al cliente, a cualquier persona que trabaja cara al p\u00fablico, a estudiantes universitarios, a cualquier persona interesada en adquirir o ampliar sus conocimientos en la gesti\u00f3n de la atenci\u00f3n al cliente.<\/p>\n<h3 class=\"fusion-responsive-typography-calculated\" data-fontsize=\"22\" data-lineheight=\"35.2px\">\u00bfPara qu\u00e9 te capacita?<\/h3>\n<p>Para poner en pr\u00e1ctica los medios y herramientas existentes en la gesti\u00f3n de la atenci\u00f3n al cliente que permitan desarrollar dicho servicio de atenci\u00f3n de manera eficaz y eficiente, con la m\u00e1xima calidad.<br \/>\nLa entidad que lleve estos conocimientos a la pr\u00e1ctica conseguir\u00e1 acercarse a la filosof\u00eda de la Calidad Total, basada en la perfecta dinamizaci\u00f3n de sus procesos basados en la eficiencia y eficacia, llevando consigo una Satisfacci\u00f3n del Cliente que ser\u00e1 la llave que abra la puerta del \u00e9xito empresarial a trav\u00e9s de la ampliaci\u00f3n progresiva del n\u00famero de clientes, que a su vez reciban la mejora continua de los procesos organizacionales.<\/p>\n<h3 class=\"fusion-responsive-typography-calculated\" data-fontsize=\"22\" data-lineheight=\"35.2px\">Otros datos de inter\u00e9s<\/h3>\n<p>&#8211; Capacita al alumnado para entender y poner en pr\u00e1ctica los procesos de gesti\u00f3n de la atenci\u00f3n al cliente.<br \/>\n&#8211; El alumnado conocer\u00e1, adem\u00e1s, los procesos de calidad implicados en el servicio al cliente y los aspectos legales que rigen el mismo.<br \/>\n&#8211; Capacita a los alumnos para sacar el m\u00e1ximo partido a la comunicaci\u00f3n con el cliente.<br \/>\n&#8211; El alumnado sin conocimientos previos que desee adquirir una buena base en materia de atenci\u00f3n al cliente y los profesionales que deseen ampliar sus conocimientos encontrar\u00e1n en el curso una magn\u00edfica fuente de recursos y aprendizaje.<br \/>\n&#8211; Se muestran ejemplos y aplicaciones pr\u00e1cticas, que ayudan a la comprensi\u00f3n de los contenidos tratados.<br \/>\n&#8211; Al final de cada unidad se incluyen tambi\u00e9n ejercicios de autoevaluaci\u00f3n, con los que el alumnado podr\u00e1 comprobar su nivel de aprendizaje.<\/p>\n","protected":false},"excerpt":{"rendered":"<p>Modalidad: On Line Duraci\u00f3n: 25 Horas Objetivos Proporcionar habilidades, recursos y t\u00e9cnicas para mejorar la relaci\u00f3n y el trato con el cliente y satisfacer sus expectativas, mejorando la calidad en el servicio prestado. &#8211; Reconocer la importancia de la atenci\u00f3n al cliente en las organizaciones.&hellip;<\/p>\n","protected":false},"featured_media":2139,"comment_status":"closed","ping_status":"closed","template":"","meta":[],"product_cat":[50],"product_tag":[],"class_list":{"0":"post-1858","1":"product","2":"type-product","3":"status-publish","4":"has-post-thumbnail","6":"product_cat-comercio-y-marketing","8":"first","9":"instock","10":"sale","11":"taxable","12":"shipping-taxable","13":"purchasable","14":"product-type-simple"},"_links":{"self":[{"href":"https:\/\/tienda.gevalia.es\/index.php?rest_route=\/wp\/v2\/product\/1858","targetHints":{"allow":["GET"]}}],"collection":[{"href":"https:\/\/tienda.gevalia.es\/index.php?rest_route=\/wp\/v2\/product"}],"about":[{"href":"https:\/\/tienda.gevalia.es\/index.php?rest_route=\/wp\/v2\/types\/product"}],"replies":[{"embeddable":true,"href":"https:\/\/tienda.gevalia.es\/index.php?rest_route=%2Fwp%2Fv2%2Fcomments&post=1858"}],"wp:featuredmedia":[{"embeddable":true,"href":"https:\/\/tienda.gevalia.es\/index.php?rest_route=\/wp\/v2\/media\/2139"}],"wp:attachment":[{"href":"https:\/\/tienda.gevalia.es\/index.php?rest_route=%2Fwp%2Fv2%2Fmedia&parent=1858"}],"wp:term":[{"taxonomy":"product_cat","embeddable":true,"href":"https:\/\/tienda.gevalia.es\/index.php?rest_route=%2Fwp%2Fv2%2Fproduct_cat&post=1858"},{"taxonomy":"product_tag","embeddable":true,"href":"https:\/\/tienda.gevalia.es\/index.php?rest_route=%2Fwp%2Fv2%2Fproduct_tag&post=1858"}],"curies":[{"name":"wp","href":"https:\/\/api.w.org\/{rel}","templated":true}]}}