{"id":1859,"date":"2022-08-17T12:45:51","date_gmt":"2022-08-17T12:45:51","guid":{"rendered":"https:\/\/tienda.gevalia.es\/?post_type=product&#038;p=1859"},"modified":"2022-09-01T11:46:09","modified_gmt":"2022-09-01T11:46:09","slug":"atencion-basica-al-cliente","status":"publish","type":"product","link":"https:\/\/tienda.gevalia.es\/?product=atencion-basica-al-cliente","title":{"rendered":"Atenci\u00f3n b\u00e1sica al cliente."},"content":{"rendered":"<p>Modalidad: On Line<br \/>\nDuraci\u00f3n: 50 Horas.<\/p>\n<h3 class=\"fusion-responsive-typography-calculated\" data-fontsize=\"22\" data-lineheight=\"35.2px\">Objetivos<\/h3>\n<p>&#8211; Aplicar t\u00e9cnicas de comunicaci\u00f3n b\u00e1sica en distintas situaciones de atenci\u00f3n y trato en funci\u00f3n de distintos elementos, barreras, dificultades y alteraciones.<br \/>\n&#8211; Adoptar actitudes y comportamientos que proporcionen una atenci\u00f3n efectiva y de calidad de servicio al cliente en situaciones sencillas de atenci\u00f3n b\u00e1sica en el punto de venta.<br \/>\n&#8211; Aplicar t\u00e9cnicas de atenci\u00f3n b\u00e1sica en distintas situaciones de demanda de informaci\u00f3n y solicitud de clientes.<br \/>\n&#8211; Adoptar pautas de comportamiento asertivo adapt\u00e1ndolas a situaciones de reclamaciones y\/o solicitudes de clientes en el punto de venta o reparto a domicilio.<\/p>\n<h3 class=\"fusion-responsive-typography-calculated\" data-fontsize=\"22\" data-lineheight=\"35.2px\">Contenido Formativo<\/h3>\n<p><strong>T\u00e9cnicas de comunicaci\u00f3n con clientes<\/strong><br \/>\nIntroducci\u00f3n<br \/>\nProcesos de informaci\u00f3n y comunicaci\u00f3n con clientes<br \/>\nBarreras en la comunicaci\u00f3n con el cliente<br \/>\nPuntos fuertes y d\u00e9biles en el proceso de comunicaci\u00f3n<br \/>\nElementos del proceso de comunicaci\u00f3n efectiva<br \/>\nLa escucha activa<br \/>\nConsecuencias de una comunicaci\u00f3n no efectiva<br \/>\nResumen<\/p>\n<p><strong>T\u00e9cnicas de atenci\u00f3n b\u00e1sica a clientes<\/strong><br \/>\nIntroducci\u00f3n<br \/>\nTipolog\u00eda de clientes<br \/>\nComunicaci\u00f3n verbal y no verbal<br \/>\nPautas de comportamiento<br \/>\nEstilos de respuesta en la interacci\u00f3n verbal: asertivo, agresivo y no asertivo<br \/>\nT\u00e9cnicas de asertividad<br \/>\nLa atenci\u00f3n telef\u00f3nica<br \/>\nTratamiento de cada una de las situaciones de atenci\u00f3n b\u00e1sica<br \/>\nEl proceso de atenci\u00f3n de las reclamaciones en el establecimiento comercial o en el reparto domiciliario<br \/>\nPautas de comportamiento en el proceso de atenci\u00f3n a las reclamaciones<br \/>\nDocumentaci\u00f3n de las reclamaciones e informaci\u00f3n que deben contener<br \/>\nResumen<\/p>\n<p><strong>La calidad de servicio en la atenci\u00f3n al cliente<\/strong><br \/>\nIntroducci\u00f3n<br \/>\nConcepto y origen de la calidad<br \/>\nLa gesti\u00f3n de la calidad en las empresas comerciales<br \/>\nEl control y el aseguramiento de la calidad<br \/>\nLa retroalimentaci\u00f3n del sistema<br \/>\nLa satisfacci\u00f3n del cliente<br \/>\nLa motivaci\u00f3n personal y la excelencia empresarial<br \/>\nLa reorganizaci\u00f3n seg\u00fan criterios de calidad<br \/>\nLas Normas ISO 9000<br \/>\nResumen<\/p>\n<h3 class=\"fusion-responsive-typography-calculated\" data-fontsize=\"22\" data-lineheight=\"35.2px\">\u00bfA qui\u00e9n va dirigido?<\/h3>\n<p>Reponedores\/as de hipermercado.<br \/>\nReponedor\/a.<br \/>\nRepartidores\/as de proximidad, a pie.<br \/>\nEmbaladores\/as-empaquetadores\/as-etiquetadores\/as, a mano<br \/>\nPreparador\/a de pedidos.<br \/>\nAuxiliar de dependiente de comercio<\/p>\n<h3 class=\"fusion-responsive-typography-calculated\" data-fontsize=\"22\" data-lineheight=\"35.2px\">\u00bfPara qu\u00e9 te capacita?<\/h3>\n<p>Para ser un aut\u00e9ntico profesional de la atenci\u00f3n al cliente en el mercado actual, preparado ante los continuos cambios que se producen en los diversos sectores hoy en d\u00eda, ya que se centra en el conocimiento de la importancia vital que para cualquier empresa significa la atenci\u00f3n al \u00a0cliente, como mejor herramienta ante el crecimiento progresivo de la competencia, los nuevos sistemas de venta, la globalizaci\u00f3n de las econom\u00edas, los cambios en las formas de consumo de la sociedad y el aumento de la exigencia de los clientes en todo lo referente a la cortes\u00eda, la comunicaci\u00f3n interpersonal y la b\u00fasqueda del valor a\u00f1adido de las organizaciones. Por otra parte, el manual permite al alumno conocer los sistemas del proceso de calidad como un todo permanente y continuo, de obligado cumplimiento por parte de todos los integrantes de una empresa, siempre que est\u00e9n m\u00ednimamente interesados en su permanencia y desarrollo en un sector determinado.<\/p>\n<h3 class=\"fusion-responsive-typography-calculated\" data-fontsize=\"22\" data-lineheight=\"35.2px\">Otros datos de inter\u00e9s<\/h3>\n<p>&#8211; Este curso presenta ejercicios de autoevaluaci\u00f3n que refuerzan los contenidos vistos a lo largo del mismo.<br \/>\n&#8211; A lo largo de los cap\u00edtulos se detallan aplicaciones pr\u00e1cticas para facilitar una mejor asimilaci\u00f3n de los contenidos expuestos.<br \/>\n&#8211; Asimismo, este curso contiene bibliograf\u00eda de recomendada lectura, con el objeto de desarrollar aspectos concretos citados en el mismo.<\/p>\n","protected":false},"excerpt":{"rendered":"<p>Modalidad: On Line Duraci\u00f3n: 50 Horas. Objetivos &#8211; Aplicar t\u00e9cnicas de comunicaci\u00f3n b\u00e1sica en distintas situaciones de atenci\u00f3n y trato en funci\u00f3n de distintos elementos, barreras, dificultades y alteraciones. &#8211; Adoptar actitudes y comportamientos que proporcionen una atenci\u00f3n efectiva y de calidad de servicio al&hellip;<\/p>\n","protected":false},"featured_media":2141,"comment_status":"closed","ping_status":"closed","template":"","meta":[],"product_cat":[50],"product_tag":[],"class_list":{"0":"post-1859","1":"product","2":"type-product","3":"status-publish","4":"has-post-thumbnail","6":"product_cat-comercio-y-marketing","8":"first","9":"instock","10":"sale","11":"taxable","12":"shipping-taxable","13":"purchasable","14":"product-type-simple"},"_links":{"self":[{"href":"https:\/\/tienda.gevalia.es\/index.php?rest_route=\/wp\/v2\/product\/1859","targetHints":{"allow":["GET"]}}],"collection":[{"href":"https:\/\/tienda.gevalia.es\/index.php?rest_route=\/wp\/v2\/product"}],"about":[{"href":"https:\/\/tienda.gevalia.es\/index.php?rest_route=\/wp\/v2\/types\/product"}],"replies":[{"embeddable":true,"href":"https:\/\/tienda.gevalia.es\/index.php?rest_route=%2Fwp%2Fv2%2Fcomments&post=1859"}],"wp:featuredmedia":[{"embeddable":true,"href":"https:\/\/tienda.gevalia.es\/index.php?rest_route=\/wp\/v2\/media\/2141"}],"wp:attachment":[{"href":"https:\/\/tienda.gevalia.es\/index.php?rest_route=%2Fwp%2Fv2%2Fmedia&parent=1859"}],"wp:term":[{"taxonomy":"product_cat","embeddable":true,"href":"https:\/\/tienda.gevalia.es\/index.php?rest_route=%2Fwp%2Fv2%2Fproduct_cat&post=1859"},{"taxonomy":"product_tag","embeddable":true,"href":"https:\/\/tienda.gevalia.es\/index.php?rest_route=%2Fwp%2Fv2%2Fproduct_tag&post=1859"}],"curies":[{"name":"wp","href":"https:\/\/api.w.org\/{rel}","templated":true}]}}