{"id":1864,"date":"2022-08-17T12:45:51","date_gmt":"2022-08-17T12:45:51","guid":{"rendered":"https:\/\/tienda.gevalia.es\/?post_type=product&#038;p=1864"},"modified":"2022-09-01T12:28:49","modified_gmt":"2022-09-01T12:28:49","slug":"estrategias-de-servicios-calidad-y-orientacion-al-cliente","status":"publish","type":"product","link":"https:\/\/tienda.gevalia.es\/?product=estrategias-de-servicios-calidad-y-orientacion-al-cliente","title":{"rendered":"Estrategias de servicios: Calidad y orientaci\u00f3n al cliente."},"content":{"rendered":"<p>Modalidad: On Line<br \/>\nDuraci\u00f3n: 100 Horas<\/p>\n<h3 class=\"fusion-responsive-typography-calculated\" data-fontsize=\"22\" data-lineheight=\"35.2px\">Objetivos<\/h3>\n<p>&#8211; Identificar las estrategias orientadas a la mejora de la atenci\u00f3n, comunicaci\u00f3n y servicio al cliente, siendo capaz de aplicar los programas de calidad en el servicio y medir la satisfacci\u00f3n del cliente.<br \/>\n&#8211; Introducir al alumno el concepto de calidad de servicio y satisfacci\u00f3n del cliente.<br \/>\n&#8211; Conocer los aspectos de calidad de servicio que busca el cliente y responder a sus demandas.<br \/>\n&#8211; Aprender a gestionar los procesos de calidad del servicio.<br \/>\n&#8211; Identificar la estrategia m\u00e1s adecuada para facilitar los servicios al p\u00fablico con el fin de incrementar su satisfacci\u00f3n.<br \/>\n&#8211; Aplicar t\u00e9cnicas de comunicaci\u00f3n de forma que el cliente est\u00e9 bien atendido.<br \/>\n&#8211; Mejorar la motivaci\u00f3n de las personas que atienden a clientes y conseguir que los colaboradores deseen que vuelvan.<br \/>\n&#8211; Comprender la importancia de establecer normas o especificaciones en las empresas con objeto de satisfacer las expectativas y percepciones de los clientes.<br \/>\n&#8211; Distinguir los aspectos referidos a la calidad del servicio dise\u00f1ada, entregada y percibida para el cliente.<br \/>\n&#8211; Saber detectar, organizar, analizar y corregir todas las desviaciones de la norma de calidad con la finalidad de satisfacer tanto al cliente externo como al interno.<br \/>\n&#8211; Conocer la importancia de medir la satisfacci\u00f3n del cliente.<br \/>\n&#8211; Comprender la importancia y las fases de la puesta en marcha de un programa de calidad en la organizaci\u00f3n, con el fin de ofrecer satisfacci\u00f3n al cliente.<br \/>\n&#8211; Aprender a gestionar los procesos de atenci\u00f3n telef\u00f3nica en la recepci\u00f3n y emisi\u00f3n de llamadas.<br \/>\n&#8211; Comprender las claves de una buena atenci\u00f3n al cliente en diferentes sectores econ\u00f3micos y de servicios.<br \/>\n&#8211; Saber reconocer ejemplos de la mala atenci\u00f3n al cliente en diversos sectores productivos, sus consecuencias en la empresa y c\u00f3mo se pueden mejorar.<\/p>\n<h3 class=\"fusion-responsive-typography-calculated\" data-fontsize=\"22\" data-lineheight=\"35.2px\">Contenido Formativo<\/h3>\n<p><strong>Calidad y servicio: algunas definiciones<\/strong><br \/>\nLa calidad.<br \/>\nEl servicio.<\/p>\n<p><strong>La importancia de la calidad del servicio (tu tienda por dentro [<em>back office])<\/em><\/strong><br \/>\nUn cliente siempre exigente.<br \/>\nLa importancia de los s\u00edmbolos y de la informaci\u00f3n de la calidad del servicio.<br \/>\nCuanto m\u00e1s inmaterial sea un servicio, m\u00e1s influencia tendr\u00e1n sus aspectos tangibles.<br \/>\nLa motivaci\u00f3n del cliente es lo que determina la calidad del servicio.<br \/>\nLa calidad del servicio es total o inexistente.<br \/>\nEl concepto de calidad var\u00eda seg\u00fan las culturas.<br \/>\nLa satisfacci\u00f3n del cliente: un secreto que desvelar.<\/p>\n<p><strong>Gesti\u00f3n de la calidad en el servicio<\/strong><br \/>\n\u00bfPor qu\u00e9 son diferentes las empresas de servicios?<br \/>\nDificultades de gestionar la calidad del servicio.<br \/>\nCosto de calidad y de la falta de calidad.<br \/>\nGesti\u00f3n de la calidad del servicio: un asunto de m\u00e9todos.<\/p>\n<p><strong>Las estrategias del servicio<\/strong><br \/>\nIntroducci\u00f3n.<br \/>\nEl cliente es el rey.<br \/>\nCompetir en los precios o en las diferencias.<br \/>\nEstrategias de servicio de productos.<br \/>\nEstrategia de servicios para los servicios.<br \/>\nLa estrategia de servicios: una promesa.<\/p>\n<p><strong>La comunicaci\u00f3n del servicio<\/strong><br \/>\nAfirmar la diferencia.<br \/>\nAmoldarse a las expectativas del cliente.<br \/>\nReducir el riesgo percibido por el cliente.<br \/>\nMaterializar el servicio.<br \/>\nEn materia de servicios todo es comunicaci\u00f3n.<br \/>\nContar con los distribuidores.<br \/>\nMotivar al personal: un empleado convencido es un cliente convencido.<\/p>\n<p><strong>Las normas de calidad del servicio<\/strong><br \/>\nIntroducci\u00f3n.<br \/>\nLa norma es el resultado esperado por el cliente.<br \/>\nLa norma debe ser ponderable.<br \/>\nLas normas de calidad del servicio deben ser utilizadas por toda la organizaci\u00f3n.<br \/>\nFormar al personal en las normas de calidad.<br \/>\nPrestar un servicio orientado al cliente.<\/p>\n<p><strong>Calidad del servicio: aspectos generales<\/strong><br \/>\nCalidad y servicio: aspectos generales.<br \/>\nEl cliente y su percepci\u00f3n del servicio.<br \/>\nLas empresas de servicios.<br \/>\nLas estrategias de las empresas de servicios.<br \/>\nLa comunicaci\u00f3n y las normas de calidad.<\/p>\n<p><strong>La caza de errores<\/strong><br \/>\nIntroducci\u00f3n.<br \/>\nHacerlo bien a la primera.<br \/>\nEl \u201ccero errores\u201d pasa tambi\u00e9n por una caza implacable de errores.<\/p>\n<p><strong>Medir la satisfacci\u00f3n del cliente<\/strong><br \/>\nIntroducci\u00f3n.<br \/>\nValor para el cliente.<br \/>\nSatisfacci\u00f3n para el consumidor.<br \/>\nLas encuestas de satisfacci\u00f3n.<br \/>\nLas cartas de reclamaci\u00f3n: una fuente de beneficios.<br \/>\nLa opini\u00f3n ajena.<\/p>\n<p><strong>\u00bfC\u00f3mo lanzar un programa de calidad?<\/strong><br \/>\nIntroducci\u00f3n.<br \/>\nEl diagn\u00f3stico: un punto de vista ineludible.<br \/>\nA la b\u00fasqueda del \u201ccero defectos\u201d.<br \/>\nReconsideraci\u00f3n del servicio prestado.<br \/>\nUn tronco com\u00fan de excelencia para ramas del servicio.<\/p>\n<p><strong>Atenci\u00f3n telef\u00f3nica en la gesti\u00f3n de la calidad del servicio<\/strong><br \/>\nIntroducci\u00f3n.<br \/>\nPreparaci\u00f3n t\u00e9cnica.<br \/>\nPreparaci\u00f3n t\u00e1ctica.<br \/>\nDesarrollo pr\u00e1ctico o t\u00e9cnica del uso del tel\u00e9fono.<br \/>\nAlgunas recomendaciones al hablar por tel\u00e9fono.<\/p>\n<p><strong>Caracter\u00edsticas espec\u00edficas de la atenci\u00f3n al cliente en diferentes sectores. Ejemplos de mala calidad en el servicio<\/strong><br \/>\nAeropuerto.<br \/>\nBanco.<br \/>\nSupermercado.<br \/>\nLas tarjetas de cr\u00e9dito.<br \/>\nEmpresas de mantenimiento.<br \/>\nHotel.<br \/>\nEmpresa de alquiler de coches.<br \/>\nUn concesionario de coches.<br \/>\nUn juego de sal\u00f3n que termina en el lugar de partida.<br \/>\nUna agencia de seguros.<br \/>\nUnos informativos.<br \/>\nLa cat\u00e1strofe de Chern\u00f3bil: diferencias culturales.<br \/>\nUna caldera ruidosa.<br \/>\nUn instituto de estad\u00edstica.<br \/>\nUna tienda de muebles.<\/p>\n<h3 class=\"fusion-responsive-typography-calculated\" data-fontsize=\"22\" data-lineheight=\"35.2px\">\u00bfA qui\u00e9n va dirigido?<\/h3>\n<p>A cualquier persona con la necesidad de conocer y gestionar la atenci\u00f3n al cliente en su empresa o negocio proporcionando la m\u00e1xima satisfacci\u00f3n al cliente.<\/p>\n<h3 class=\"fusion-responsive-typography-calculated\" data-fontsize=\"22\" data-lineheight=\"35.2px\">\u00bfPara qu\u00e9 te capacita?<\/h3>\n<p>Para desarrollar y gestionar la atenci\u00f3n al cliente con calidad y plena satisfacci\u00f3n.<\/p>\n<h3 class=\"fusion-responsive-typography-calculated\" data-fontsize=\"22\" data-lineheight=\"35.2px\">Otros datos de inter\u00e9s<\/h3>\n<p>&#8211; Conocer el concepto de calidad de servicio y satisfacci\u00f3n del cliente.<br \/>\n&#8211; Saber reconocer lo que los clientes esperan: sus necesidades y c\u00f3mo llegar a satisfacerlas, a\u00f1adiendo valor a nuestra oferta.<br \/>\n&#8211; Relacionar las caracter\u00edsticas del producto o servicio que se ofrecen con los beneficios intangibles y tangibles que puede obtener el cliente, teniendo en cuenta sus motivaciones.<br \/>\n&#8211; Identificar las diferentes caracter\u00edsticas, tipos y momento en el que se prestan los servicios.<br \/>\n&#8211; Gestionar e identificar los procesos de gesti\u00f3n de la calidad en los servicios que a\u00f1aden valor al consumidor de los que no lo hacen y cu\u00e1l es el costo asociado para la organizaci\u00f3n.<br \/>\n&#8211; Diferenciar las principales estrategias del servicio al cliente y aplicar la m\u00e1s adecuada en cada momento.<br \/>\n&#8211; Mejorar la motivaci\u00f3n de las personas que atienden a clientes y conseguir que los colaboradores deseen que vuelvan.<br \/>\n&#8211; Clasificar a los clientes por el estilo de su personalidad respondiendo eficazmente a los comportamientos espec\u00edficos y que permitan atenderlos mejor.<br \/>\n&#8211; Comprender que la calidad que ofrecemos a los clientes proviene de que las normas son conocidas por toda la organizaci\u00f3n y todos son part\u00edcipes de estas.<br \/>\n&#8211; Determinar la importancia de la formaci\u00f3n en normas de calidad de servicio al cliente.<br \/>\n&#8211; Saber detectar, organizar, analizar y corregir todas las desviaciones de la norma de calidad con la finalidad de satisfacer tanto al cliente externo como interno.<br \/>\n&#8211; Diagnosticar como organizaci\u00f3n los errores de calidad y tener en cuenta los costos asociados con objeto de tomar acciones correctoras.<br \/>\n&#8211; Detectar a trav\u00e9s de una t\u00e9cnica de recogida de datos la opini\u00f3n de los clientes sobre un establecimiento.<br \/>\n&#8211; Conocer las t\u00e9cnicas m\u00e1s apropiadas para una eficaz gesti\u00f3n de las quejas y reclamaciones recibidas y poder emplearlas como modo de acercamiento a los clientes.<br \/>\n&#8211; Prevenir la no satisfacci\u00f3n del cliente, reduciendo el n\u00famero de errores en el servicio, ahorrando consiguientemente en costes de no-calidad.<br \/>\n&#8211; Aprender a gestionar los procesos de atenci\u00f3n telef\u00f3nica en la recepci\u00f3n y emisi\u00f3n de llamadas.<br \/>\n&#8211; Diferenciar los aspectos que generan malas pr\u00e1cticas profesionales de las buenas pr\u00e1cticas a la hora de satisfacer al cliente.<\/p>\n","protected":false},"excerpt":{"rendered":"<p>Modalidad: On Line Duraci\u00f3n: 100 Horas Objetivos &#8211; Identificar las estrategias orientadas a la mejora de la atenci\u00f3n, comunicaci\u00f3n y servicio al cliente, siendo capaz de aplicar los programas de calidad en el servicio y medir la satisfacci\u00f3n del cliente. &#8211; Introducir al alumno el&hellip;<\/p>\n","protected":false},"featured_media":2149,"comment_status":"closed","ping_status":"closed","template":"","meta":[],"product_cat":[50],"product_tag":[],"class_list":{"0":"post-1864","1":"product","2":"type-product","3":"status-publish","4":"has-post-thumbnail","6":"product_cat-comercio-y-marketing","8":"first","9":"instock","10":"sale","11":"taxable","12":"shipping-taxable","13":"purchasable","14":"product-type-simple"},"_links":{"self":[{"href":"https:\/\/tienda.gevalia.es\/index.php?rest_route=\/wp\/v2\/product\/1864","targetHints":{"allow":["GET"]}}],"collection":[{"href":"https:\/\/tienda.gevalia.es\/index.php?rest_route=\/wp\/v2\/product"}],"about":[{"href":"https:\/\/tienda.gevalia.es\/index.php?rest_route=\/wp\/v2\/types\/product"}],"replies":[{"embeddable":true,"href":"https:\/\/tienda.gevalia.es\/index.php?rest_route=%2Fwp%2Fv2%2Fcomments&post=1864"}],"wp:featuredmedia":[{"embeddable":true,"href":"https:\/\/tienda.gevalia.es\/index.php?rest_route=\/wp\/v2\/media\/2149"}],"wp:attachment":[{"href":"https:\/\/tienda.gevalia.es\/index.php?rest_route=%2Fwp%2Fv2%2Fmedia&parent=1864"}],"wp:term":[{"taxonomy":"product_cat","embeddable":true,"href":"https:\/\/tienda.gevalia.es\/index.php?rest_route=%2Fwp%2Fv2%2Fproduct_cat&post=1864"},{"taxonomy":"product_tag","embeddable":true,"href":"https:\/\/tienda.gevalia.es\/index.php?rest_route=%2Fwp%2Fv2%2Fproduct_tag&post=1864"}],"curies":[{"name":"wp","href":"https:\/\/api.w.org\/{rel}","templated":true}]}}