{"id":1866,"date":"2022-08-17T12:45:52","date_gmt":"2022-08-17T12:45:52","guid":{"rendered":"https:\/\/tienda.gevalia.es\/?post_type=product&#038;p=1866"},"modified":"2022-09-01T12:46:22","modified_gmt":"2022-09-01T12:46:22","slug":"generacion-de-modelos-de-negocio","status":"publish","type":"product","link":"https:\/\/tienda.gevalia.es\/?product=generacion-de-modelos-de-negocio","title":{"rendered":"Generaci\u00f3n de modelos de negocio."},"content":{"rendered":"<p>Modalidad: On Line<br \/>\nDuraci\u00f3n: 70 Horas<\/p>\n<h3 class=\"fusion-responsive-typography-calculated\" data-fontsize=\"22\" data-lineheight=\"35.2px\">Objetivos<\/h3>\n<p>&#8211; Conocer las habilidades, destrezas, capacidades y conocimientos que deben tener los emprendedores.<br \/>\n&#8211; Conocer los diferentes modelos de negocio a partir de los cuales se pueden crear las empresas.<br \/>\n&#8211; Diferenciar las fuentes de financiaci\u00f3n de las que pueden obtener recursos las empresas.<br \/>\n&#8211; Distinguir los tr\u00e1mites necesarios para la creaci\u00f3n de empresas.<br \/>\n&#8211; Conocer los factores que intervienen en el desarrollo de la actividad empresarial.<\/p>\n<h3 class=\"fusion-responsive-typography-calculated\" data-fontsize=\"22\" data-lineheight=\"35.2px\">Contenido Formativo<\/h3>\n<p><strong>Actitud emprendedora<\/strong><br \/>\nIntroducci\u00f3n.<br \/>\nConocimientos y capacidad de emprendimiento.<br \/>\nHabilidades.<br \/>\nResumen.<\/p>\n<p><strong>B\u00fasqueda y valoraci\u00f3n de ideas de negocio<\/strong><br \/>\nIntroducci\u00f3n.<br \/>\nT\u00e9cnicas para la b\u00fasqueda de ideas de negocio.<br \/>\nValoraci\u00f3n de ideas de negocio.<br \/>\nResumen.<\/p>\n<p><strong>Los modelos de negocio<\/strong><br \/>\nIntroducci\u00f3n.<br \/>\nTipolog\u00eda de modelos de negocio.<br \/>\nEl m\u00e9todo Canvas.<br \/>\nEjemplos pr\u00e1cticos.<br \/>\nResumen.<\/p>\n<p><strong>Variables determinantes del \u00e9xito empresarial<\/strong><br \/>\nIntroducci\u00f3n.<br \/>\nEl entorno.<br \/>\nLa competencia y los proveedores.<br \/>\nLos clientes.<br \/>\nLos recursos de la empresa<br \/>\nResumen.<\/p>\n<p><strong>Plan financiero<\/strong><br \/>\nIntroducci\u00f3n.<br \/>\nAn\u00e1lisis de la viabilidad del proyecto de inversi\u00f3n.<br \/>\nFuentes de financiaci\u00f3n.<br \/>\nPlanificaci\u00f3n econ\u00f3mica y financiera.<br \/>\nResumen.<\/p>\n<p><strong>Plan de marketing<\/strong><br \/>\nIntroducci\u00f3n.<br \/>\nFases en la planificaci\u00f3n del marketing.<br \/>\nSegmentaci\u00f3n del mercado.<br \/>\nDeterminaci\u00f3n de la estrategia de precios.<br \/>\nDel marketing tradicional al marketing relacional.<br \/>\nCanales de comunicaci\u00f3n de la campa\u00f1a publicitaria.<br \/>\nResumen.<\/p>\n<p><strong>Estrategia y gesti\u00f3n comercial<\/strong><br \/>\nIntroducci\u00f3n.<br \/>\nCiclo de vida del producto.<br \/>\nComercializaci\u00f3n del producto.<br \/>\nDocumentaci\u00f3n comercial y programas de gesti\u00f3n de clientes.<br \/>\nGesti\u00f3n del almac\u00e9n.<br \/>\nResumen.<\/p>\n<p><strong>Gesti\u00f3n administrativa para la puesta en marcha<\/strong><br \/>\nIntroducci\u00f3n.<br \/>\nTipos de sociedades.<br \/>\nTr\u00e1mites para la creaci\u00f3n de empresas.<br \/>\nResumen.<\/p>\n<p><strong>Plan de negocio<\/strong><br \/>\nIntroducci\u00f3n.<br \/>\nPresentaci\u00f3n del plan de negocio a terceros.<br \/>\nCaso pr\u00e1ctico.<br \/>\nResumen.<\/p>\n<h3 class=\"fusion-responsive-typography-calculated\" data-fontsize=\"22\" data-lineheight=\"35.2px\">\u00bfA qui\u00e9n va dirigido?<\/h3>\n<p>A peque\u00f1os y medianos empresarios que quieran adquirir conocimientos sobre la puesta en marcha y el desarrollo de negocios. Este curso ayudar\u00e1 a conocer cu\u00e1l es el modelo \u00f3ptimo para la idea de negocio que se tiene en mente, as\u00ed como a conocer los aspectos b\u00e1sicos que permitir\u00e1n desarrollarla. Tambi\u00e9n va dirigido a usuarios en general que quieran ampliar sus conocimientos sobre el entorno en el que se desarrolla la actividad empresarial, para poder no s\u00f3lo gestionar el negocio de forma correcta, sino tambi\u00e9n conocer las actuaciones que permitir\u00e1n aumentar su cuota de mercado y, en definitiva, sus beneficios.<\/p>\n<h3 class=\"fusion-responsive-typography-calculated\" data-fontsize=\"22\" data-lineheight=\"35.2px\">\u00bfPara qu\u00e9 te capacita?<\/h3>\n<p>Para conocer los diferentes modelos de negocio que se dan en la actualidad, as\u00ed como los factores que intervienen en su puesta en marcha.<br \/>\nCon este t\u00edtulo se aprender\u00e1 a analizar el entorno empresarial, adem\u00e1s de las directrices esenciales para desarrollar un modelo de negocio de forma correcta. Asimismo, el emprendedor aprender\u00e1 a usar diferentes herramientas para conocer la viabilidad del negocio que pretende poner en marcha.<\/p>\n<h3 class=\"fusion-responsive-typography-calculated\" data-fontsize=\"22\" data-lineheight=\"35.2px\">Otros datos de inter\u00e9s<\/h3>\n<p>&#8211; El curso va dirigido tanto a emprendedores como a empresarios que quieran ampliar sus conocimientos para mejorar la gesti\u00f3n de sus negocios, as\u00ed como el an\u00e1lisis de la viabilidad de nuevas l\u00edneas de negocio.<br \/>\n&#8211; El\u00a0manual cuenta con m\u00faltiples aplicaciones pr\u00e1cticas resueltas con las que el usuario estar\u00e1 acompa\u00f1ado en todo momento en su aprendizaje y en los posibles casos reales con los que puede encontrarse.<br \/>\n&#8211; Se sientan las bases para que el alumno de este curso pueda ampliar sus conocimientos en los temas que resulten interesantes de cara a la mejora de su negocio.<br \/>\n&#8211; Al final de cada cap\u00edtulo, se incluyen tambi\u00e9n ejercicios de autoevaluaci\u00f3n, con los que el alumno podr\u00e1 comprobar su nivel de aprendizaje.<\/p>\n","protected":false},"excerpt":{"rendered":"<p>Modalidad: On Line Duraci\u00f3n: 70 Horas Objetivos &#8211; Conocer las habilidades, destrezas, capacidades y conocimientos que deben tener los emprendedores. &#8211; Conocer los diferentes modelos de negocio a partir de los cuales se pueden crear las empresas. &#8211; Diferenciar las fuentes de financiaci\u00f3n de las&hellip;<\/p>\n","protected":false},"featured_media":2153,"comment_status":"closed","ping_status":"closed","template":"","meta":[],"product_cat":[50],"product_tag":[],"class_list":{"0":"post-1866","1":"product","2":"type-product","3":"status-publish","4":"has-post-thumbnail","6":"product_cat-comercio-y-marketing","8":"first","9":"instock","10":"sale","11":"taxable","12":"shipping-taxable","13":"purchasable","14":"product-type-simple"},"_links":{"self":[{"href":"https:\/\/tienda.gevalia.es\/index.php?rest_route=\/wp\/v2\/product\/1866","targetHints":{"allow":["GET"]}}],"collection":[{"href":"https:\/\/tienda.gevalia.es\/index.php?rest_route=\/wp\/v2\/product"}],"about":[{"href":"https:\/\/tienda.gevalia.es\/index.php?rest_route=\/wp\/v2\/types\/product"}],"replies":[{"embeddable":true,"href":"https:\/\/tienda.gevalia.es\/index.php?rest_route=%2Fwp%2Fv2%2Fcomments&post=1866"}],"wp:featuredmedia":[{"embeddable":true,"href":"https:\/\/tienda.gevalia.es\/index.php?rest_route=\/wp\/v2\/media\/2153"}],"wp:attachment":[{"href":"https:\/\/tienda.gevalia.es\/index.php?rest_route=%2Fwp%2Fv2%2Fmedia&parent=1866"}],"wp:term":[{"taxonomy":"product_cat","embeddable":true,"href":"https:\/\/tienda.gevalia.es\/index.php?rest_route=%2Fwp%2Fv2%2Fproduct_cat&post=1866"},{"taxonomy":"product_tag","embeddable":true,"href":"https:\/\/tienda.gevalia.es\/index.php?rest_route=%2Fwp%2Fv2%2Fproduct_tag&post=1866"}],"curies":[{"name":"wp","href":"https:\/\/api.w.org\/{rel}","templated":true}]}}