{"id":1869,"date":"2022-08-17T12:45:52","date_gmt":"2022-08-17T12:45:52","guid":{"rendered":"https:\/\/tienda.gevalia.es\/?post_type=product&#038;p=1869"},"modified":"2022-09-01T13:01:57","modified_gmt":"2022-09-01T13:01:57","slug":"habilidades-comerciales","status":"publish","type":"product","link":"https:\/\/tienda.gevalia.es\/?product=habilidades-comerciales","title":{"rendered":"Habilidades comerciales."},"content":{"rendered":"<p>Modalidad: On Line<br \/>\nDuraci\u00f3n: 60 Horas<\/p>\n<h3 class=\"fusion-responsive-typography-calculated\" data-fontsize=\"22\" data-lineheight=\"35.2px\">Objetivos<\/h3>\n<p>&#8211; Adquirir conocimientos para el desarrollo de habilidades comerciales y conocer, analizar y acercarse a los h\u00e1bitos de los clientes y el proceso y las t\u00e9cnicas de venta para garantizar su cierre.<br \/>\n&#8211; Identificar la proactividad comercial y su importancia.<br \/>\n&#8211; Describir el proceso de atenci\u00f3n telef\u00f3nica de clientes.<br \/>\n&#8211; Conocer las caracter\u00edsticas de la entrevista comercial en atenci\u00f3n al cliente.<br \/>\n&#8211; Concretar las necesidades de los clientes para una mejor atenci\u00f3n.<br \/>\n&#8211; Descubrir el proceso de argumentaci\u00f3n comercial.<br \/>\n&#8211; Dominar el tratamiento de objeciones.<br \/>\n&#8211; Identificar el cierre de ventas como una actividad decisiva en la actividad comercial.<br \/>\n&#8211; Conseguir la fidelizaci\u00f3n de clientes y sus implicaciones en la empresa.<br \/>\n&#8211; Descubrir los elementos que influyen en la atenci\u00f3n eficaz al cliente.<br \/>\n&#8211; Establecer la influencia de la comunicaci\u00f3n no verbal en el \u00e9xito de una venta.<br \/>\n&#8211; Descubrir t\u00e9cnicas eficaces para el cierre de ventas.<\/p>\n<h3 class=\"fusion-responsive-typography-calculated\" data-fontsize=\"22\" data-lineheight=\"35.2px\">Contenido Formativo<\/h3>\n<p><strong>Proactividad comercial<\/strong><br \/>\nIntroducci\u00f3n<br \/>\nLa importancia de ser proactivo<br \/>\nEl esfuerzo continuado<br \/>\nLa orientaci\u00f3n al cliente y la imagen que le transmitimos<br \/>\nPlanificaci\u00f3n y optimizaci\u00f3n de recursos<br \/>\nReglas para ser proactivos<br \/>\nResumen<\/p>\n<p><strong>La atenci\u00f3n y gesti\u00f3n telef\u00f3nica de clientes<\/strong><br \/>\nIntroducci\u00f3n<br \/>\nLa orientaci\u00f3n al cliente. Proceso de asesoramiento comercial a clientes. Atenci\u00f3n de las necesidades del cliente. Incrementar el valor de los clientes actuales<br \/>\nElementos que intervienen en la comunicaci\u00f3n<br \/>\nLa expresi\u00f3n verbal<br \/>\nEl lenguaje positivo y negativo. La entonaci\u00f3n. La articulaci\u00f3n<br \/>\nLa escucha activa<br \/>\nDescubrir necesidades<br \/>\nLlamadas de petici\u00f3n de informaci\u00f3n<br \/>\nTratamiento de reclamaciones<br \/>\nResumen<\/p>\n<p><strong>La entrevista comercial<\/strong><br \/>\nIntroducci\u00f3n<br \/>\nPreparaci\u00f3n de la entrevista comercial. La entrevista comercial y la comunicaci\u00f3n<br \/>\nEstructura de la comunicaci\u00f3n<br \/>\nLa comunicaci\u00f3n no verbal<br \/>\nLa comunicaci\u00f3n verbal. El saludo y la presentaci\u00f3n<br \/>\nLa detecci\u00f3n de necesidades<br \/>\nLas preguntas<br \/>\nLa escucha activa y la empat\u00eda. La capacidad de sintonizar emocionalmente con la otra persona<br \/>\nLas habilidades comerciales como emisores y como receptores de la comunicaci\u00f3n<br \/>\nDefectos y barreras para una buena comunicaci\u00f3n<br \/>\nResumen<\/p>\n<p><strong>Convertir oportunidades en necesidades<\/strong><br \/>\nIntroducci\u00f3n<br \/>\nEl proceso comercial y la detecci\u00f3n de oportunidades<br \/>\nProceso de asesoramiento comercial a clientes<br \/>\nAtenci\u00f3n de las necesidades del cliente<br \/>\nIncrementar el valor de los clientes actuales<br \/>\nLa venta cruzada<br \/>\nBeneficios de la venta cruzada<br \/>\nC\u00f3mo enfocar la venta cruzada<br \/>\nGeneraci\u00f3n de confianza<br \/>\nResumen<\/p>\n<p><strong>Argumentaci\u00f3n comercial<\/strong><br \/>\nIntroducci\u00f3n<br \/>\nLas caracter\u00edsticas del producto o servicio<br \/>\nLas ventajas comerciales del producto o servicio. Los beneficios del producto o servicio<br \/>\nSecuencia de la argumentaci\u00f3n comercial: Apertura<br \/>\nSecuencia de la argumentaci\u00f3n comercial: Desarrollo<br \/>\nSecuencia de la argumentaci\u00f3n comercial: Demostraci\u00f3n y presentaci\u00f3n de beneficios<br \/>\nLa argumentaci\u00f3n: esquema a seguir<br \/>\nAlgunas recomendaciones pr\u00e1cticas para la argumentaci\u00f3n comercial<br \/>\nResumen<\/p>\n<p><strong>Tratamiento de objeciones<\/strong><br \/>\nIntroducci\u00f3n<br \/>\nTratamiento de objeciones. Qu\u00e9 debemos hacer cuando el cliente nos plantea una objeci\u00f3n<br \/>\nTipos de objeciones y formas de afrontarlas<br \/>\nT\u00e9cnicas para rebatir objeciones<br \/>\nReglas de oro en el tratamiento de objeciones<br \/>\nResumen<\/p>\n<p><strong>El cierre de ventas<\/strong><br \/>\nIntroducci\u00f3n<br \/>\nActividad. El cierre de la venta<br \/>\nFases en el proceso de cierre de la venta<br \/>\nLas se\u00f1ales de compra. Algunos tipos de se\u00f1ales de inter\u00e9s<br \/>\nRequisitos para el cierre de venta<br \/>\nT\u00e9cnicas de cierre<br \/>\nResumen<\/p>\n<p><strong>Fidelizaci\u00f3n y seguimiento de clientes<\/strong><br \/>\nIntroducci\u00f3n<br \/>\nConcepto de fidelizaci\u00f3n de clientes<br \/>\nGesti\u00f3n de clientes<br \/>\nVinculaci\u00f3n de clientes<br \/>\nVentajas de la fidelizaci\u00f3n<br \/>\nFactores de fidelizaci\u00f3n<br \/>\nResumen<\/p>\n<p><strong>Atenci\u00f3n eficaz al cliente<\/strong><br \/>\nIntroducci\u00f3n<br \/>\nLa orientaci\u00f3n al cliente. La comunicaci\u00f3n con el cliente. Escuchar al cliente<br \/>\nLa importancia de la imagen. Evitar una imagen negativa<br \/>\nLa expresi\u00f3n verbal. La calidez de la voz<br \/>\nComunicaci\u00f3n no verbal<br \/>\nLa oficina o establecimiento y el puesto de trabajo<br \/>\nC\u00f3mo tratar a nuestros clientes seg\u00fan su actitud<br \/>\nEl cliente que asiente o permanece en silencio<br \/>\nEl cliente impulsivo y el cliente indeciso<br \/>\nEl cliente que se da importancia y lo sabe todo<br \/>\nEl cliente riguroso y minucioso<br \/>\nEl cliente rudo y pol\u00e9mico<br \/>\nEl cliente hablador<br \/>\nEl cliente desconfiado y esc\u00e9ptico<br \/>\nTratamiento de quejas y reclamaciones<br \/>\nRecomendaciones finales<br \/>\nResumen<\/p>\n<p><strong>La comunicaci\u00f3n y el lenguaje no verbal para el \u00e9xito de la venta<\/strong><br \/>\nIntroducci\u00f3n<br \/>\nEl proceso de la venta y la comunicaci\u00f3n<br \/>\nEstructura de la comunicaci\u00f3n<br \/>\nPreparaci\u00f3n de la venta. La venta<br \/>\nLa comunicaci\u00f3n no verbal. La mirada. Los gestos y posturas. La voz<br \/>\nComunicaci\u00f3n verbal: la primera impresi\u00f3n. Recomendaciones para la presentaci\u00f3n<br \/>\nLa detecci\u00f3n de necesidades. Las preguntas. La escucha activa<br \/>\nActividad \u201cla escucha activa\u201d<br \/>\nLa empat\u00eda. Sinton\u00eda emocional<br \/>\nHabilidades como emisores<br \/>\nHabilidades como receptores<br \/>\nBarreras en la comunicaci\u00f3n<br \/>\nResumen<\/p>\n<p><strong>T\u00e9cnicas eficaces para el cierre de ventas<\/strong><br \/>\nIntroducci\u00f3n<br \/>\nEl cierre de venta. Fases en el proceso de cierre de la venta<br \/>\nSe\u00f1ales de compra. Algunos tipos de se\u00f1ales de inter\u00e9s<br \/>\nRequisitos para el cierre de la venta<br \/>\nT\u00e9cnicas de cierre<br \/>\nRecordemos que\u2026<br \/>\nDespu\u00e9s del cierre. Actividad. Seguimiento de la venta<br \/>\nResumen<\/p>\n<h3 class=\"fusion-responsive-typography-calculated\" data-fontsize=\"22\" data-lineheight=\"35.2px\">\u00bfA qui\u00e9n va dirigido?<\/h3>\n<p>A aut\u00f3nomos,\u00a0<em>pymes,\u00a0<\/em>comerciales, vendedores, propietarios de negocios, trabajadores de call centers y todo aquel que est\u00e9 interesado en conocer el funcionamiento de la atenci\u00f3n y gesti\u00f3n de clientes.<\/p>\n<h3 class=\"fusion-responsive-typography-calculated\" data-fontsize=\"22\" data-lineheight=\"35.2px\">\u00bfPara qu\u00e9 te capacita?<\/h3>\n<p>Para asegurar que se conoce todo lo relacionado con la atenci\u00f3n y gesti\u00f3n de clientes, desde el contacto inicial hasta el cierre y seguimiento de la venta. Adquisici\u00f3n de habilidades para tratar adecuadamente al cliente.<\/p>\n<h3 class=\"fusion-responsive-typography-calculated\" data-fontsize=\"22\" data-lineheight=\"35.2px\">Otros datos de inter\u00e9s<\/h3>\n<p>&#8211;\u00a0El cliente es el eje principal de la empresa.<br \/>\n&#8211;\u00a0Un cliente satisfecho es el mejor medio de promoci\u00f3n de la empresa.<br \/>\n&#8211;\u00a0La fidelizaci\u00f3n de clientes es m\u00e1s econ\u00f3mica que la captaci\u00f3n de nuevos clientes.<\/p>\n","protected":false},"excerpt":{"rendered":"<p>Modalidad: On Line Duraci\u00f3n: 60 Horas Objetivos &#8211; Adquirir conocimientos para el desarrollo de habilidades comerciales y conocer, analizar y acercarse a los h\u00e1bitos de los clientes y el proceso y las t\u00e9cnicas de venta para garantizar su cierre. &#8211; Identificar la proactividad comercial y&hellip;<\/p>\n","protected":false},"featured_media":2157,"comment_status":"closed","ping_status":"closed","template":"","meta":[],"product_cat":[50],"product_tag":[],"class_list":{"0":"post-1869","1":"product","2":"type-product","3":"status-publish","4":"has-post-thumbnail","6":"product_cat-comercio-y-marketing","8":"first","9":"instock","10":"sale","11":"taxable","12":"shipping-taxable","13":"purchasable","14":"product-type-simple"},"_links":{"self":[{"href":"https:\/\/tienda.gevalia.es\/index.php?rest_route=\/wp\/v2\/product\/1869","targetHints":{"allow":["GET"]}}],"collection":[{"href":"https:\/\/tienda.gevalia.es\/index.php?rest_route=\/wp\/v2\/product"}],"about":[{"href":"https:\/\/tienda.gevalia.es\/index.php?rest_route=\/wp\/v2\/types\/product"}],"replies":[{"embeddable":true,"href":"https:\/\/tienda.gevalia.es\/index.php?rest_route=%2Fwp%2Fv2%2Fcomments&post=1869"}],"wp:featuredmedia":[{"embeddable":true,"href":"https:\/\/tienda.gevalia.es\/index.php?rest_route=\/wp\/v2\/media\/2157"}],"wp:attachment":[{"href":"https:\/\/tienda.gevalia.es\/index.php?rest_route=%2Fwp%2Fv2%2Fmedia&parent=1869"}],"wp:term":[{"taxonomy":"product_cat","embeddable":true,"href":"https:\/\/tienda.gevalia.es\/index.php?rest_route=%2Fwp%2Fv2%2Fproduct_cat&post=1869"},{"taxonomy":"product_tag","embeddable":true,"href":"https:\/\/tienda.gevalia.es\/index.php?rest_route=%2Fwp%2Fv2%2Fproduct_tag&post=1869"}],"curies":[{"name":"wp","href":"https:\/\/api.w.org\/{rel}","templated":true}]}}