{"id":1873,"date":"2022-08-17T12:45:53","date_gmt":"2022-08-17T12:45:53","guid":{"rendered":"https:\/\/tienda.gevalia.es\/?post_type=product&#038;p=1873"},"modified":"2022-09-02T08:59:45","modified_gmt":"2022-09-02T08:59:45","slug":"mejora-de-gestion-de-stocks-y-beneficios-en-el-comercio","status":"publish","type":"product","link":"https:\/\/tienda.gevalia.es\/?product=mejora-de-gestion-de-stocks-y-beneficios-en-el-comercio","title":{"rendered":"Mejora de gesti\u00f3n de stocks y beneficios en el comercio."},"content":{"rendered":"<p>Modalidad: On Line<br \/>\nDuraci\u00f3n: 50 Horas<\/p>\n<h3 class=\"fusion-responsive-typography-calculated\" data-fontsize=\"22\" data-lineheight=\"35.2px\">Objetivos<\/h3>\n<p>&#8211; Mejorar la gesti\u00f3n del\u00a0<em>stock<\/em>\u00a0de un comercio, concienciando sobre la influencia del\u00a0<em>stock<\/em>\u00a0en los beneficios del comercio y utilizando modelos digitales para la gesti\u00f3n de\u00a0<em>stock.<br \/>\n&#8211;\u00a0<\/em>Dise\u00f1ar el\u00a0<em>stock<\/em>\u00a0de acuerdo a los criterios, necesidades y niveles de actividad previstos.<br \/>\n&#8211;\u00a0Reconocer la importancia que ejerce la gesti\u00f3n de las mercanc\u00edas en los beneficios del comercio.<br \/>\n&#8211;\u00a0Reconocer los gastos y costes de la gesti\u00f3n de\u00a0<em>stock<\/em>\u00a0para tomar decisiones respecto a los mismos.<br \/>\n&#8211;\u00a0Optimizar la gesti\u00f3n del almac\u00e9n mediante la herramienta de un reaprovisionamiento adecuado.<br \/>\n&#8211;\u00a0Relacionar la importancia del uso de la tecnolog\u00eda con la gesti\u00f3n del\u00a0<em>stock.<\/em><\/p>\n<h3 class=\"fusion-responsive-typography-calculated\" data-fontsize=\"22\" data-lineheight=\"35.2px\">Contenido Formativo<\/h3>\n<p><strong>El dise\u00f1o del\u00a0<em>stock<\/em><\/strong><br \/>\nIntroducci\u00f3n<br \/>\nEl dise\u00f1o del<em>\u00a0stock<\/em><br \/>\nLos problemas de los proveedores y del comercio<br \/>\nGesti\u00f3n de ventas<br \/>\nCriterios para dise\u00f1ar un\u00a0<em>stock<\/em><br \/>\nNecesidades y costumbres<br \/>\nPresencia de las familias<br \/>\nTipos de establecimientos seg\u00fan\u00a0<em>stock<\/em><br \/>\n<em>Stock<\/em>\u00a0dise\u00f1ado<br \/>\nResumen<\/p>\n<p><strong>El\u00a0<em>stock<\/em>\u00a0y su incidencia en los beneficios del comercio<\/strong><br \/>\nIntroducci\u00f3n<br \/>\n<em>Stock<\/em>\u00a0e ingresos<br \/>\nLa curva ABC y el\u00a0<em>stock<\/em><br \/>\nLa curva ABC del margen<br \/>\nIndicadores de la rentabilidad del\u00a0<em>stock<\/em><br \/>\nCurva ABC de la rotaci\u00f3n del\u00a0<em>stock<\/em><br \/>\nLas ventas cruzadas del\u00a0<em>stock<\/em><br \/>\nLas matem\u00e1ticas y la profundidad del\u00a0<em>stock<\/em><br \/>\nResumen<\/p>\n<p><strong>M\u00e1rgenes, beneficios y\u00a0<em>stock<\/em><\/strong><br \/>\nIntroducci\u00f3n<br \/>\nLos gastos del negocio<br \/>\nEl\u00a0<em>stock<\/em>\u00a0y sus gastos<br \/>\nLos costos del\u00a0<em>stock<\/em><br \/>\nEl stock medio<br \/>\nResumen<\/p>\n<p><strong>Optimizaci\u00f3n de la gesti\u00f3n de\u00a0<em>stock<\/em><\/strong><br \/>\nIntroducci\u00f3n<br \/>\nLa herramienta de reaprovisionamiento<br \/>\nLa unidad de pedido o unidad de tiempo<br \/>\nLa gesti\u00f3n de\u00a0<em>stock<\/em>\u00a0en la pr\u00e1ctica<br \/>\nResumen<\/p>\n<p><strong><em>Stock\u00a0<\/em>y tecnolog\u00eda<\/strong><br \/>\nIntroducci\u00f3n<br \/>\nModelos digitales para la gesti\u00f3n del\u00a0<em>stock<\/em><br \/>\nLas bases tecnol\u00f3gicas para la gesti\u00f3n del\u00a0<em>stock<\/em><br \/>\nEl c\u00f3digo de barras de salida<br \/>\nEl c\u00f3digo de barras de entrada<br \/>\nProgramas de gesti\u00f3n de\u00a0<em>stock<\/em><br \/>\nInformes de un programa de gesti\u00f3n de<em>\u00a0stock<\/em><br \/>\nLa compra sin pedido<br \/>\nLa correcci\u00f3n de la estacionalidad<br \/>\nGestiones<br \/>\nInventario sin contar art\u00edculos<br \/>\nResumen<\/p>\n<h3 class=\"fusion-responsive-typography-calculated\" data-fontsize=\"22\" data-lineheight=\"35.2px\">\u00bfA qui\u00e9n va dirigido?<\/h3>\n<p>A cualquier persona con la necesidad de mejorar la gesti\u00f3n del\u00a0<em>stock<\/em>\u00a0y mejorar el beneficio de la empresa.<\/p>\n<h3 class=\"fusion-responsive-typography-calculated\" data-fontsize=\"22\" data-lineheight=\"35.2px\">\u00bfPara qu\u00e9 te capacita?<\/h3>\n<p>Para gestionar mejor el\u00a0<em>stock<\/em>\u00a0y aumentar el beneficio en la empresa.<\/p>\n<h3 class=\"fusion-responsive-typography-calculated\" data-fontsize=\"22\" data-lineheight=\"35.2px\">Otros datos de inter\u00e9s<\/h3>\n<p>&#8211; Un contenido pr\u00e1ctico, que da impulso a desarrollar habilidades de gesti\u00f3n de almac\u00e9n en el uso y manejo de herramientas adecuadas dentro del contexto de desarrollo actual.<br \/>\n&#8211;\u00a0Acerca a los profesionales y empresas a la mejora de la gesti\u00f3n del\u00a0<em>stock<\/em>\u00a0del almac\u00e9n.<\/p>\n","protected":false},"excerpt":{"rendered":"<p>El monitor extraescolar. Conceptualizaci\u00f3n<br \/>\nLas actividades extraescolares. Responsabilidades<br \/>\nEl grupo escolar<br \/>\nDin\u00e1micas para favorecer la integraci\u00f3n del grupo<br \/>\nAplicaci\u00f3n pr\u00e1ctica<br \/>\nResumen<\/p>\n<p>Actividades y talleres para ni\u00f1os y ni\u00f1as<br \/>\nLos diferentes lenguajes<\/p>\n","protected":false},"featured_media":2161,"comment_status":"closed","ping_status":"closed","template":"","meta":[],"product_cat":[50],"product_tag":[],"class_list":{"0":"post-1873","1":"product","2":"type-product","3":"status-publish","4":"has-post-thumbnail","6":"product_cat-comercio-y-marketing","8":"first","9":"instock","10":"sale","11":"taxable","12":"shipping-taxable","13":"purchasable","14":"product-type-simple"},"_links":{"self":[{"href":"https:\/\/tienda.gevalia.es\/index.php?rest_route=\/wp\/v2\/product\/1873","targetHints":{"allow":["GET"]}}],"collection":[{"href":"https:\/\/tienda.gevalia.es\/index.php?rest_route=\/wp\/v2\/product"}],"about":[{"href":"https:\/\/tienda.gevalia.es\/index.php?rest_route=\/wp\/v2\/types\/product"}],"replies":[{"embeddable":true,"href":"https:\/\/tienda.gevalia.es\/index.php?rest_route=%2Fwp%2Fv2%2Fcomments&post=1873"}],"wp:featuredmedia":[{"embeddable":true,"href":"https:\/\/tienda.gevalia.es\/index.php?rest_route=\/wp\/v2\/media\/2161"}],"wp:attachment":[{"href":"https:\/\/tienda.gevalia.es\/index.php?rest_route=%2Fwp%2Fv2%2Fmedia&parent=1873"}],"wp:term":[{"taxonomy":"product_cat","embeddable":true,"href":"https:\/\/tienda.gevalia.es\/index.php?rest_route=%2Fwp%2Fv2%2Fproduct_cat&post=1873"},{"taxonomy":"product_tag","embeddable":true,"href":"https:\/\/tienda.gevalia.es\/index.php?rest_route=%2Fwp%2Fv2%2Fproduct_tag&post=1873"}],"curies":[{"name":"wp","href":"https:\/\/api.w.org\/{rel}","templated":true}]}}