{"id":1876,"date":"2022-08-17T12:46:00","date_gmt":"2022-08-17T12:46:00","guid":{"rendered":"https:\/\/tienda.gevalia.es\/?post_type=product&#038;p=1876"},"modified":"2022-09-02T10:01:45","modified_gmt":"2022-09-02T10:01:45","slug":"operaciones-auxiliares-en-el-punto-de-venta","status":"publish","type":"product","link":"https:\/\/tienda.gevalia.es\/?product=operaciones-auxiliares-en-el-punto-de-venta","title":{"rendered":"Operaciones auxiliares en el punto de venta."},"content":{"rendered":"<p>Modalidad: On Line<br \/>\nDuraci\u00f3n: 90 Horas<\/p>\n<h3 class=\"fusion-responsive-typography-calculated\" data-fontsize=\"22\" data-lineheight=\"35.2px\">Objetivos<\/h3>\n<p>&#8211; Diferenciar los sistemas y zonas habituales de distribuci\u00f3n y organizaci\u00f3n de productos en distintos tipos de superficies comerciales.<br \/>\n&#8211; Montar los elementos y expositores utilizados habitualmente para la animaci\u00f3n, exposici\u00f3n y presentaci\u00f3n de productos en el punto de venta, siguiendo las instrucciones y aplicando criterios comerciales, orden y limpieza.<br \/>\n&#8211; Colocar distintos tipos de productos en estanter\u00edas, expositores o mobiliario espec\u00edfico del punto de venta en base a instrucciones escritas, gr\u00e1ficas o planogramasrespetando las caracter\u00edsticas de los productos y las normas de seguridad, higiene postural y prevenci\u00f3n de riesgos.<br \/>\n&#8211; Manejar equipos de localizaci\u00f3n, etiquetado, recuento y dispositivos de seguridad de productos, con soltura y eficacia, respetando las instrucciones del fabricante.<br \/>\n&#8211; Aplicar t\u00e9cnicas de empaquetado y presentaci\u00f3n atractiva, en funci\u00f3n de las caracter\u00edsticas de distintos tipos de productos y objetivos comerciales, utilizando los materiales necesarios de forma eficiente.<br \/>\n&#8211; Aplicar criterios y procedimientos de organizaci\u00f3n y mantenimiento del orden y limpieza propios y del punto de venta, utilizando el material y equipo de limpieza necesario.<\/p>\n<h3 class=\"fusion-responsive-typography-calculated\" data-fontsize=\"22\" data-lineheight=\"35.2px\">Contenido Formativo<\/h3>\n<p><strong>Estructura y tipos de establecimientos comerciales. Organizaci\u00f3n y distribuci\u00f3n de productos<\/strong><br \/>\nIntroducci\u00f3n<br \/>\nConcepto y funciones<br \/>\nCaracter\u00edsticas y diferencias<br \/>\nTipos de superficies comerciales<br \/>\nZonas fr\u00edas y calientes<br \/>\nDise\u00f1o<br \/>\nResumen<\/p>\n<p><strong>T\u00e9cnicas de animaci\u00f3n del punto de venta<\/strong><br \/>\nIntroducci\u00f3n<br \/>\nT\u00e9cnicas f\u00edsicas de equipamiento<br \/>\nT\u00e9cnicas psicol\u00f3gicas<br \/>\nT\u00e9cnicas de est\u00edmulo<br \/>\nT\u00e9cnicas personales<br \/>\nResumen<\/p>\n<p><strong>Mobiliario y elementos expositivos<\/strong><br \/>\nIntroducci\u00f3n<br \/>\nTipolog\u00eda y funcionalidad<br \/>\nCaracter\u00edsticas<br \/>\nElecci\u00f3n<br \/>\nUbicaci\u00f3n<br \/>\nManipulado y montaje<br \/>\nResumen<\/p>\n<p><strong>Colocaci\u00f3n de productos<\/strong><br \/>\nIntroducci\u00f3n<br \/>\nFunciones<br \/>\nLineales. Fronteo<br \/>\nNiveles de exposici\u00f3n<br \/>\nNecesidades y criterios<br \/>\nEtiquetado<br \/>\nIdentificaci\u00f3n de productos. Interpretaci\u00f3n de datos<br \/>\nAcondicionamiento de lineales, estanter\u00edas y expositores<br \/>\nRentabilidad de la actividad comercial<br \/>\nResumen<\/p>\n<p><strong>T\u00e9cnicas de empaquetado comercial de productos<\/strong><br \/>\nIntroducci\u00f3n<br \/>\nTipos y finalidad de empaquetados<br \/>\nT\u00e9cnicas de empaquetado<br \/>\nCaracter\u00edsticas de los materiales<br \/>\nUtilizaci\u00f3n y optimizaci\u00f3n de materiales<br \/>\nColocaci\u00f3n de adornos adecuados a cada campa\u00f1a y tipo de producto<br \/>\nPlantillas y acabados<br \/>\nRequisitos del puesto de trabajo<br \/>\nGesti\u00f3n de residuos<br \/>\nResumen<\/p>\n<p><strong>Prevenci\u00f3n de accidentes y riesgos laborales en las operaciones auxiliares en el punto de venta<\/strong><br \/>\nIntroducci\u00f3n<br \/>\nPrevenci\u00f3n en actividades de organizaci\u00f3n, reposici\u00f3n, acondicionamiento y limpieza del punto de venta<br \/>\nHigiene postural<br \/>\nPrevenci\u00f3n aplicable a operaciones de montaje y elementos expositores<br \/>\nAccidentes por ca\u00eddas<br \/>\nUso de escaleras<br \/>\nGolpes en estanter\u00edas<br \/>\nRiesgos el\u00e9ctricos<br \/>\nPuertas<br \/>\nOtros<br \/>\nNormas de manipulaci\u00f3n de productos e higiene postural<br \/>\nEquipos de protecci\u00f3n individual<br \/>\nResumen<\/p>\n<h3 class=\"fusion-responsive-typography-calculated\" data-fontsize=\"22\" data-lineheight=\"35.2px\">\u00bfA qui\u00e9n va dirigido?<\/h3>\n<p>A reponedores\/as de hipermercado,\u00a0repartidores\/as de proximidad, a pie, embaladores\/as-empaquetadores\/as-etiquetadores\/as, a mano, preparadores\/as de pedidos y auxiliares de dependiente de comercio.<\/p>\n<h3 class=\"fusion-responsive-typography-calculated\" data-fontsize=\"22\" data-lineheight=\"35.2px\">\u00bfPara qu\u00e9 te capacita?<\/h3>\n<p>Para conocer y saber controlar los diferentes sistemas en los trabajos manuales y mec\u00e1nicos o informatizados; las ventajas e inconvenientes de las diferentes tecnolog\u00edas y su elecci\u00f3n adecuada en cada empresa, cuidados y mantenimientos de productos y maquinaria. As\u00ed como el funcionamiento de los departamentos internos, los sistemas de exposici\u00f3n, venta y embalaje, creaci\u00f3n de ambientes atractivos y los controles de calidad.<\/p>\n<h3 class=\"fusion-responsive-typography-calculated\" data-fontsize=\"22\" data-lineheight=\"35.2px\">Otros datos de inter\u00e9s<\/h3>\n<p>&#8211; Para personas sin conocimientos previos que deseen adquirir una buena base en materia de comercio y punto de venta.<br \/>\n&#8211; Profesionales que deseen actualizar sus conocimientos y profundizar en aspectos espec\u00edficos sobre las nuevas tecnolog\u00edas y productos del sector.<br \/>\n&#8211; El contenido desarrolla, a trav\u00e9s de sus unidades did\u00e1cticas, aquellas normativas que son interesantes, tanto para empresas como para sus clientes.<br \/>\n&#8211; Se incluyen definiciones de t\u00e9rminos espec\u00edficos relacionados con el sector comercial y del punto de venta, as\u00ed como conocimientos acerca de las medidas preventivas y las normas por las que se rigen.<br \/>\n&#8211; Para una mejor compresi\u00f3n de abreviaturas estas vienen desarrolladas en notas aclaratorias que se encontrar\u00e1n durante todo el manual.<br \/>\n&#8211; De igual forma, se incluyen distintos ejercicios te\u00f3rico-pr\u00e1cticos para \u00a0incrementar la compresi\u00f3n del texto y as\u00ed ser de f\u00e1cil asimilaci\u00f3n.<\/p>\n","protected":false},"excerpt":{"rendered":"<p>Modalidad: On Line Duraci\u00f3n: 90 Horas Objetivos &#8211; Diferenciar los sistemas y zonas habituales de distribuci\u00f3n y organizaci\u00f3n de productos en distintos tipos de superficies comerciales. &#8211; Montar los elementos y expositores utilizados habitualmente para la animaci\u00f3n, exposici\u00f3n y presentaci\u00f3n de productos en el punto&hellip;<\/p>\n","protected":false},"featured_media":2166,"comment_status":"closed","ping_status":"closed","template":"","meta":[],"product_cat":[50],"product_tag":[],"class_list":{"0":"post-1876","1":"product","2":"type-product","3":"status-publish","4":"has-post-thumbnail","6":"product_cat-comercio-y-marketing","8":"first","9":"instock","10":"sale","11":"taxable","12":"shipping-taxable","13":"purchasable","14":"product-type-simple"},"_links":{"self":[{"href":"https:\/\/tienda.gevalia.es\/index.php?rest_route=\/wp\/v2\/product\/1876","targetHints":{"allow":["GET"]}}],"collection":[{"href":"https:\/\/tienda.gevalia.es\/index.php?rest_route=\/wp\/v2\/product"}],"about":[{"href":"https:\/\/tienda.gevalia.es\/index.php?rest_route=\/wp\/v2\/types\/product"}],"replies":[{"embeddable":true,"href":"https:\/\/tienda.gevalia.es\/index.php?rest_route=%2Fwp%2Fv2%2Fcomments&post=1876"}],"wp:featuredmedia":[{"embeddable":true,"href":"https:\/\/tienda.gevalia.es\/index.php?rest_route=\/wp\/v2\/media\/2166"}],"wp:attachment":[{"href":"https:\/\/tienda.gevalia.es\/index.php?rest_route=%2Fwp%2Fv2%2Fmedia&parent=1876"}],"wp:term":[{"taxonomy":"product_cat","embeddable":true,"href":"https:\/\/tienda.gevalia.es\/index.php?rest_route=%2Fwp%2Fv2%2Fproduct_cat&post=1876"},{"taxonomy":"product_tag","embeddable":true,"href":"https:\/\/tienda.gevalia.es\/index.php?rest_route=%2Fwp%2Fv2%2Fproduct_tag&post=1876"}],"curies":[{"name":"wp","href":"https:\/\/api.w.org\/{rel}","templated":true}]}}