{"id":1879,"date":"2022-08-17T12:46:01","date_gmt":"2022-08-17T12:46:01","guid":{"rendered":"https:\/\/tienda.gevalia.es\/?post_type=product&#038;p=1879"},"modified":"2022-09-02T10:32:21","modified_gmt":"2022-09-02T10:32:21","slug":"orientacion-al-cliente","status":"publish","type":"product","link":"https:\/\/tienda.gevalia.es\/?product=orientacion-al-cliente","title":{"rendered":"Orientaci\u00f3n al cliente."},"content":{"rendered":"<p>Modalidad: On Line<br \/>\nDuraci\u00f3n: 30 Horas<\/p>\n<h3 class=\"fusion-responsive-typography-calculated\" data-fontsize=\"22\" data-lineheight=\"35.2px\">Objetivos<\/h3>\n<p>Conocer los principios b\u00e1sicos en relaci\u00f3n con la atenci\u00f3n, satisfacci\u00f3n y orientaci\u00f3n al cliente, haciendo uso de diferentes estrategias tanto comunicativas como de servicio para lograr alcanzar su fidelizaci\u00f3n.<br \/>\n&#8211; Identificar la perspectiva m\u00e1s adecuada para que una organizaci\u00f3n sea orientada al cliente.<br \/>\n&#8211; Reconocer modelos de empresa enfocados a la mejora de la organizaci\u00f3n orientada al cliente.<br \/>\n&#8211; Aplicar herramientas para conocer al cliente y sus necesidades y mejorar as\u00ed el servicio.<br \/>\n&#8211; Transformar los indicadores de clientes insatisfechos en oportunidades para la mejora y el desarrollo de la organizaci\u00f3n.<br \/>\n&#8211; Emplear diferentes programas de fidelizaci\u00f3n basados en calidad.<br \/>\n&#8211; Examinar habilidades comunicativas que se consideren fundamentales a la hora de orientar y tratar con el cliente.<\/p>\n<h3 class=\"fusion-responsive-typography-calculated\" data-fontsize=\"22\" data-lineheight=\"35.2px\">Contenido Formativo<\/h3>\n<p><strong>Principios b\u00e1sicos de la atenci\u00f3n al cliente<\/strong><br \/>\nPerspectiva de la orientaci\u00f3n al cliente.<br \/>\nLa empresa dirigida al cliente.<br \/>\nServicio al cliente.<br \/>\nConocer al cliente.<br \/>\nEl personal de la empresa.<\/p>\n<p><strong>Satisfacci\u00f3n del cliente<\/strong><br \/>\nEstudio y evaluaci\u00f3n de la satisfacci\u00f3n del cliente.<br \/>\nClientes insatisfechos.<\/p>\n<p><strong>Fidelizaci\u00f3n del cliente<\/strong><br \/>\n\u00bfQu\u00e9 es la fidelizaci\u00f3n?<br \/>\nLa calidad en el servicio: clientes prescriptores.<br \/>\nEl seguimiento del cliente.<br \/>\nProgramas de fidelizaci\u00f3n.<\/p>\n<p><strong>Habilidades en la atenci\u00f3n al cliente<\/strong><br \/>\nEscucha activa.<br \/>\nComunicaci\u00f3n verbal.<br \/>\nComunicaci\u00f3n no verbal.<br \/>\nQuejas y reclamaciones.<\/p>\n<h3 class=\"fusion-responsive-typography-calculated\" data-fontsize=\"22\" data-lineheight=\"35.2px\">\u00bfA qui\u00e9n va dirigido?<\/h3>\n<p>A todo tipo de personal que trabaje de cara al p\u00fablico: camareros, dependientes, electricistas, fontaneros, vendedores, etc., o cuyos clientes no sean consumidores finales, sino otras empresas.<\/p>\n<h3 class=\"fusion-responsive-typography-calculated\" data-fontsize=\"22\" data-lineheight=\"35.2px\">\u00bfPara qu\u00e9 te capacita?<\/h3>\n<p>Para permitir dar un giro a la forma de gestionar las relaciones con los clientes, lo que te permitir\u00e1 mantener una relaci\u00f3n m\u00e1s estable y duradera con los mismos.<\/p>\n<h3 class=\"fusion-responsive-typography-calculated\" data-fontsize=\"22\" data-lineheight=\"35.2px\">Otros datos de inter\u00e9s<\/h3>\n<p>&#8211; La orientaci\u00f3n de una empresa hacia el cliente mejorar\u00e1 las relaciones con los mismos, lo que se traducir\u00e1 en una mejora de las ventas. Este curso tambi\u00e9n te ayudar\u00e1 a:<\/p>\n<ul>\n<li>Conocer los principios y elementos b\u00e1sicos necesarios para comprender de manera detallada todo lo relacionado con la orientaci\u00f3n al cliente.<\/li>\n<li>Comprender el papel de la empresa como primer organismo enfocado en la orientaci\u00f3n al cliente.<\/li>\n<li>Definir el concepto de orientaci\u00f3n al cliente orientado a la mejora de la organizaci\u00f3n.<\/li>\n<li>Desarrollar las habilidades que resultan indispensables a la hora de tratar con un cliente.<\/li>\n<li>Practicar la escucha activa en la mejora de la atenci\u00f3n y orientaci\u00f3n al cliente.<\/li>\n<li>Comunicarse de forma asertiva al recibir las posibles quejas y reclamaciones.<\/li>\n<li>Aplicar las pautas de comunicaci\u00f3n verbal y no verbal adecuadas a la hora de tratar con los clientes.<\/li>\n<li>Conocer los aspectos fundamentales de la fidelizaci\u00f3n del cliente para desarrollar una adecuada gesti\u00f3n de la atenci\u00f3n y servicio al cliente.<\/li>\n<li>Conocer la importancia de la aplicaci\u00f3n del marketing relacional y utilizar estrategias que permitan ponerlo en pr\u00e1ctica.<\/li>\n<li>Analizar los modelos existentes en relaci\u00f3n con la satisfacci\u00f3n del cliente para su aplicaci\u00f3n.<\/li>\n<li>Considerar la insatisfacci\u00f3n del cliente como un aspecto a tener en cuenta para lograr su satisfacci\u00f3n.<\/li>\n<\/ul>\n<p>&#8211; El contenido se presenta en base a situaciones que se producen en la vida diaria, a las que hay que enfrentarse y solucionar, por lo que se puede ver la aplicaci\u00f3n pr\u00e1ctica del contenido.<br \/>\n&#8211; Se presentan recursos muy atractivos para el alumnado, en distintos formatos, como son simulaciones de situaciones reales, esquemas, infograf\u00edas\u2026<br \/>\n&#8211; Se narra el contenido mediante audios, pero pudiendo ver visualmente en pantalla en todo momento de lo que se est\u00e1 hablando a trav\u00e9s de esquemas, infograf\u00edas, mapas conceptuales u otros recursos.<br \/>\n&#8211; Se definen t\u00e9rminos espec\u00edficos relacionados con la tem\u00e1tica.<br \/>\n&#8211; Se incluyen distintos recursos complementarios para poder profundizar en el contenido y actividades para ponerlo en pr\u00e1ctica.<br \/>\n&#8211; Se incluyen preguntas de autoevaluaci\u00f3n que ayudar\u00e1n a aumentar la compresi\u00f3n del texto y facilitar su asimilaci\u00f3n.<\/p>\n","protected":false},"excerpt":{"rendered":"<p>Modalidad: On Line Duraci\u00f3n: 30 Horas Objetivos Conocer los principios b\u00e1sicos en relaci\u00f3n con la atenci\u00f3n, satisfacci\u00f3n y orientaci\u00f3n al cliente, haciendo uso de diferentes estrategias tanto comunicativas como de servicio para lograr alcanzar su fidelizaci\u00f3n. &#8211; Identificar la perspectiva m\u00e1s adecuada para que una&hellip;<\/p>\n","protected":false},"featured_media":2168,"comment_status":"closed","ping_status":"closed","template":"","meta":[],"product_cat":[50],"product_tag":[],"class_list":{"0":"post-1879","1":"product","2":"type-product","3":"status-publish","4":"has-post-thumbnail","6":"product_cat-comercio-y-marketing","8":"first","9":"instock","10":"sale","11":"taxable","12":"shipping-taxable","13":"purchasable","14":"product-type-simple"},"_links":{"self":[{"href":"https:\/\/tienda.gevalia.es\/index.php?rest_route=\/wp\/v2\/product\/1879","targetHints":{"allow":["GET"]}}],"collection":[{"href":"https:\/\/tienda.gevalia.es\/index.php?rest_route=\/wp\/v2\/product"}],"about":[{"href":"https:\/\/tienda.gevalia.es\/index.php?rest_route=\/wp\/v2\/types\/product"}],"replies":[{"embeddable":true,"href":"https:\/\/tienda.gevalia.es\/index.php?rest_route=%2Fwp%2Fv2%2Fcomments&post=1879"}],"wp:featuredmedia":[{"embeddable":true,"href":"https:\/\/tienda.gevalia.es\/index.php?rest_route=\/wp\/v2\/media\/2168"}],"wp:attachment":[{"href":"https:\/\/tienda.gevalia.es\/index.php?rest_route=%2Fwp%2Fv2%2Fmedia&parent=1879"}],"wp:term":[{"taxonomy":"product_cat","embeddable":true,"href":"https:\/\/tienda.gevalia.es\/index.php?rest_route=%2Fwp%2Fv2%2Fproduct_cat&post=1879"},{"taxonomy":"product_tag","embeddable":true,"href":"https:\/\/tienda.gevalia.es\/index.php?rest_route=%2Fwp%2Fv2%2Fproduct_tag&post=1879"}],"curies":[{"name":"wp","href":"https:\/\/api.w.org\/{rel}","templated":true}]}}