{"id":1890,"date":"2022-08-17T12:46:03","date_gmt":"2022-08-17T12:46:03","guid":{"rendered":"https:\/\/tienda.gevalia.es\/?post_type=product&#038;p=1890"},"modified":"2022-09-05T10:44:31","modified_gmt":"2022-09-05T10:44:31","slug":"experto-en-marketing-inmobiliario","status":"publish","type":"product","link":"https:\/\/tienda.gevalia.es\/?product=experto-en-marketing-inmobiliario","title":{"rendered":"Experto en Marketing Inmobiliario."},"content":{"rendered":"<p>Modalidad: On Line<br \/>\nDuraci\u00f3n: 50 Horas<\/p>\n<h3 class=\"fusion-responsive-typography-calculated\" data-fontsize=\"22\" data-lineheight=\"35.2px\">Objetivos<\/h3>\n<p>&#8211; Proporcionar la formaci\u00f3n necesaria para conocer las ventajas que el Marketing\u00a0 puede ofrecer para mejorar el posicionamiento de la marca y las ventas de un producto inmobiliario.<br \/>\nEl marketing puede proporcionar herramientas muy adecuadas para poner en marcha un plan de comunicaci\u00f3n lo suficientemente atractivo para que el cliente se entusiasme con un producto, y esto se puede aplicar tambi\u00e9n a un activo inmobiliario.<\/p>\n<h3 class=\"fusion-responsive-typography-calculated\" data-fontsize=\"22\" data-lineheight=\"35.2px\">Contenido Formativo<\/h3>\n<p><strong>Introducci\u00f3n al marketing inmobiliario<\/strong><br \/>\nConcepto de marketing.<br \/>\nEl marketing y su entorno.<br \/>\nEl mercado y el marketing.<br \/>\nEl mercado inmobiliario y el marketing.<\/p>\n<p><strong>Segmentaci\u00f3n del mercado<\/strong><br \/>\nSegmentaci\u00f3n del mercado.<br \/>\nUtilidad de la segmentaci\u00f3n.<br \/>\nRequisitos de la segmentaci\u00f3n.<br \/>\nCriterios de segmentaci\u00f3n.<br \/>\nSegmentaci\u00f3n del mercado inmobiliario.<br \/>\nFactores que influyen en los segmentos de mercado de vivienda.<br \/>\nM\u00e9todos y t\u00e9cnicas de segmentaci\u00f3n.<br \/>\nAplicaci\u00f3n de la segmentaci\u00f3n en el dise\u00f1o de la estrategia comercial.<\/p>\n<p><strong>La investigaci\u00f3n comercial<\/strong><br \/>\nIntroducci\u00f3n.<br \/>\nLos sistemas de informaci\u00f3n.<br \/>\nLa investigaci\u00f3n comercial en el sector inmobiliario.<br \/>\nAn\u00e1lisis de la competencia. Los estudios de oferta.<br \/>\nAn\u00e1lisis del cliente. Los estudios de demanda.<\/p>\n<p><strong>El producto inmobiliario<\/strong><br \/>\nClasificaci\u00f3n.<br \/>\nFactores que inciden en la venta inmobiliaria.<br \/>\nLa demanda inmobiliaria.<br \/>\nMotivaciones del cliente inmobiliario.<\/p>\n<p><strong>El precio. Proceso de valoraci\u00f3n. M\u00e9todos de valoraci\u00f3n<\/strong><br \/>\nEl precio.<br \/>\nM\u00e9todos de valoraci\u00f3n.<br \/>\nEl m\u00e9todo de comparaci\u00f3n.<br \/>\nFactores de influencia en la valoraci\u00f3n por comparaci\u00f3n. Tablas de homogenizaci\u00f3n.<br \/>\nEl m\u00e9todo de capitalizaci\u00f3n de rentas (actualizaci\u00f3n de rentas).<br \/>\nEl m\u00e9todo de costes de reposici\u00f3n.<br \/>\nEl m\u00e9todo de valor residual.<br \/>\nValoraciones catastrales.<br \/>\nLa depreciaci\u00f3n del valor de tasaci\u00f3n.<br \/>\nCriterios de los m\u00e9todos, usos y finalidad de los diferentes m\u00e9todos.<br \/>\nEjemplo pr\u00e1ctico resuelto de la tasaci\u00f3n de un local comercial.<\/p>\n<p><strong>La comunicaci\u00f3n<\/strong><br \/>\nPlanificaci\u00f3n<br \/>\nAsignaci\u00f3n de presupuestos.<br \/>\nCostes de la comunicaci\u00f3n.<br \/>\nEl briefing.<br \/>\nLa publicidad.<br \/>\nEl plan de medios.<br \/>\nLas relaciones p\u00fablicas.<br \/>\nLa promoci\u00f3n de ventas.<\/p>\n<p><strong>El plan de marketing<\/strong><br \/>\n\u00bfQu\u00e9 es un plan de marketing?<br \/>\nVentajas de un plan de marketing.<br \/>\nFases y etapas de un plan de marketing.<br \/>\nControl del plan de marketing.<\/p>\n<p><strong>Marketing inmobiliario a trav\u00e9s delas redes sociales e internet<\/strong><br \/>\nUso de internet y las redes sociales aplicados al marketing inmobiliario.<br \/>\nImportancia de la p\u00e1gina web, las redes sociales y el social media.<br \/>\nDefinici\u00f3n del plan de marketing inmobiliario en internet.<br \/>\nResumen sobre la intervenci\u00f3n de internet en el marketing inmobiliario.<br \/>\nNoticias inmobiliarias.<\/p>\n<h3 class=\"fusion-responsive-typography-calculated\" data-fontsize=\"22\" data-lineheight=\"35.2px\">\u00bfA qui\u00e9n va dirigido?<\/h3>\n<p>A profesionales interesados en trabajar en el \u00e1mbito de la Promoci\u00f3n Inmobiliaria y Gesti\u00f3n de Activos Inmobiliarios, ya sean empresas promotoras, inmobiliarias, gestores y entidades dedicadas a la gesti\u00f3n de patrimonios, arquitectos y otros t\u00e9cnicos, APIs, etc.<\/p>\n<h3 class=\"fusion-responsive-typography-calculated\" data-fontsize=\"22\" data-lineheight=\"35.2px\">\u00bfPara qu\u00e9 te capacita?<\/h3>\n<p>Para obtener conocimientos de marketing que permiten incentivar las ventas y alquiler de activos inmobiliarios y para obtener un mayor posicionamiento de la empresa y\/o marca comercial dentro del Sector Inmobiliario.<\/p>\n<h3 class=\"fusion-responsive-typography-calculated\" data-fontsize=\"22\" data-lineheight=\"35.2px\">Otros datos de inter\u00e9s<\/h3>\n<p>&#8211; Actualizaci\u00f3n de conocimientos hacia la aplicaci\u00f3n de nuevas herramientas de marketing, como proceso de reciclaje para los profesionales ejercientes<br \/>\n&#8211; Dirigido a todos aquellos trabajadores y profesionales en activo que deseen adquirir o perfeccionar sus conocimientos en el \u00e1mbito del marketing inmobiliario.<br \/>\n&#8211; Conocer las herramientas que existen en el mercado del marketing para aplicarlo a las promociones inmobiliarias.<\/p>\n<p>&nbsp;<\/p>\n","protected":false},"excerpt":{"rendered":"<p>Modalidad: On Line Duraci\u00f3n: 50 Horas Objetivos &#8211; Proporcionar la formaci\u00f3n necesaria para conocer las ventajas que el Marketing\u00a0 puede ofrecer para mejorar el posicionamiento de la marca y las ventas de un producto inmobiliario. El marketing puede proporcionar herramientas muy adecuadas para poner en&hellip;<\/p>\n","protected":false},"featured_media":2180,"comment_status":"closed","ping_status":"closed","template":"","meta":[],"product_cat":[53],"product_tag":[],"class_list":{"0":"post-1890","1":"product","2":"type-product","3":"status-publish","4":"has-post-thumbnail","6":"product_cat-edificacion-y-obra-civil","8":"first","9":"instock","10":"sale","11":"taxable","12":"shipping-taxable","13":"purchasable","14":"product-type-simple"},"_links":{"self":[{"href":"https:\/\/tienda.gevalia.es\/index.php?rest_route=\/wp\/v2\/product\/1890","targetHints":{"allow":["GET"]}}],"collection":[{"href":"https:\/\/tienda.gevalia.es\/index.php?rest_route=\/wp\/v2\/product"}],"about":[{"href":"https:\/\/tienda.gevalia.es\/index.php?rest_route=\/wp\/v2\/types\/product"}],"replies":[{"embeddable":true,"href":"https:\/\/tienda.gevalia.es\/index.php?rest_route=%2Fwp%2Fv2%2Fcomments&post=1890"}],"wp:featuredmedia":[{"embeddable":true,"href":"https:\/\/tienda.gevalia.es\/index.php?rest_route=\/wp\/v2\/media\/2180"}],"wp:attachment":[{"href":"https:\/\/tienda.gevalia.es\/index.php?rest_route=%2Fwp%2Fv2%2Fmedia&parent=1890"}],"wp:term":[{"taxonomy":"product_cat","embeddable":true,"href":"https:\/\/tienda.gevalia.es\/index.php?rest_route=%2Fwp%2Fv2%2Fproduct_cat&post=1890"},{"taxonomy":"product_tag","embeddable":true,"href":"https:\/\/tienda.gevalia.es\/index.php?rest_route=%2Fwp%2Fv2%2Fproduct_tag&post=1890"}],"curies":[{"name":"wp","href":"https:\/\/api.w.org\/{rel}","templated":true}]}}