{"id":1916,"date":"2022-08-17T12:46:16","date_gmt":"2022-08-17T12:46:16","guid":{"rendered":"https:\/\/tienda.gevalia.es\/?post_type=product&#038;p=1916"},"modified":"2022-09-05T12:32:56","modified_gmt":"2022-09-05T12:32:56","slug":"lavado-de-ropa-en-alojamientos","status":"publish","type":"product","link":"https:\/\/tienda.gevalia.es\/?product=lavado-de-ropa-en-alojamientos","title":{"rendered":"Lavado de ropa en alojamientos."},"content":{"rendered":"<p>Modalidad: On Line<br \/>\nDuraci\u00f3n: 90 Horas<\/p>\n<h3 class=\"fusion-responsive-typography-calculated\" data-fontsize=\"22\" data-lineheight=\"35.2px\">Objetivos<\/h3>\n<p>&#8211; Interpretar correctamente informaci\u00f3n oral y escrita, ya sean instrucciones, indicaciones, especificaciones t\u00e9cnicas o etiquetas de productos qu\u00edmicos, vales u otros documentos utilizados en el proceso de planchado y arreglo de ropa y en la confecci\u00f3n de art\u00edculos textiles sencillos.<br \/>\n&#8211; Clasificar las ropas para su planchado.<br \/>\n&#8211; Describir y ejecutar las t\u00e9cnicas de planchado, doblado y presentaci\u00f3n de ropa, aplicando el procedimiento adecuado y utilizando la maquinaria establecida.<br \/>\n&#8211; Describir y aplicar t\u00e9cnicas de cosido a mano y a m\u00e1quina, empleando los medios y materiales adecuados.<br \/>\n&#8211; Aplicar las t\u00e9cnicas para el almacenaje, control y mantenimiento de los productos, utensilios y lencer\u00eda propios del \u00e1rea de alojamiento.<br \/>\n&#8211; Reconocer y aplicar las normas y medidas internas de seguridad, higiene y salud en los procesos de planchado, arreglo y confecci\u00f3n de ropa propios de establecimientos de alojamiento.<\/p>\n<h3 class=\"fusion-responsive-typography-calculated\" data-fontsize=\"22\" data-lineheight=\"35.2px\">Contenido Formativo<\/h3>\n<p><strong>Procedimientos administrativos y comunicaci\u00f3n interna en lavander\u00eda<\/strong><br \/>\nIntroducci\u00f3n<br \/>\nCircuitos internos de comunicaci\u00f3n en lavander\u00eda de alojamientos<br \/>\nRelaciones con otros departamentos: pisos y taller de planchado y costura<br \/>\nDocumentaci\u00f3n utilizada en el departamento de lavander\u00eda<br \/>\nResumen<\/p>\n<p><strong>Clasificaci\u00f3n seg\u00fan etiquetado y marca de productos textiles para el lavado<\/strong><br \/>\nIntroducci\u00f3n<br \/>\nInterpretaci\u00f3n del etiquetado de las ropas<br \/>\nClasificaci\u00f3n de las ropas para el lavado seg\u00fan productos y etiquetado<br \/>\nMarcado y contrase\u00f1ado de ropa para el lavado<br \/>\nResumen<\/p>\n<p><strong>Lavado, limpieza y secado de ropa<\/strong><br \/>\nIntroducci\u00f3n<br \/>\nEl proceso de lavado<br \/>\nMaquinaria de lavado y secado<br \/>\nElementos accesorios para el lavado<br \/>\nCaracter\u00edsticas, funciones y normas de uso b\u00e1sicas de los productos de lavado<br \/>\nLas manchas y su tratamiento<br \/>\nResumen<\/p>\n<p><strong>Almacenamiento y distribuci\u00f3n interna de productos en lavander\u00eda<\/strong><br \/>\nIntroducci\u00f3n<br \/>\nProcesos administrativos relativos a la recepci\u00f3n, almacenamiento, distribuci\u00f3n interna y expedici\u00f3n de existencias<br \/>\nDistribuci\u00f3n interna de ropa lavada<br \/>\nProceso organizativo del almacenamiento de productos y utensilios para el lavado<br \/>\nAplicaci\u00f3n de procedimientos de gesti\u00f3n de stocks<br \/>\nResumen<\/p>\n<p><strong>Normativa de seguridad, higiene y salud<\/strong><br \/>\nIntroducci\u00f3n<br \/>\nNormativa de seguridad, higiene y salud en los procesos de lavado de ropa propios de establecimientos de alojamiento<br \/>\nIdentificaci\u00f3n e interpretaci\u00f3n de normativa espec\u00edfica<br \/>\nRequisitos higi\u00e9nicos generales de instalaciones y equipos para el lavado<br \/>\nSalud e higiene personal<br \/>\nMedidas de prevenci\u00f3n y protecci\u00f3n<br \/>\nEquipamiento personal de seguridad<br \/>\nResumen<\/p>\n<h3 class=\"fusion-responsive-typography-calculated\" data-fontsize=\"22\" data-lineheight=\"35.2px\">\u00bfA qui\u00e9n va dirigido?<\/h3>\n<p>A camarera de pisos (hosteler\u00eda).<br \/>\nMozo de habitaci\u00f3n.<br \/>\nAuxiliar de pisos y limpieza.<br \/>\nAuxiliar de lavander\u00eda y lencer\u00eda en establecimientos de alojamiento.<\/p>\n<h3 class=\"fusion-responsive-typography-calculated\" data-fontsize=\"22\" data-lineheight=\"35.2px\">\u00bfPara qu\u00e9 te capacita?<\/h3>\n<p>Para el desempe\u00f1o del trabajo de lavandero\/a con plena garant\u00eda de actuar conociendo los fundamentos, tanto te\u00f3ricos como pr\u00e1cticos, de todas las operaciones que se realizan al mismo tiempo que capacita para optar a puestos de responsabilidad en el departamento.<\/p>\n<h3 class=\"fusion-responsive-typography-calculated\" data-fontsize=\"22\" data-lineheight=\"35.2px\">Otros datos de inter\u00e9s<\/h3>\n<p>&#8211; Es v\u00e1lido para empresas hoteleras que se planteen elevar el nivel de formaci\u00f3n de sus empleados con objeto de potenciar su competitividad en el mercado por la v\u00eda de ofrecer la calidad m\u00e1s elevada posible.<br \/>\n&#8211; Es id\u00f3neo para que las empresas de formaci\u00f3n organicen cursos para empleados y profesionales de hoteles que busquen un nivel de formaci\u00f3n que les permita aspirar a mejorar su estatus laboral.<br \/>\n&#8211; Este manual desarrolla casos pr\u00e1cticos con un enfoque de utilidad y de realidad, es decir, est\u00e1 referido exclusivamente a la realidad del trabajo de lavander\u00eda en el d\u00eda a d\u00eda.<\/p>\n","protected":false},"excerpt":{"rendered":"<p>Modalidad: On Line Duraci\u00f3n: 90 Horas Objetivos &#8211; Interpretar correctamente informaci\u00f3n oral y escrita, ya sean instrucciones, indicaciones, especificaciones t\u00e9cnicas o etiquetas de productos qu\u00edmicos, vales u otros documentos utilizados en el proceso de planchado y arreglo de ropa y en la confecci\u00f3n de art\u00edculos&hellip;<\/p>\n","protected":false},"featured_media":2216,"comment_status":"closed","ping_status":"closed","template":"","meta":[],"product_cat":[56],"product_tag":[],"class_list":{"0":"post-1916","1":"product","2":"type-product","3":"status-publish","4":"has-post-thumbnail","6":"product_cat-hosteleria-y-turismo","8":"first","9":"instock","10":"sale","11":"taxable","12":"shipping-taxable","13":"purchasable","14":"product-type-simple"},"_links":{"self":[{"href":"https:\/\/tienda.gevalia.es\/index.php?rest_route=\/wp\/v2\/product\/1916","targetHints":{"allow":["GET"]}}],"collection":[{"href":"https:\/\/tienda.gevalia.es\/index.php?rest_route=\/wp\/v2\/product"}],"about":[{"href":"https:\/\/tienda.gevalia.es\/index.php?rest_route=\/wp\/v2\/types\/product"}],"replies":[{"embeddable":true,"href":"https:\/\/tienda.gevalia.es\/index.php?rest_route=%2Fwp%2Fv2%2Fcomments&post=1916"}],"wp:featuredmedia":[{"embeddable":true,"href":"https:\/\/tienda.gevalia.es\/index.php?rest_route=\/wp\/v2\/media\/2216"}],"wp:attachment":[{"href":"https:\/\/tienda.gevalia.es\/index.php?rest_route=%2Fwp%2Fv2%2Fmedia&parent=1916"}],"wp:term":[{"taxonomy":"product_cat","embeddable":true,"href":"https:\/\/tienda.gevalia.es\/index.php?rest_route=%2Fwp%2Fv2%2Fproduct_cat&post=1916"},{"taxonomy":"product_tag","embeddable":true,"href":"https:\/\/tienda.gevalia.es\/index.php?rest_route=%2Fwp%2Fv2%2Fproduct_tag&post=1916"}],"curies":[{"name":"wp","href":"https:\/\/api.w.org\/{rel}","templated":true}]}}