{"id":1917,"date":"2022-08-17T12:46:16","date_gmt":"2022-08-17T12:46:16","guid":{"rendered":"https:\/\/tienda.gevalia.es\/?post_type=product&#038;p=1917"},"modified":"2022-09-05T12:37:46","modified_gmt":"2022-09-05T12:37:46","slug":"limpieza-y-puesta-a-punto-de-pisos-y-zonas-comunes-en-alojamientos","status":"publish","type":"product","link":"https:\/\/tienda.gevalia.es\/?product=limpieza-y-puesta-a-punto-de-pisos-y-zonas-comunes-en-alojamientos","title":{"rendered":"Limpieza y puesta a punto de pisos y zonas comunes en alojamientos."},"content":{"rendered":"<p>Modalidad: On Line<br \/>\nDuraci\u00f3n: 60 Horas<\/p>\n<h3 class=\"fusion-responsive-typography-calculated\" data-fontsize=\"22\" data-lineheight=\"35.2px\">Objetivos<\/h3>\n<p>&#8211; Utilizar los equipos, m\u00e1quinas y \u00fatiles que conforman la dotaci\u00f3n b\u00e1sica del \u00e1rea de pisos, de acuerdo con sus aplicaciones y en funci\u00f3n de su rendimiento \u00f3ptimo.<br \/>\n&#8211; Aplicar t\u00e9cnicas de limpieza y puesta a punto de habitaciones, zonas nobles y \u00e1reas comunes, utilizando la maquinaria y \u00fatiles adecuados.<br \/>\n&#8211; Aplicar t\u00e9cnicas de limpieza y mantenimiento del mobiliario y elementos decorativos, utilizando los productos y \u00fatiles adecuados.<br \/>\n&#8211; Reconocer y aplicar las normas y medidas internas de seguridad, higiene y salud en los procesos de preparaci\u00f3n y puesta a punto habitaciones, zonas nobles y \u00e1reas comunes.<\/p>\n","protected":false},"excerpt":{"rendered":"<p>Modalidad: On Line Duraci\u00f3n: 60 Horas Objetivos &#8211; Utilizar los equipos, m\u00e1quinas y \u00fatiles que conforman la dotaci\u00f3n b\u00e1sica del \u00e1rea de pisos, de acuerdo con sus aplicaciones y en funci\u00f3n de su rendimiento \u00f3ptimo. &#8211; Aplicar t\u00e9cnicas de limpieza y puesta a punto de&hellip;<\/p>\n","protected":false},"featured_media":2218,"comment_status":"closed","ping_status":"closed","template":"","meta":[],"product_cat":[56],"product_tag":[],"class_list":{"0":"post-1917","1":"product","2":"type-product","3":"status-publish","4":"has-post-thumbnail","6":"product_cat-hosteleria-y-turismo","8":"first","9":"instock","10":"sale","11":"taxable","12":"shipping-taxable","13":"purchasable","14":"product-type-simple"},"_links":{"self":[{"href":"https:\/\/tienda.gevalia.es\/index.php?rest_route=\/wp\/v2\/product\/1917","targetHints":{"allow":["GET"]}}],"collection":[{"href":"https:\/\/tienda.gevalia.es\/index.php?rest_route=\/wp\/v2\/product"}],"about":[{"href":"https:\/\/tienda.gevalia.es\/index.php?rest_route=\/wp\/v2\/types\/product"}],"replies":[{"embeddable":true,"href":"https:\/\/tienda.gevalia.es\/index.php?rest_route=%2Fwp%2Fv2%2Fcomments&post=1917"}],"wp:featuredmedia":[{"embeddable":true,"href":"https:\/\/tienda.gevalia.es\/index.php?rest_route=\/wp\/v2\/media\/2218"}],"wp:attachment":[{"href":"https:\/\/tienda.gevalia.es\/index.php?rest_route=%2Fwp%2Fv2%2Fmedia&parent=1917"}],"wp:term":[{"taxonomy":"product_cat","embeddable":true,"href":"https:\/\/tienda.gevalia.es\/index.php?rest_route=%2Fwp%2Fv2%2Fproduct_cat&post=1917"},{"taxonomy":"product_tag","embeddable":true,"href":"https:\/\/tienda.gevalia.es\/index.php?rest_route=%2Fwp%2Fv2%2Fproduct_tag&post=1917"}],"curies":[{"name":"wp","href":"https:\/\/api.w.org\/{rel}","templated":true}]}}