{"id":1919,"date":"2022-08-17T12:46:16","date_gmt":"2022-08-17T12:46:16","guid":{"rendered":"https:\/\/tienda.gevalia.es\/?post_type=product&#038;p=1919"},"modified":"2022-09-05T16:31:26","modified_gmt":"2022-09-05T16:31:26","slug":"promocion-y-venta-de-servicios-turisticos","status":"publish","type":"product","link":"https:\/\/tienda.gevalia.es\/?product=promocion-y-venta-de-servicios-turisticos","title":{"rendered":"Promoci\u00f3n y venta de servicios tur\u00edsticos."},"content":{"rendered":"<p>Modalidad: On Line<br \/>\nDuraci\u00f3n: 35 Horas<\/p>\n<h3 class=\"fusion-responsive-typography-calculated\" data-fontsize=\"22\" data-lineheight=\"35.2px\">Objetivos<\/h3>\n<p>Adquirir los fundamentos b\u00e1sicos para realizar la promoci\u00f3n, venta y comercializaci\u00f3n de productos y servicios tur\u00edsticos, utilizando los programas inform\u00e1ticos de gesti\u00f3n de agencias de viajes.<\/p>\n<h3 class=\"fusion-responsive-typography-calculated\" data-fontsize=\"22\" data-lineheight=\"35.2px\">Contenido Formativo<\/h3>\n<p><strong>Productos, servicios y destinos tur\u00edsticos<\/strong><br \/>\nEl turismo y la estructura del mercado tur\u00edstico<br \/>\nEl alojamiento como componente del producto tur\u00edstico<br \/>\nEl transporte como componente del servicio tur\u00edstico<br \/>\nOtros elementos y componentes de los viajes combinados, excursiones y traslados<br \/>\nPrincipales destinos tur\u00edsticos nacionales<br \/>\nPrincipales destinos tur\u00edsticos internacionales<\/p>\n<p><strong>Asesoramiento, venta y comercializaci\u00f3n de productos y servicios tur\u00edsticos<\/strong><br \/>\nLa distribuci\u00f3n tur\u00edstica.<br \/>\nLa venta de alojamiento.<br \/>\nLa venta de transporte.<br \/>\nLa venta de viajes combinados.<br \/>\nOtras ventas y servicios de las agencias de viajes.<br \/>\nEl marketing y la promoci\u00f3n de ventas en las entidades de distribuci\u00f3n tur\u00edstica.<br \/>\nInternet como canal de distribuci\u00f3n tur\u00edstica.<br \/>\nP\u00e1ginas web de distribuci\u00f3n tur\u00edstica y portales tur\u00edsticos.<\/p>\n<p><strong>Gesti\u00f3n de sistemas de distribuci\u00f3n global<\/strong><br \/>\nUtilizaci\u00f3n de sistemas de distribuci\u00f3n (GDS) y de aplicaciones inform\u00e1ticas de gesti\u00f3n de agencia de viajes:<br \/>\nLos sistemas globales de distribuci\u00f3n (GDS)<br \/>\nLa distribuci\u00f3n tur\u00edstica en internet<br \/>\nProgramas de ventas<\/p>\n<p><strong>Comunicaci\u00f3n y atenci\u00f3n al cliente en hosteler\u00eda y turismo<\/strong><br \/>\nLa comunicaci\u00f3n aplicada a la hosteler\u00eda y al turismo.<br \/>\nAtenci\u00f3n al cliente en hosteler\u00eda y turismo.<br \/>\nLa protecci\u00f3n de consumidores y usuarios: normativa aplicable en Espa\u00f1a y Uni\u00f3n Europea<\/p>\n","protected":false},"excerpt":{"rendered":"<p>Modalidad: On Line Duraci\u00f3n: 35 Horas Objetivos Adquirir los fundamentos b\u00e1sicos para realizar la promoci\u00f3n, venta y comercializaci\u00f3n de productos y servicios tur\u00edsticos, utilizando los programas inform\u00e1ticos de gesti\u00f3n de agencias de viajes. Contenido Formativo Productos, servicios y destinos tur\u00edsticos El turismo y la estructura&hellip;<\/p>\n","protected":false},"featured_media":2222,"comment_status":"closed","ping_status":"closed","template":"","meta":[],"product_cat":[56],"product_tag":[],"class_list":{"0":"post-1919","1":"product","2":"type-product","3":"status-publish","4":"has-post-thumbnail","6":"product_cat-hosteleria-y-turismo","8":"first","9":"instock","10":"sale","11":"taxable","12":"shipping-taxable","13":"purchasable","14":"product-type-simple"},"_links":{"self":[{"href":"https:\/\/tienda.gevalia.es\/index.php?rest_route=\/wp\/v2\/product\/1919","targetHints":{"allow":["GET"]}}],"collection":[{"href":"https:\/\/tienda.gevalia.es\/index.php?rest_route=\/wp\/v2\/product"}],"about":[{"href":"https:\/\/tienda.gevalia.es\/index.php?rest_route=\/wp\/v2\/types\/product"}],"replies":[{"embeddable":true,"href":"https:\/\/tienda.gevalia.es\/index.php?rest_route=%2Fwp%2Fv2%2Fcomments&post=1919"}],"wp:featuredmedia":[{"embeddable":true,"href":"https:\/\/tienda.gevalia.es\/index.php?rest_route=\/wp\/v2\/media\/2222"}],"wp:attachment":[{"href":"https:\/\/tienda.gevalia.es\/index.php?rest_route=%2Fwp%2Fv2%2Fmedia&parent=1919"}],"wp:term":[{"taxonomy":"product_cat","embeddable":true,"href":"https:\/\/tienda.gevalia.es\/index.php?rest_route=%2Fwp%2Fv2%2Fproduct_cat&post=1919"},{"taxonomy":"product_tag","embeddable":true,"href":"https:\/\/tienda.gevalia.es\/index.php?rest_route=%2Fwp%2Fv2%2Fproduct_tag&post=1919"}],"curies":[{"name":"wp","href":"https:\/\/api.w.org\/{rel}","templated":true}]}}