{"id":1943,"date":"2022-08-17T12:46:26","date_gmt":"2022-08-17T12:46:26","guid":{"rendered":"https:\/\/tienda.gevalia.es\/?post_type=product&#038;p=1943"},"modified":"2022-09-05T18:07:03","modified_gmt":"2022-09-05T18:07:03","slug":"elaboracion-e-implantacion-de-un-plan-de-autoproteccion","status":"publish","type":"product","link":"https:\/\/tienda.gevalia.es\/?product=elaboracion-e-implantacion-de-un-plan-de-autoproteccion","title":{"rendered":"Elaboraci\u00f3n e implantaci\u00f3n de un Plan de Autoprotecci\u00f3n."},"content":{"rendered":"<p>Modalidad: On Line<br \/>\nDuraci\u00f3n: 35 Horas<\/p>\n<h3 class=\"fusion-responsive-typography-calculated\" data-fontsize=\"22\" data-lineheight=\"35.2px\">Objetivos<\/h3>\n<p>&#8211; Adquirir los requisitos b\u00e1sicos de aplicaci\u00f3n en las organizaciones para evitar que se produzcan graves consecuencias ante una emergencia.<br \/>\n&#8211;\u00a0Conocer el desarrollo de un Plan de Autoprotecci\u00f3n en cuanto a su contenido, elaboraci\u00f3n, medias que se deben aplicar, revisi\u00f3n y modificaciones del mismo.<br \/>\n&#8211;\u00a0Valorar la implantaci\u00f3n de la Norma B\u00e1sica de Autoprotecci\u00f3n como una inversi\u00f3n y no como un coste m\u00e1s para las organizaciones.<\/p>\n<h3 class=\"fusion-responsive-typography-calculated\" data-fontsize=\"22\" data-lineheight=\"35.2px\">Contenido Formativo<\/h3>\n<p><strong>Caracter\u00edsticas de los planes de autoprotecci\u00f3n<\/strong><br \/>\nIntroducci\u00f3n.<br \/>\nCaracter\u00edsticas de los Planes de autoprotecci\u00f3n.<\/p>\n<p><strong>Normativa y \u00e1mbito de aplicaci\u00f3n de la norma b\u00e1sica de autoprotecci\u00f3n<\/strong><br \/>\nIntroducci\u00f3n.<br \/>\nNormativa relacionada con la autoprotecci\u00f3n.<br \/>\nOrganismos relacionados con la autoprotecci\u00f3n.<br \/>\nAlcance y obligatoriedad.<\/p>\n<p><strong>Contenido y desarrollo de un plan de autoprotecci\u00f3n<\/strong><br \/>\nIntroducci\u00f3n.<br \/>\nContenido y desarrollo de un plan de autoprotecci\u00f3n.<\/p>\n<p><strong>Elaboraci\u00f3n e implantaci\u00f3n de un plan de autoprotecci\u00f3n<\/strong><br \/>\nIntroducci\u00f3n.<br \/>\nElaboraci\u00f3n del Plan de Autoprotecci\u00f3n: condiciones.<br \/>\nRegistro de los establecimientos que pueden dar origen a situaciones de emergencia.<br \/>\nAspecto a tener en cuenta al elaborar un Plan de Autoprotecci\u00f3n.<br \/>\nAnexos, consignas e instrucciones.<br \/>\nPrimeros auxilios.<\/p>\n<h3 class=\"fusion-responsive-typography-calculated\" data-fontsize=\"22\" data-lineheight=\"35.2px\">\u00bfA qui\u00e9n va dirigido?<\/h3>\n<p>Las ocupaciones o puestos de trabajo para los que se relaciona este contenido se relaciona con t\u00e9cnicos con facultad para realizar el Plan de Autoprotecci\u00f3n, destacando: direcci\u00f3n, comit\u00e9 de autoprotecci\u00f3n, mandos intermedios, Delegados y delegadas de prevenci\u00f3n, comit\u00e9 de Seguridad y Salud,\u2026<\/p>\n<h3 class=\"fusion-responsive-typography-calculated\" data-fontsize=\"22\" data-lineheight=\"35.2px\">\u00bfPara qu\u00e9 te capacita?<\/h3>\n<p>Para el desarrollo de un Plan de Autoprotecci\u00f3n en cuanto a su contenido, elaboraci\u00f3n, medidas que se deben aplicar, revisi\u00f3n y modificaciones del mismo.<\/p>\n<h3 class=\"fusion-responsive-typography-calculated\" data-fontsize=\"22\" data-lineheight=\"35.2px\">Otros datos de inter\u00e9s<\/h3>\n<p>&#8211; A lo largo Para que los t\u00e9cnicos y personal directivo de la empresa valoren la implantaci\u00f3n de la Norma B\u00e1sica de Autoprotecci\u00f3n como una inversi\u00f3n y no como un coste m\u00e1s. De su correcta aplicaci\u00f3n depender\u00e1 salvar vidas y disminuir dr\u00e1sticamente los costes de reparaci\u00f3n en caso de emergencia.<br \/>\n&#8211;\u00a0El presente manual desarrolla, a trav\u00e9s sus unidades did\u00e1cticas, diversos aspectos relativos a la prevenci\u00f3n de riesgos laborales tanto para particulares como para empresas.<br \/>\n&#8211;\u00a0Se presenta una plantilla (modelo) de Plan de Autoprotecci\u00f3n a modo de ejemplo que el interesado deber\u00e1 revisar y modificar o ampliar seg\u00fan las caracter\u00edsticas espec\u00edficas del centro de trabajo al que desee aplicarlo.<\/p>\n<p>&nbsp;<\/p>\n","protected":false},"excerpt":{"rendered":"<p>Modalidad: On Line Duraci\u00f3n: 35 Horas Objetivos &#8211; Adquirir los requisitos b\u00e1sicos de aplicaci\u00f3n en las organizaciones para evitar que se produzcan graves consecuencias ante una emergencia. &#8211;\u00a0Conocer el desarrollo de un Plan de Autoprotecci\u00f3n en cuanto a su contenido, elaboraci\u00f3n, medias que se deben&hellip;<\/p>\n","protected":false},"featured_media":2229,"comment_status":"closed","ping_status":"closed","template":"","meta":[],"product_cat":[60],"product_tag":[],"class_list":{"0":"post-1943","1":"product","2":"type-product","3":"status-publish","4":"has-post-thumbnail","6":"product_cat-seguridad","8":"first","9":"instock","10":"sale","11":"taxable","12":"shipping-taxable","13":"purchasable","14":"product-type-simple"},"_links":{"self":[{"href":"https:\/\/tienda.gevalia.es\/index.php?rest_route=\/wp\/v2\/product\/1943","targetHints":{"allow":["GET"]}}],"collection":[{"href":"https:\/\/tienda.gevalia.es\/index.php?rest_route=\/wp\/v2\/product"}],"about":[{"href":"https:\/\/tienda.gevalia.es\/index.php?rest_route=\/wp\/v2\/types\/product"}],"replies":[{"embeddable":true,"href":"https:\/\/tienda.gevalia.es\/index.php?rest_route=%2Fwp%2Fv2%2Fcomments&post=1943"}],"wp:featuredmedia":[{"embeddable":true,"href":"https:\/\/tienda.gevalia.es\/index.php?rest_route=\/wp\/v2\/media\/2229"}],"wp:attachment":[{"href":"https:\/\/tienda.gevalia.es\/index.php?rest_route=%2Fwp%2Fv2%2Fmedia&parent=1943"}],"wp:term":[{"taxonomy":"product_cat","embeddable":true,"href":"https:\/\/tienda.gevalia.es\/index.php?rest_route=%2Fwp%2Fv2%2Fproduct_cat&post=1943"},{"taxonomy":"product_tag","embeddable":true,"href":"https:\/\/tienda.gevalia.es\/index.php?rest_route=%2Fwp%2Fv2%2Fproduct_tag&post=1943"}],"curies":[{"name":"wp","href":"https:\/\/api.w.org\/{rel}","templated":true}]}}