{"id":1945,"date":"2022-08-17T12:46:26","date_gmt":"2022-08-17T12:46:26","guid":{"rendered":"https:\/\/tienda.gevalia.es\/?post_type=product&#038;p=1945"},"modified":"2022-09-05T18:15:13","modified_gmt":"2022-09-05T18:15:13","slug":"gestion-de-residuos","status":"publish","type":"product","link":"https:\/\/tienda.gevalia.es\/?product=gestion-de-residuos","title":{"rendered":"Gesti\u00f3n de residuos."},"content":{"rendered":"<p>Modalidad: On Line<br \/>\nDuraci\u00f3n: 75 Horas<\/p>\n<h3 class=\"fusion-responsive-typography-calculated\" data-fontsize=\"22\" data-lineheight=\"35.2px\">Objetivos<\/h3>\n<p>&#8211; Adquirir los conocimientos y destrezas necesarias para gestionar adecuadamente los residuos urbanos, industriales, rurales y sanitarios, as\u00ed como el marco legal y educaci\u00f3n ambiental.<br \/>\n&#8211; Diferenciar los tipos de residuos urbanos.<br \/>\n&#8211; Conocer c\u00f3mo se realiza la gesti\u00f3n de los distintos tipos de residuos urbanos.<br \/>\n&#8211; Descubrir los diferentes tipos de residuos industriales y conocer su gesti\u00f3n.<br \/>\n&#8211; Distinguir los diferentes tipos de residuos agr\u00edcolas.<br \/>\n&#8211; Conocer la gesti\u00f3n de los tipos de residuos agr\u00edcolas.<br \/>\n&#8211; Conocer con los diferentes tipos de residuos sanitarios y conocer su gesti\u00f3n.<br \/>\n&#8211; Conocer la normativa comunitaria, estatal y auton\u00f3mica en materia de residuos.<br \/>\n&#8211; Definir el concepto y las principales herramientas de la Educaci\u00f3n Ambiental.<\/p>\n<h3 class=\"fusion-responsive-typography-calculated\" data-fontsize=\"22\" data-lineheight=\"35.2px\">Contenido Formativo<\/h3>\n<p><strong>Residuos urbanos<\/strong><br \/>\nIntroducci\u00f3n<br \/>\nGesti\u00f3n de los residuos urbanos<br \/>\nVertido de los residuos en dep\u00f3sito controlado<br \/>\nIncineraci\u00f3n de los residuos s\u00f3lidos con recuperaci\u00f3n de energ\u00eda<br \/>\nOtros proceso de valorizaci\u00f3n energ\u00e9tica de los residuos urbanos<br \/>\nValorizaci\u00f3n material de los residuos urbanos: compostaje<br \/>\nResumen<\/p>\n<p><strong>Residuos industriales<\/strong><br \/>\nIntroducci\u00f3n<br \/>\nGesti\u00f3n de los residuos industriales<br \/>\nEnvases y residuos de envases<br \/>\nAn\u00e1lisis del ciclo de vida<br \/>\nMinimizaci\u00f3n de los residuos industriales<br \/>\nValorizaci\u00f3n de los residuos industriales<br \/>\nTratamientos y disposici\u00f3n del rechazo de los RTP<br \/>\nResumen<\/p>\n<p><strong>Residuos rurales<\/strong><br \/>\nIntroducci\u00f3n<br \/>\nGeneralidades de los residuos rurales<br \/>\nResiduos rurales agr\u00edcolas<br \/>\nResiduos rurales ganaderos<br \/>\nResumen<\/p>\n<p><strong>Residuos sanitarios<\/strong><br \/>\nIntroducci\u00f3n<br \/>\nConcepto y clasificaci\u00f3n de los residuos sanitarios<br \/>\nGesti\u00f3n de los residuos sanitarios<br \/>\nUn caso particular: gesti\u00f3n de residuos en el laboratorio<br \/>\nResumen<\/p>\n<p><strong>Marco legal de los residuos<\/strong><br \/>\nIntroducci\u00f3n<br \/>\nPol\u00edtica comunitaria en materia de residuos<br \/>\nSituaci\u00f3n actual del marco normativo europeo de residuos<br \/>\nNormativa estatal en materia de residuos<br \/>\nLa competencia administrativa en materia de residuos<br \/>\nR\u00e9gimen jur\u00eddico de la gesti\u00f3n de residuos<br \/>\nReglamentos de desarrollo sobre determinadas actividades de gesti\u00f3n de residuos<br \/>\nNormativa sobre traslado transfronterizo de residuos<br \/>\nOtras obligaciones suplementarias derivadas de la Ley de Prevenci\u00f3n y Control Integrados de la Contaminaci\u00f3n (IPPC)<br \/>\nAlgunas peculiaridades relevantes de la normativa sobre residuos aprobada por otras comunidades aut\u00f3nomas, as\u00ed como novedades aportadas<br \/>\nResumen<\/p>\n<p><strong>Educaci\u00f3n ambiental<\/strong><br \/>\nIntroducci\u00f3n<br \/>\nHerramientas de promoci\u00f3n y participaci\u00f3n<br \/>\nPrincipales problemas ambientales generados por la mala gesti\u00f3n de los residuos<br \/>\nSociedad y residuos urbanos<br \/>\nGu\u00eda medioambiental para la reducci\u00f3n de residuos urbanos en un municipio<br \/>\nResumen<\/p>\n<h3 class=\"fusion-responsive-typography-calculated\" data-fontsize=\"22\" data-lineheight=\"35.2px\">\u00bfA qui\u00e9n va dirigido?<\/h3>\n<p>A cualquier persona con la necesidad de adquirir conocimientos en materia de gesti\u00f3n de residuos para su aplicaci\u00f3n, tanto en el \u00e1mbito laboral como en el personal.<\/p>\n<h3 class=\"fusion-responsive-typography-calculated\" data-fontsize=\"22\" data-lineheight=\"35.2px\">\u00bfPara qu\u00e9 te capacita?<\/h3>\n<p>Para adquirir las destrezas necesarias para llevar a cabo una correcta gesti\u00f3n de todo tipo de residuos, teniendo en cuenta la normativa de aplicaci\u00f3n.<\/p>\n<h3 class=\"fusion-responsive-typography-calculated\" data-fontsize=\"22\" data-lineheight=\"35.2px\">Otros datos de inter\u00e9s<\/h3>\n<p>&#8211;\u00a0Adquisici\u00f3n de conocimientos sobre las condiciones de entrega de cada tipo de residuo, as\u00ed como las particularidades de su transporte y los tratamientos a que puede someterse antes de su eliminaci\u00f3n definitiva.<br \/>\n&#8211;\u00a0Comprensi\u00f3n del significado y aplicaci\u00f3n del an\u00e1lisis del ciclo de vida de un residuo.<br \/>\n&#8211;\u00a0Aplicaci\u00f3n de t\u00e9cnicas de minimizaci\u00f3n de residuos, en particular a nivel municipal.<br \/>\n&#8211;\u00a0Estudio de la evoluci\u00f3n de la pol\u00edtica comunitaria sobre residuos, as\u00ed como el r\u00e9gimen jur\u00eddico de aplicaci\u00f3n.<br \/>\n&#8211;\u00a0Diferenciaci\u00f3n de las competencias en materia de residuos que tienen atribuidas las diferentes Administraciones.<br \/>\n&#8211;\u00a0Conocimiento de toda la normativa que afecta a residuos, tanto comunitaria como estatal y auton\u00f3mica.<\/p>\n<p>&nbsp;<\/p>\n","protected":false},"excerpt":{"rendered":"<p>Modalidad: On Line Duraci\u00f3n: 75 Horas Objetivos &#8211; Adquirir los conocimientos y destrezas necesarias para gestionar adecuadamente los residuos urbanos, industriales, rurales y sanitarios, as\u00ed como el marco legal y educaci\u00f3n ambiental. &#8211; Diferenciar los tipos de residuos urbanos. &#8211; Conocer c\u00f3mo se realiza la&hellip;<\/p>\n","protected":false},"featured_media":2233,"comment_status":"closed","ping_status":"closed","template":"","meta":[],"product_cat":[60],"product_tag":[],"class_list":{"0":"post-1945","1":"product","2":"type-product","3":"status-publish","4":"has-post-thumbnail","6":"product_cat-seguridad","8":"first","9":"instock","10":"sale","11":"taxable","12":"shipping-taxable","13":"purchasable","14":"product-type-simple"},"_links":{"self":[{"href":"https:\/\/tienda.gevalia.es\/index.php?rest_route=\/wp\/v2\/product\/1945","targetHints":{"allow":["GET"]}}],"collection":[{"href":"https:\/\/tienda.gevalia.es\/index.php?rest_route=\/wp\/v2\/product"}],"about":[{"href":"https:\/\/tienda.gevalia.es\/index.php?rest_route=\/wp\/v2\/types\/product"}],"replies":[{"embeddable":true,"href":"https:\/\/tienda.gevalia.es\/index.php?rest_route=%2Fwp%2Fv2%2Fcomments&post=1945"}],"wp:featuredmedia":[{"embeddable":true,"href":"https:\/\/tienda.gevalia.es\/index.php?rest_route=\/wp\/v2\/media\/2233"}],"wp:attachment":[{"href":"https:\/\/tienda.gevalia.es\/index.php?rest_route=%2Fwp%2Fv2%2Fmedia&parent=1945"}],"wp:term":[{"taxonomy":"product_cat","embeddable":true,"href":"https:\/\/tienda.gevalia.es\/index.php?rest_route=%2Fwp%2Fv2%2Fproduct_cat&post=1945"},{"taxonomy":"product_tag","embeddable":true,"href":"https:\/\/tienda.gevalia.es\/index.php?rest_route=%2Fwp%2Fv2%2Fproduct_tag&post=1945"}],"curies":[{"name":"wp","href":"https:\/\/api.w.org\/{rel}","templated":true}]}}