{"id":1946,"date":"2022-08-17T12:46:26","date_gmt":"2022-08-17T12:46:26","guid":{"rendered":"https:\/\/tienda.gevalia.es\/?post_type=product&#038;p=1946"},"modified":"2022-09-05T18:19:46","modified_gmt":"2022-09-05T18:19:46","slug":"mantenedor-de-piscinas-de-uso-colectivo","status":"publish","type":"product","link":"https:\/\/tienda.gevalia.es\/?product=mantenedor-de-piscinas-de-uso-colectivo","title":{"rendered":"Mantenedor de piscinas de uso colectivo."},"content":{"rendered":"<p>Modalidad: On Line<br \/>\nDuraci\u00f3n: 50 Horas<\/p>\n<h3 class=\"fusion-responsive-typography-calculated\" data-fontsize=\"22\" data-lineheight=\"35.2px\">Objetivos<\/h3>\n<p>&#8211; Formar a los futuros trabajadores para que ejecuten correctamente las tareas de mantenimiento de piscinas de uso colectivo.<br \/>\n&#8211; Actualizar conocimientos de aquellos trabajadores que ya se dedican al mantenimiento de piscinas de uso colectivo.<br \/>\n&#8211; Conocer los distintos tipos de piscinas.<br \/>\n&#8211; Conocer las partes, elementos, sistemas, etc. que se dan en las instalaciones de las piscinas de uso colectivo.<br \/>\n&#8211; Conocer e identificar los riesgos que se dan en las piscinas de uso colectivo.<br \/>\n&#8211; Saber tratar y desinfectar el agua de ba\u00f1o, utilizar correctamente los productos adecuados, etc.<br \/>\n&#8211; Conocer el sistema de circulaci\u00f3n y filtraci\u00f3n del agua.<br \/>\n&#8211; Conocer y tener en cuenta los criterios de calidad de agua.<br \/>\n&#8211; Tomar las medidas oportunas para prevenir la legionelosis.<br \/>\n&#8211; Conocer aspectos necesarios en las piscinas: constructivos, de limpieza\u2026<br \/>\n&#8211; Dar a conocer el puesto de socorrista y las obligaciones b\u00e1sicas de los ba\u00f1istas.<\/p>\n<h3 class=\"fusion-responsive-typography-calculated\" data-fontsize=\"22\" data-lineheight=\"35.2px\">Contenido Formativo<\/h3>\n<p><strong>Piscinas de uso colectivo<\/strong><br \/>\nIntroducci\u00f3n.<br \/>\nBreves consideraciones generales de prevenci\u00f3n y definiciones b\u00e1sicas.<br \/>\nPartes y elementos de una piscina de uso colectivo.<br \/>\nTipos de piscinas de uso colectivo.<\/p>\n<p><strong>Riesgos en las piscinas de uso colectivo. Aspectos sanitarios<\/strong><br \/>\nIntroducci\u00f3n.<br \/>\nRiesgos en las piscinas de uso colectivo.<br \/>\nAspectos sanitarios.<\/p>\n<p><strong>Desinfecci\u00f3n del agua de ba\u00f1o<\/strong><br \/>\nIntroducci\u00f3n.<br \/>\nTratamiento del agua.<br \/>\nDesinfecci\u00f3n del agua de ba\u00f1o. Sistemas de desinfecci\u00f3n y tipos de desinfectantes.<br \/>\nAcci\u00f3n del \u00e1cido hipocloroso.<br \/>\nControl del pH. Su importancia.<br \/>\nConsumo de cloro y eficacia desinfectante de los derivados clorados.<br \/>\nClorometr\u00eda.<br \/>\nDosificadores de desinfectantes.<br \/>\nAlguicidas.<br \/>\nFloculantes.<\/p>\n<p><strong>Uso de productos qu\u00edmicos<\/strong><br \/>\nIntroducci\u00f3n.<br \/>\nProductos qu\u00edmicos peligrosos.<br \/>\nPictogramas.<br \/>\nEtiquetado de los productos qu\u00edmicos.<br \/>\nFicha de datos de seguridad (FDS).<br \/>\nFrases H y Frases P.<br \/>\nProcedimientos de utilizaci\u00f3n de los productos qu\u00edmicos.<br \/>\nEquipos de protecci\u00f3n individual (EPI).<\/p>\n<p><strong>Circulaci\u00f3n y filtraci\u00f3n<\/strong><br \/>\nIntroducci\u00f3n.<br \/>\nCirculaci\u00f3n del agua del vaso. Sistemas de recirculaci\u00f3n del agua del vaso.<br \/>\nFiltraci\u00f3n.<\/p>\n<p><strong>Criterios de calidad del agua<\/strong><br \/>\nIntroducci\u00f3n.<br \/>\nIndicadores del tratamiento y depuraci\u00f3n del agua.<br \/>\nOtros indicadores de calidad del agua.<\/p>\n<p><strong>Prevenci\u00f3n de la legionelosis en las instalaciones de las piscinas de uso colectivo<\/strong><br \/>\nIntroducci\u00f3n.<br \/>\nInstalaciones donde se puede dar la legionelosis.<br \/>\nPrevenci\u00f3n de la legionelosis en las piscinas de hidromasaje de uso colectivo.<br \/>\nActuaci\u00f3n ante un caso de legionelosis.<br \/>\nProgramas de mantenimiento en las instalaciones.<\/p>\n<p><strong>Otros aspectos a tener en cuenta<\/strong><br \/>\nIntroducci\u00f3n.<br \/>\nAspectos constructivos.<br \/>\nLimpieza y mantenimiento de las instalaciones.<br \/>\nAspectos relacionados con otros elementos e instalaciones.<br \/>\nPersonal socorrista y ba\u00f1istas.<\/p>\n<h3 class=\"fusion-responsive-typography-calculated\" data-fontsize=\"22\" data-lineheight=\"35.2px\">\u00bfA qui\u00e9n va dirigido?<\/h3>\n<p>A todos aquellos trabajadores que realicen tareas de mantenimiento en piscinas de uso colectivo y deseen recibir formaci\u00f3n e informaci\u00f3n sobre la forma correcta de actuar, teniendo muy en cuenta que deben ser formados e informados en materia preventiva.<\/p>\n<h3 class=\"fusion-responsive-typography-calculated\" data-fontsize=\"22\" data-lineheight=\"35.2px\">\u00bfPara qu\u00e9 te capacita?<\/h3>\n<p>Para poder ejercer correctamente la profesi\u00f3n de mantenedor de piscinas.<\/p>\n<h3 class=\"fusion-responsive-typography-calculated\" data-fontsize=\"22\" data-lineheight=\"35.2px\">Otros datos de inter\u00e9s<\/h3>\n<p>&#8211; Formar a personas que, sin conocimientos previos, deseen adquirir una buena base para en un futuro trabajar correctamente como mantenedores de piscinas.<br \/>\n&#8211; Actualizar los conocimientos de aquellos profesionales que lo deseen.<br \/>\n&#8211; Formar a personas que quieran obtener adecuados conocimientos para mantener correctamente sus propias piscinas familiares.<br \/>\n&#8211; Concienciarse en la necesidad de uso de EPI.<br \/>\n&#8211; Conocer distintos tipos de EPI y su correcto uso.<\/p>\n","protected":false},"excerpt":{"rendered":"<p>Modalidad: On Line Duraci\u00f3n: 50 Horas Objetivos &#8211; Formar a los futuros trabajadores para que ejecuten correctamente las tareas de mantenimiento de piscinas de uso colectivo. &#8211; Actualizar conocimientos de aquellos trabajadores que ya se dedican al mantenimiento de piscinas de uso colectivo. &#8211; Conocer&hellip;<\/p>\n","protected":false},"featured_media":2235,"comment_status":"closed","ping_status":"closed","template":"","meta":[],"product_cat":[60],"product_tag":[],"class_list":{"0":"post-1946","1":"product","2":"type-product","3":"status-publish","4":"has-post-thumbnail","6":"product_cat-seguridad","8":"first","9":"instock","10":"sale","11":"taxable","12":"shipping-taxable","13":"purchasable","14":"product-type-simple"},"_links":{"self":[{"href":"https:\/\/tienda.gevalia.es\/index.php?rest_route=\/wp\/v2\/product\/1946","targetHints":{"allow":["GET"]}}],"collection":[{"href":"https:\/\/tienda.gevalia.es\/index.php?rest_route=\/wp\/v2\/product"}],"about":[{"href":"https:\/\/tienda.gevalia.es\/index.php?rest_route=\/wp\/v2\/types\/product"}],"replies":[{"embeddable":true,"href":"https:\/\/tienda.gevalia.es\/index.php?rest_route=%2Fwp%2Fv2%2Fcomments&post=1946"}],"wp:featuredmedia":[{"embeddable":true,"href":"https:\/\/tienda.gevalia.es\/index.php?rest_route=\/wp\/v2\/media\/2235"}],"wp:attachment":[{"href":"https:\/\/tienda.gevalia.es\/index.php?rest_route=%2Fwp%2Fv2%2Fmedia&parent=1946"}],"wp:term":[{"taxonomy":"product_cat","embeddable":true,"href":"https:\/\/tienda.gevalia.es\/index.php?rest_route=%2Fwp%2Fv2%2Fproduct_cat&post=1946"},{"taxonomy":"product_tag","embeddable":true,"href":"https:\/\/tienda.gevalia.es\/index.php?rest_route=%2Fwp%2Fv2%2Fproduct_tag&post=1946"}],"curies":[{"name":"wp","href":"https:\/\/api.w.org\/{rel}","templated":true}]}}