{"id":1968,"date":"2022-08-17T12:46:36","date_gmt":"2022-08-17T12:46:36","guid":{"rendered":"https:\/\/tienda.gevalia.es\/?post_type=product&#038;p=1968"},"modified":"2022-09-09T13:00:18","modified_gmt":"2022-09-09T13:00:18","slug":"calidad-de-la-formacion","status":"publish","type":"product","link":"https:\/\/tienda.gevalia.es\/?product=calidad-de-la-formacion","title":{"rendered":"Calidad de la formaci\u00f3n."},"content":{"rendered":"<p>Modalidad: On Line<br \/>\nDuraci\u00f3n: 20 Horas<\/p>\n<h3 class=\"fusion-responsive-typography-calculated\" data-fontsize=\"22\" data-lineheight=\"35.2px\">Objetivos<\/h3>\n<p>Concienciar a la comunidad educativa sobre la importancia de la calidad en la formaci\u00f3n.<br \/>\n&#8211; Conocer la definici\u00f3n e implicaciones del concepto de calidad.<br \/>\n&#8211; Identificar los diferentes agentes y partes implicadas en la calidad educativa.<br \/>\n&#8211; Determinar el rol del equipo directivo ante el desaf\u00edo de la calidad.<br \/>\n&#8211; Describir los diferentes tipos de liderazgo.<br \/>\n&#8211; Diferenciar los principales modelos de calidad educativa y sus caracter\u00edsticas.<br \/>\n&#8211; Conocer las razones por la que es importante una educaci\u00f3n de calidad.<br \/>\n&#8211; Comprender la necesidad de asegurar una educaci\u00f3n de calidad.<\/p>\n<h3 class=\"fusion-responsive-typography-calculated\" data-fontsize=\"22\" data-lineheight=\"35.2px\">Contenido Formativo<\/h3>\n<p><strong>CONCEPTUALIZACI\u00d3N DE LA CALIDAD. EL \u00c1MBITO EDUCATIVO<\/strong><br \/>\nConceptualizaci\u00f3n del t\u00e9rmino calidad.<br \/>\nEl relativismo del t\u00e9rmino calidad.<br \/>\nEvoluci\u00f3n hist\u00f3rica de la calidad.<br \/>\nDimensiones de la calidad educativa.<br \/>\nLos clientes en el \u00e1mbito de la calidad educativa.<br \/>\nDificultades en la definici\u00f3n y concreci\u00f3n del cliente en educaci\u00f3n.<br \/>\nParticularidades de la calidad aplicada a la educaci\u00f3n.<br \/>\nLa direcci\u00f3n como factor decisivo para la calidad educativa.<br \/>\nEl rol del equipo directivo ante el desaf\u00edo de la calidad.<br \/>\nLiderazgo y calidad educativa.<br \/>\nLiderazgo participativo.<br \/>\nLiderazgo transformacional.<br \/>\nLiderazgo de servicio.<br \/>\nLiderazgo educativo.<br \/>\nLiderazgo \u00e9tico.<br \/>\nConceptos generales sobre la calidad educativa<br \/>\nLa excelencia en educaci\u00f3n.<br \/>\nPrincipales agentes nacionales e internacionales que contribuyen al desarrollo de la calidad Educativa: su misi\u00f3n, visi\u00f3n y valores.<br \/>\nCalidad y evaluaci\u00f3n educativa. Calidad, desarrollo y eficacia organizativa.<br \/>\nConclusiones que aporta la investigaci\u00f3n.<br \/>\nPrincipales modelos de calidad educativa: consideraciones generales.<br \/>\nModelo Deming.<br \/>\nModelo Baldrige.<br \/>\nModelo de excelencia: EFQM.<br \/>\nModelo iberoamericano de excelencia en la gesti\u00f3n.<br \/>\nISO UNE EN 9000.<\/p>\n<p><strong>JUSTIFICACI\u00d3N DE LA IMPORTANCIA Y NECESIDAD DE LA CALIDAD EN EL \u00c1MBITO EDUCATIVO<\/strong><br \/>\n\u00bfPor qu\u00e9 es necesario e importante concebir la calidad en los contextos educativos?<br \/>\nRazones de tipo \u00e9tico<br \/>\nRazones de tipo social<br \/>\nRazones de tipo psicol\u00f3gico<br \/>\nRazones pr\u00e1ctico-econ\u00f3micas: la rentabilidad de la calidad a largo plazo.<\/p>\n<h3 class=\"fusion-responsive-typography-calculated\" data-fontsize=\"22\" data-lineheight=\"35.2px\">\u00bfA qui\u00e9n va dirigido?<\/h3>\n<p>A profesionales relacionados con el \u00e1mbito educativo, que intervengan en los procesos llevados a cabo en los centros y organizaciones educativas. Prioritariamente a trabajadores ocupados.<\/p>\n<h3 class=\"fusion-responsive-typography-calculated\" data-fontsize=\"22\" data-lineheight=\"35.2px\">\u00bfPara qu\u00e9 te capacita?<\/h3>\n<p>Para impulsar el cambio en las organizaciones educativas, asegurando la calidad.<br \/>\n&#8211; Participar en los procesos formativos para conseguir la transformaci\u00f3n que asegure la calidad educativa.<br \/>\n&#8211; Desempe\u00f1ar el rol y funciones necesarias ante el desaf\u00edo de la calidad.<br \/>\n&#8211; Adoptar un modelo de evaluaci\u00f3n de la calidad educativa.<br \/>\n&#8211; Comprender la importancia y necesidad de asegurar una educaci\u00f3n de calidad.<\/p>\n<h3 class=\"fusion-responsive-typography-calculated\" data-fontsize=\"22\" data-lineheight=\"35.2px\">Otros datos de inter\u00e9s<\/h3>\n<p>&#8211; Se describe la evoluci\u00f3n de la concepci\u00f3n de la calidad, analizando la situaci\u00f3n actual.<br \/>\n&#8211; Se describe el contexto educativo y social actual, fomentando la reflexi\u00f3n sobre la situaci\u00f3n existente.<br \/>\n&#8211; Se analizan los diferentes modelos de evaluaci\u00f3n de la calidad, y su adaptaci\u00f3n a contextos educativos.<br \/>\n&#8211; Se incluyen ejercicios te\u00f3rico-pr\u00e1cticos para facilitar la compresi\u00f3n del texto.<br \/>\n&#8211; Se incluyen ejercicios de autoevaluaci\u00f3n para afianzar el contenido visto durante el desarrollo de cada unidad.<\/p>\n<p>&nbsp;<\/p>\n","protected":false},"excerpt":{"rendered":"<p>Modalidad: On Line Duraci\u00f3n: 20 Horas Objetivos Concienciar a la comunidad educativa sobre la importancia de la calidad en la formaci\u00f3n. &#8211; Conocer la definici\u00f3n e implicaciones del concepto de calidad. &#8211; Identificar los diferentes agentes y partes implicadas en la calidad educativa. &#8211; Determinar&hellip;<\/p>\n","protected":false},"featured_media":2241,"comment_status":"closed","ping_status":"closed","template":"","meta":[],"product_cat":[61],"product_tag":[],"class_list":{"0":"post-1968","1":"product","2":"type-product","3":"status-publish","4":"has-post-thumbnail","6":"product_cat-servicios-socioculturales-y-la-comunidad","8":"first","9":"instock","10":"sale","11":"taxable","12":"shipping-taxable","13":"purchasable","14":"product-type-simple"},"_links":{"self":[{"href":"https:\/\/tienda.gevalia.es\/index.php?rest_route=\/wp\/v2\/product\/1968","targetHints":{"allow":["GET"]}}],"collection":[{"href":"https:\/\/tienda.gevalia.es\/index.php?rest_route=\/wp\/v2\/product"}],"about":[{"href":"https:\/\/tienda.gevalia.es\/index.php?rest_route=\/wp\/v2\/types\/product"}],"replies":[{"embeddable":true,"href":"https:\/\/tienda.gevalia.es\/index.php?rest_route=%2Fwp%2Fv2%2Fcomments&post=1968"}],"wp:featuredmedia":[{"embeddable":true,"href":"https:\/\/tienda.gevalia.es\/index.php?rest_route=\/wp\/v2\/media\/2241"}],"wp:attachment":[{"href":"https:\/\/tienda.gevalia.es\/index.php?rest_route=%2Fwp%2Fv2%2Fmedia&parent=1968"}],"wp:term":[{"taxonomy":"product_cat","embeddable":true,"href":"https:\/\/tienda.gevalia.es\/index.php?rest_route=%2Fwp%2Fv2%2Fproduct_cat&post=1968"},{"taxonomy":"product_tag","embeddable":true,"href":"https:\/\/tienda.gevalia.es\/index.php?rest_route=%2Fwp%2Fv2%2Fproduct_tag&post=1968"}],"curies":[{"name":"wp","href":"https:\/\/api.w.org\/{rel}","templated":true}]}}