{"id":1975,"date":"2022-08-17T12:46:37","date_gmt":"2022-08-17T12:46:37","guid":{"rendered":"https:\/\/tienda.gevalia.es\/?post_type=product&#038;p=1975"},"modified":"2022-09-09T13:44:13","modified_gmt":"2022-09-09T13:44:13","slug":"formacion-de-formadores","status":"publish","type":"product","link":"https:\/\/tienda.gevalia.es\/?product=formacion-de-formadores","title":{"rendered":"Formaci\u00f3n de formadores."},"content":{"rendered":"<p>Modalidad: On Line<br \/>\nDuraci\u00f3n: 70 Horas<\/p>\n<h3 class=\"fusion-responsive-typography-calculated\" data-fontsize=\"22\" data-lineheight=\"35.2px\">Objetivos<\/h3>\n<p>&#8211;\u00a0Dise\u00f1ar, planificar y evaluar acciones formativas.<br \/>\n&#8211;\u00a0Identificar los principios y factores que intervienen en el aprendizaje.<br \/>\n&#8211;\u00a0Conocer las caracter\u00edsticas de la formaci\u00f3n presencial y\u00a0<em>e-Learning.<\/em><br \/>\n&#8211;\u00a0Analizar c\u00f3mo influyen las expectativas del docente en el alumnado.<br \/>\n&#8211;\u00a0Determinar los elementos y aspectos que deben planificarse en la acci\u00f3n formativa a impartir.<br \/>\n&#8211;\u00a0Planificar la acci\u00f3n formativa a impartir concretando objetivos, contenidos, actividades, m\u00e9todos did\u00e1cticos y recursos.<br \/>\n&#8211;\u00a0Seleccionar las estrategias did\u00e1cticas m\u00e1s adecuadas, considerando la diversidad de los participantes.<br \/>\n&#8211;\u00a0Desarrollar metodolog\u00edas de trabajo para la impartici\u00f3n de la formaci\u00f3n presencial, concretando los elementos de la programaci\u00f3n.<br \/>\n&#8211;\u00a0Establecer m\u00e9todos de valoraci\u00f3n de la calidad formativa, desarrollando los instrumentos de evaluaci\u00f3n a utilizar.<br \/>\n&#8211;\u00a0Elaborar un plan de acci\u00f3n tutorial, en colaboraci\u00f3n con el equipo docente.<br \/>\n&#8211;\u00a0Seleccionar las herramientas de comunicaci\u00f3n y colaboraci\u00f3n necesarias para un adecuado desarrollo del proceso de ense\u00f1anza-aprendizaje.<\/p>\n<h3 class=\"fusion-responsive-typography-calculated\" data-fontsize=\"22\" data-lineheight=\"35.2px\">Contenido Formativo<\/h3>\n<p><strong>Principios b\u00e1sicos de la formaci\u00f3n<\/strong><br \/>\nFundamentos de la formaci\u00f3n.<br \/>\nEl aprendizaje. Condicionamientos biol\u00f3gicos del aprendizaje.<br \/>\nTeor\u00edas psicol\u00f3gicas del aprendizaje.<br \/>\nPrincipios b\u00e1sicos del aprendizaje.<br \/>\nEstilos de aprendizaje.<br \/>\nLas estrategias de aprendizaje.<br \/>\nLas expectativas sobre los\/as alumnos\/as en la educaci\u00f3n\/ formaci\u00f3n.<br \/>\nLos activadores del aprendizaje. La percepci\u00f3n. La memoria. La motivaci\u00f3n.<br \/>\nDise\u00f1o y planificaci\u00f3n de acciones formativas.<br \/>\nDesarrollo de la acci\u00f3n formativa.<br \/>\nEvaluaci\u00f3n de acciones formativas.<br \/>\nEvaluaci\u00f3n integral<br \/>\nCaracter\u00edsticas<br \/>\nTipos de evaluaci\u00f3n<br \/>\nResumen.<\/p>\n<p><strong>Formaci\u00f3n presencial<\/strong><br \/>\nEntornos presenciales de aprendizaje.<br \/>\nObjetivos<br \/>\nClasificaci\u00f3n de los objetivos<br \/>\nFormulaci\u00f3n y normas de redacci\u00f3n<br \/>\nElaboraci\u00f3n de contenidos.<br \/>\nMetodolog\u00eda did\u00e1ctica.<br \/>\nActividades<br \/>\nRecursos para la formaci\u00f3n.<br \/>\nLa acci\u00f3n formativa.<br \/>\nSistemas de evaluaci\u00f3n.<br \/>\nDefinici\u00f3n, concepto y finalidad de la Evaluaci\u00f3n.<br \/>\nEvoluci\u00f3n del concepto de Evaluaci\u00f3n.<br \/>\nFunciones de la Evaluaci\u00f3n.<br \/>\nTipos y modalidades de Evaluaci\u00f3n.<br \/>\nDise\u00f1o del proceso de Evaluaci\u00f3n de Adultos.<br \/>\nFases o etapas de un Modelo Evaluativo.<br \/>\nPerspectiva General en la Evaluaci\u00f3n de Programas.<br \/>\nT\u00e9cnicas e instrumentos de evaluaci\u00f3n de aprendizajes.<br \/>\nValidez y Fiabilidad de las pruebas de evaluaci\u00f3n.<br \/>\nDise\u00f1o de una pr\u00e1ctica de evaluaci\u00f3n: Seguimiento y evaluaci\u00f3n de las pr\u00e1cticas en el \u00e1mbito formativo.<br \/>\nResumen.<\/p>\n<p><strong>Formaci\u00f3n online<\/strong><br \/>\nEntornos virtuales de aprendizaje.<br \/>\nMetodolog\u00eda did\u00e1ctica.<br \/>\nElaboraci\u00f3n de contenidos did\u00e1cticos.<br \/>\nLa acci\u00f3n tutorial.<br \/>\nFases de elaboraci\u00f3n del Plan de Acci\u00f3n Tutorial<br \/>\nDesarrollo del plan de Acci\u00f3n Tutorial<br \/>\nDise\u00f1o de un plan de actuaci\u00f3n individualizado<br \/>\nRecursos para el tutor.<br \/>\nSistemas de evaluaci\u00f3n.<br \/>\nLos instrumentos de la evaluaci\u00f3n formativa<br \/>\nResumen<\/p>\n<h3 class=\"fusion-responsive-typography-calculated\" data-fontsize=\"22\" data-lineheight=\"35.2px\">\u00bfA qui\u00e9n va dirigido?<\/h3>\n<p>A formadores que deseen impartir formaci\u00f3n, as\u00ed como a profesionales que deseen actualizar sus conocimientos y profundizar en aspectos espec\u00edficos sobre la pr\u00e1ctica docente diaria.<\/p>\n<h3 class=\"fusion-responsive-typography-calculated\" data-fontsize=\"22\" data-lineheight=\"35.2px\">\u00bfPara qu\u00e9 te capacita?<\/h3>\n<p>&#8211; Para mejorar la calidad y eficacia en la labor docente.<br \/>\n&#8211; Realizar el correcto dise\u00f1o, seguimiento y evaluaci\u00f3n de acciones formativas y actuar ante situaciones e incidencias concretas.<br \/>\n&#8211; Crear un entorno de aprendizaje \u00f3ptimo y aplicar diferentes t\u00e9cnicas, estrategias e instrumentos de comunicaci\u00f3n, colaboraci\u00f3n y evaluaci\u00f3n de la formaci\u00f3n.<br \/>\n&#8211; Concienciar en que las expectativas del formador sobre el alumnado son muy importantes.<br \/>\n&#8211; Para adquirir las herramientas y metodolog\u00edas de trabajo adecuadas para una planificaci\u00f3n de la acci\u00f3n formativa eficaz, adem\u00e1s de para la elaboraci\u00f3n de planes de acci\u00f3n tutorial efectivos junto con el equipo docente.<\/p>\n","protected":false},"excerpt":{"rendered":"<p>Modalidad: On Line Duraci\u00f3n: 70 Horas Objetivos &#8211;\u00a0Dise\u00f1ar, planificar y evaluar acciones formativas. &#8211;\u00a0Identificar los principios y factores que intervienen en el aprendizaje. &#8211;\u00a0Conocer las caracter\u00edsticas de la formaci\u00f3n presencial y\u00a0e-Learning. &#8211;\u00a0Analizar c\u00f3mo influyen las expectativas del docente en el alumnado. &#8211;\u00a0Determinar los elementos y&hellip;<\/p>\n","protected":false},"featured_media":2252,"comment_status":"closed","ping_status":"closed","template":"","meta":[],"product_cat":[61],"product_tag":[],"class_list":{"0":"post-1975","1":"product","2":"type-product","3":"status-publish","4":"has-post-thumbnail","6":"product_cat-servicios-socioculturales-y-la-comunidad","8":"first","9":"instock","10":"sale","11":"taxable","12":"shipping-taxable","13":"purchasable","14":"product-type-simple"},"_links":{"self":[{"href":"https:\/\/tienda.gevalia.es\/index.php?rest_route=\/wp\/v2\/product\/1975","targetHints":{"allow":["GET"]}}],"collection":[{"href":"https:\/\/tienda.gevalia.es\/index.php?rest_route=\/wp\/v2\/product"}],"about":[{"href":"https:\/\/tienda.gevalia.es\/index.php?rest_route=\/wp\/v2\/types\/product"}],"replies":[{"embeddable":true,"href":"https:\/\/tienda.gevalia.es\/index.php?rest_route=%2Fwp%2Fv2%2Fcomments&post=1975"}],"wp:featuredmedia":[{"embeddable":true,"href":"https:\/\/tienda.gevalia.es\/index.php?rest_route=\/wp\/v2\/media\/2252"}],"wp:attachment":[{"href":"https:\/\/tienda.gevalia.es\/index.php?rest_route=%2Fwp%2Fv2%2Fmedia&parent=1975"}],"wp:term":[{"taxonomy":"product_cat","embeddable":true,"href":"https:\/\/tienda.gevalia.es\/index.php?rest_route=%2Fwp%2Fv2%2Fproduct_cat&post=1975"},{"taxonomy":"product_tag","embeddable":true,"href":"https:\/\/tienda.gevalia.es\/index.php?rest_route=%2Fwp%2Fv2%2Fproduct_tag&post=1975"}],"curies":[{"name":"wp","href":"https:\/\/api.w.org\/{rel}","templated":true}]}}