{"id":1983,"date":"2022-08-17T12:46:38","date_gmt":"2022-08-17T12:46:38","guid":{"rendered":"https:\/\/tienda.gevalia.es\/?post_type=product&#038;p=1983"},"modified":"2022-09-10T09:01:38","modified_gmt":"2022-09-10T09:01:38","slug":"limpieza-del-mobiliario-interior-edificios-y-locales","status":"publish","type":"product","link":"https:\/\/tienda.gevalia.es\/?product=limpieza-del-mobiliario-interior-edificios-y-locales","title":{"rendered":"Limpieza del mobiliario interior edificios y locales."},"content":{"rendered":"<p>Modalidad: On Line<br \/>\nDuraci\u00f3n: 30 Horas<\/p>\n<h3 class=\"fusion-responsive-typography-calculated\" data-fontsize=\"22\" data-lineheight=\"35.2px\">Objetivos<\/h3>\n<p>&#8211; Determinar el tipo de mobiliario ubicado en el interior de los espacios a limpiar, reconociendo los materiales que lo configuran.<br \/>\n&#8211; Clasificar herramientas o \u00fatiles de limpieza de acuerdo con el tipo de mobiliario a limpiar.<br \/>\n&#8211; Seleccionar productos de limpieza de acuerdo con el mobiliario a tratar describiendo propiedades, funciones y modos de aplicaci\u00f3n.<br \/>\n&#8211; Determinar la limpieza de un supuesto mobiliario estableciendo los procedimientos, \u00fatiles y productos en cada caso espec\u00edfico.<br \/>\n&#8211; Estimar las acciones para la eliminaci\u00f3n de residuos depositados en el interior de las papeleras, garantizando su higienizaci\u00f3n.<br \/>\n&#8211; Describir el proceso de higienizaci\u00f3n y desinfecci\u00f3n de los aseos determinando los procedimientos, \u00fatiles y productos a utilizar.<\/p>\n<h3 class=\"fusion-responsive-typography-calculated\" data-fontsize=\"22\" data-lineheight=\"35.2px\">Contenido Formativo<\/h3>\n<p><strong>Aplicaci\u00f3n de productos de limpieza de mobiliario<\/strong><br \/>\nIntroducci\u00f3n<br \/>\nDefiniciones de inter\u00e9s<br \/>\nTipos de mobiliario y su composici\u00f3n<br \/>\nM\u00e9todos de limpieza: ventajas e inconvenientes<br \/>\nIdentificaci\u00f3n de los diferentes productos de limpieza<br \/>\nUtilizaci\u00f3n de productos de limpieza y desinfecci\u00f3n de mobiliario<br \/>\nInterpretaci\u00f3n y lectura del etiquetaje de los productos<br \/>\nResumen<\/p>\n<p><strong>T\u00e9cnicas de limpieza del mobiliario<\/strong><br \/>\nIntroducci\u00f3n<br \/>\nSecuenciaci\u00f3n de actividades<br \/>\nAcondicionamiento de los espacios de trabajo<br \/>\nCumplimentar hoja de registro de tareas<br \/>\nSelecci\u00f3n e identificaci\u00f3n de los diferentes \u00fatiles de limpieza de mobiliario<br \/>\nUso y aplicaci\u00f3n de dichos \u00fatiles<br \/>\nAspiradoras y otros electrodom\u00e9sticos para la limpieza de componentes textiles<br \/>\nProcesos de conservaci\u00f3n de los \u00fatiles de limpieza<br \/>\nResumen<\/p>\n<p><strong>T\u00e9cnicas de limpieza y desinfecci\u00f3n de aseos<\/strong><br \/>\nIntroducci\u00f3n<br \/>\nAparatos sanitarios y complementos de un aseo<br \/>\nT\u00e9cnicas de desinfecci\u00f3n de inodoros, ba\u00f1os, duchas y bid\u00e9<br \/>\nLimpieza de papeleras<br \/>\nLimpieza de azulejos, espejos y otros materiales<br \/>\nMaterial consumible: identificaci\u00f3n y reposici\u00f3n<br \/>\n\u00datiles necesarios y productos espec\u00edficos en las tareas de limpieza de un aseo<br \/>\nT\u00e9cnicas de verificaci\u00f3n del trabajo realizado<br \/>\nResumen<\/p>\n<p><strong>Procesos de gesti\u00f3n y tratamiento de residuos de limpieza de mobiliario<\/strong><br \/>\nIntroducci\u00f3n<br \/>\nTipos de residuos generados<br \/>\nTratamiento de residuos<br \/>\nSeparaci\u00f3n y manipulaci\u00f3n de residuos<br \/>\nTransporte de residuos<br \/>\nAplicar las normas m\u00ednimas de seguridad en el tratamiento de los residuos<br \/>\nNormas a seguir en casos de toxicidad<br \/>\nResumen<\/p>\n<p><strong>Aplicaci\u00f3n y seguimiento de medidas de prevenci\u00f3n de riesgos laborales en la limpieza de mobiliario<\/strong><br \/>\nIntroducci\u00f3n<br \/>\nIdentificaci\u00f3n de los riesgos espec\u00edficos relacionados con la limpieza<br \/>\nRiesgos relacionados con la ubicaci\u00f3n de la actividad de la limpieza<br \/>\nUso de los equipos previa identificaci\u00f3n de los mismos<br \/>\nResumen<\/p>\n<h3 class=\"fusion-responsive-typography-calculated\" data-fontsize=\"22\" data-lineheight=\"35.2px\">\u00bfA qui\u00e9n va dirigido?<\/h3>\n<p>A personal de limpieza o limpiador, en general, pe\u00f3n especialista de limpieza, especialista de limpieza, limpiador\/a de cristales, experto en limpieza de inmuebles, cristalero de edificios y limpiador de ventanas.<\/p>\n<h3 class=\"fusion-responsive-typography-calculated\" data-fontsize=\"22\" data-lineheight=\"35.2px\">\u00bfPara qu\u00e9 te capacita?<\/h3>\n<p>Para mejorar las habilidades y conocimientos de los profesionales y de quienes est\u00e1n interesados en la limpieza, saber c\u00f3mo aplicar los productos y la tipolog\u00eda b\u00e1sica del mobiliario, conocer las t\u00e9cnicas de limpieza usuales en el sector y saber c\u00f3mo desinfectar un aseo para darle un acabado profesional.<\/p>\n<h3 class=\"fusion-responsive-typography-calculated\" data-fontsize=\"22\" data-lineheight=\"35.2px\">Otros datos de inter\u00e9s<\/h3>\n<p>&#8211; Es un buen\u00a0t\u00edtulo para que los alumnos sin conocimientos previos adquieran una base s\u00f3lida de conocimientos sobre la materia.<br \/>\n&#8211; Para profesionales que quieran consolidar o ampliar conocimientos.<br \/>\n&#8211; Para quienes tengan dudas particulares de qu\u00e9 \u00fatiles o productos emplear para la mejor limpieza de uno o varios tipos de mueble.<br \/>\n&#8211; Encontraremos definiciones de conceptos espec\u00edficos de la limpieza de mobiliario, ejercicios te\u00f3ricos\/pr\u00e1cticos, adem\u00e1s de \u00fatiles y esquemas que ayudar\u00e1n al alumno a una comprensi\u00f3n did\u00e1ctica de la materia.<\/p>\n<p>&nbsp;<\/p>\n","protected":false},"excerpt":{"rendered":"<p>Modalidad: On Line Duraci\u00f3n: 30 Horas Objetivos &#8211; Determinar el tipo de mobiliario ubicado en el interior de los espacios a limpiar, reconociendo los materiales que lo configuran. &#8211; Clasificar herramientas o \u00fatiles de limpieza de acuerdo con el tipo de mobiliario a limpiar. &#8211;&hellip;<\/p>\n","protected":false},"featured_media":2260,"comment_status":"closed","ping_status":"closed","template":"","meta":[],"product_cat":[61],"product_tag":[],"class_list":{"0":"post-1983","1":"product","2":"type-product","3":"status-publish","4":"has-post-thumbnail","6":"product_cat-servicios-socioculturales-y-la-comunidad","8":"first","9":"instock","10":"sale","11":"taxable","12":"shipping-taxable","13":"purchasable","14":"product-type-simple"},"_links":{"self":[{"href":"https:\/\/tienda.gevalia.es\/index.php?rest_route=\/wp\/v2\/product\/1983","targetHints":{"allow":["GET"]}}],"collection":[{"href":"https:\/\/tienda.gevalia.es\/index.php?rest_route=\/wp\/v2\/product"}],"about":[{"href":"https:\/\/tienda.gevalia.es\/index.php?rest_route=\/wp\/v2\/types\/product"}],"replies":[{"embeddable":true,"href":"https:\/\/tienda.gevalia.es\/index.php?rest_route=%2Fwp%2Fv2%2Fcomments&post=1983"}],"wp:featuredmedia":[{"embeddable":true,"href":"https:\/\/tienda.gevalia.es\/index.php?rest_route=\/wp\/v2\/media\/2260"}],"wp:attachment":[{"href":"https:\/\/tienda.gevalia.es\/index.php?rest_route=%2Fwp%2Fv2%2Fmedia&parent=1983"}],"wp:term":[{"taxonomy":"product_cat","embeddable":true,"href":"https:\/\/tienda.gevalia.es\/index.php?rest_route=%2Fwp%2Fv2%2Fproduct_cat&post=1983"},{"taxonomy":"product_tag","embeddable":true,"href":"https:\/\/tienda.gevalia.es\/index.php?rest_route=%2Fwp%2Fv2%2Fproduct_tag&post=1983"}],"curies":[{"name":"wp","href":"https:\/\/api.w.org\/{rel}","templated":true}]}}