{"id":1986,"date":"2022-08-17T12:46:39","date_gmt":"2022-08-17T12:46:39","guid":{"rendered":"https:\/\/tienda.gevalia.es\/?post_type=product&#038;p=1986"},"modified":"2022-09-10T09:22:39","modified_gmt":"2022-09-10T09:22:39","slug":"medidas-preventivas-limpieza-y-desinfeccion-covid-19","status":"publish","type":"product","link":"https:\/\/tienda.gevalia.es\/?product=medidas-preventivas-limpieza-y-desinfeccion-covid-19","title":{"rendered":"Medidas Preventivas, Limpieza y Desinfecci\u00f3n (Covid-19)."},"content":{"rendered":"<p>Modalidad: On Line<br \/>\nDuraci\u00f3n: 40 Horas<\/p>\n<h3 class=\"fusion-responsive-typography-calculated\" data-fontsize=\"22\" data-lineheight=\"35.2px\">Objetivos<\/h3>\n<p>&#8211; Conocer los aspectos b\u00e1sicos de comportamiento del CORONAVIRUS SARS-COV-2 para\u00a0 poder llevar a cabo medidas de prevenci\u00f3n efectivas.<br \/>\n&#8211;\u00a0Analizar diferentes tipos de sistemas de limpieza.<br \/>\n&#8211;\u00a0Describir las normas generales sobre la utilizaci\u00f3n de productos, medidas preventivas generales y espec\u00edficas.<br \/>\n&#8211;\u00a0Adquirir conocimientos sobre pautas a seguir para la desinfecci\u00f3n de superficies y\u00a0 espacios habitados.<br \/>\n&#8211;\u00a0Conocer los diferentes tipos de productos qu\u00edmicos que existen en el mercado y medidas\u00a0 de prevenci\u00f3n es su utilizaci\u00f3n.<br \/>\n&#8211;\u00a0Seleccionar el tipo de desinfectante efectivo y la dosis adecuada para combatir el CORONAVIRUS SARS-COV-2.<br \/>\n&#8211;\u00a0Saber c\u00f3mo aplicar las t\u00e9cnicas de desinfecci\u00f3n de forma adecuada.<\/p>\n<h3 class=\"fusion-responsive-typography-calculated\" data-fontsize=\"22\" data-lineheight=\"35.2px\">Contenido Formativo<\/h3>\n<p><strong>Qu\u00e9 es el coronavirus sars-cov-2 y la covid-19<\/strong><br \/>\nIntroducci\u00f3n.<br \/>\nQu\u00e9 es la covid-19<\/p>\n<p><strong>Permanencia de coronavirus en superficies<\/strong><br \/>\nInfluencia de las condiciones atmosf\u00e9ricas en el virus.<br \/>\nPermanencia del virus en los diferentes tipos de superficie<br \/>\nMedios de limpieza y desinfecci\u00f3n de superficies<\/p>\n<p><strong>La limpieza e higienizaci\u00f3n<\/strong><br \/>\nElecci\u00f3n de materiales y productos<br \/>\nElecci\u00f3n de utensilios y m\u00e1quinas<br \/>\nElecci\u00f3n de productos<br \/>\nIdentificaci\u00f3n de suciedades<br \/>\nIdentificaci\u00f3n de superficies<\/p>\n<p><strong>Sistemas de limpieza<\/strong><br \/>\nLimpieza de mobiliario<br \/>\nLimpieza de servicios<br \/>\nLimpieza de paredes<br \/>\nLimpieza de habitaciones<br \/>\nLimpieza de cristales<\/p>\n<p><strong>Principales grupos qu\u00edmicos de acci\u00f3n desinfectante y medidas seguridad<\/strong><br \/>\nEtiquetado de los productos<br \/>\nFicha de datos de seguridad<br \/>\nClasificaci\u00f3n de los productos qu\u00edmicos<br \/>\nCaracter\u00edsticas y propiedades de los productos qu\u00edmicos<br \/>\nRiesgos de exposici\u00f3n con productos qu\u00edmicos<br \/>\nMedidas de prevenci\u00f3n en relaci\u00f3n a productos qu\u00edmicos<\/p>\n<p><strong>Biocidas (Desinfectantes) frente al coronavirus SARS-COV-2<\/strong><br \/>\nDefinici\u00f3n y caracter\u00edsticas de biocidas<br \/>\nTipos de biocidas<br \/>\nListado de virucidas<br \/>\nM\u00e9todos de aplicaci\u00f3n de los biocidas<br \/>\nEjemplos de aplicaci\u00f3n<br \/>\nRecomendaciones acerca de los biocidas<\/p>\n<p><strong>Ozono frente al coronavirus SARS-COV-2<\/strong><br \/>\nDescripci\u00f3n de ozono y sus caracter\u00edsticas<br \/>\nProcedimiento de aplicaci\u00f3n de ozono<br \/>\nAplicaciones del ozono<br \/>\nRecomendaciones y advertencias<\/p>\n<p><strong>Prevenci\u00f3n de riesgos laborales en labores de desinfecci\u00f3n frente al coronavirus\u00a0 SARS-COV-2<\/strong><br \/>\nDescripci\u00f3n de la actividad de limpieza y desinfecci\u00f3n.<br \/>\nRiesgos en las labores de desinfecci\u00f3n<br \/>\nMedidas de prevenci\u00f3n<\/p>\n<p><strong>Generaci\u00f3n de residuos y su tratamiento<\/strong><br \/>\nConcepto de residuos<br \/>\nTipos de residuos<br \/>\nGesti\u00f3n de residuos<br \/>\nTipos de tratamiento de residuos<br \/>\nAlmacenamiento de residuos<br \/>\nGestores autorizados<\/p>\n<p><strong>Medidas de contigencias (Protocolos de desinfecci\u00f3n)<\/strong><br \/>\nProtocolos de las calles<br \/>\nProtocolo de desinfecci\u00f3n del material sanitario<br \/>\nProtocolo de desinfecci\u00f3n de superficies y equipos<br \/>\nProtocolo de desinfecci\u00f3n de mascarillas<br \/>\nProtocolo de desinfecci\u00f3n de veh\u00edculos<br \/>\nProtocolo de desinfecci\u00f3n de edificios<\/p>\n","protected":false},"excerpt":{"rendered":"<p>Modalidad: On Line Duraci\u00f3n: 40 Horas Objetivos &#8211; Conocer los aspectos b\u00e1sicos de comportamiento del CORONAVIRUS SARS-COV-2 para\u00a0 poder llevar a cabo medidas de prevenci\u00f3n efectivas. &#8211;\u00a0Analizar diferentes tipos de sistemas de limpieza. &#8211;\u00a0Describir las normas generales sobre la utilizaci\u00f3n de productos, medidas preventivas generales&hellip;<\/p>\n","protected":false},"featured_media":2266,"comment_status":"closed","ping_status":"closed","template":"","meta":[],"product_cat":[61],"product_tag":[],"class_list":{"0":"post-1986","1":"product","2":"type-product","3":"status-publish","4":"has-post-thumbnail","6":"product_cat-servicios-socioculturales-y-la-comunidad","8":"first","9":"instock","10":"sale","11":"taxable","12":"shipping-taxable","13":"purchasable","14":"product-type-simple"},"_links":{"self":[{"href":"https:\/\/tienda.gevalia.es\/index.php?rest_route=\/wp\/v2\/product\/1986","targetHints":{"allow":["GET"]}}],"collection":[{"href":"https:\/\/tienda.gevalia.es\/index.php?rest_route=\/wp\/v2\/product"}],"about":[{"href":"https:\/\/tienda.gevalia.es\/index.php?rest_route=\/wp\/v2\/types\/product"}],"replies":[{"embeddable":true,"href":"https:\/\/tienda.gevalia.es\/index.php?rest_route=%2Fwp%2Fv2%2Fcomments&post=1986"}],"wp:featuredmedia":[{"embeddable":true,"href":"https:\/\/tienda.gevalia.es\/index.php?rest_route=\/wp\/v2\/media\/2266"}],"wp:attachment":[{"href":"https:\/\/tienda.gevalia.es\/index.php?rest_route=%2Fwp%2Fv2%2Fmedia&parent=1986"}],"wp:term":[{"taxonomy":"product_cat","embeddable":true,"href":"https:\/\/tienda.gevalia.es\/index.php?rest_route=%2Fwp%2Fv2%2Fproduct_cat&post=1986"},{"taxonomy":"product_tag","embeddable":true,"href":"https:\/\/tienda.gevalia.es\/index.php?rest_route=%2Fwp%2Fv2%2Fproduct_tag&post=1986"}],"curies":[{"name":"wp","href":"https:\/\/api.w.org\/{rel}","templated":true}]}}