{"id":1990,"date":"2022-08-17T12:46:39","date_gmt":"2022-08-17T12:46:39","guid":{"rendered":"https:\/\/tienda.gevalia.es\/?post_type=product&#038;p=1990"},"modified":"2022-09-10T09:41:02","modified_gmt":"2022-09-10T09:41:02","slug":"profesor-youtuber-creacion-de-videos-para-cursos-online","status":"publish","type":"product","link":"https:\/\/tienda.gevalia.es\/?product=profesor-youtuber-creacion-de-videos-para-cursos-online","title":{"rendered":"Profesor-Youtuber. Creaci\u00f3n de v\u00eddeos para cursos online."},"content":{"rendered":"<p>Modalidad: On Line<br \/>\nDuraci\u00f3n: 75 Horas<\/p>\n<h3 class=\"fusion-responsive-typography-calculated\" data-fontsize=\"22\" data-lineheight=\"35.2px\">Objetivos<\/h3>\n<p>&#8211; Adquirir los conocimientos te\u00f3ricos y pr\u00e1cticos necesarios para la grabaci\u00f3n de v\u00eddeo y sonido, tanto con una c\u00e1mara como con programas que graban el escritorio para realizar v\u00eddeotutoriales.<br \/>\n&#8211; Aprender a utilizar los programas Camtasia Studio y Windows Movie Maker para edici\u00f3n de v\u00eddeo y crear nuestro propio canal en YouTube y Vimeo para subirlos.<\/p>\n<h3 class=\"fusion-responsive-typography-calculated\" data-fontsize=\"22\" data-lineheight=\"35.2px\">Contenido Formativo<\/h3>\n<p><strong>Fundamentos de grabaci\u00f3n de v\u00eddeo<\/strong><br \/>\nIntroducci\u00f3n<br \/>\n\u00bfQu\u00e9 son los FPS? (\u00bfQu\u00e9 son los FPS entrelazados y los FPS progresivos?, Resoluci\u00f3n de la imagen, Frecuencia de bits)<br \/>\nTipos de c\u00e1maras (Webcam, c\u00e1maras de fotos compactas, C\u00e1maras DSLR, Videoc\u00e1maras, C\u00e1maras deportivas, \u00bfQu\u00e9 c\u00e1mara comprar?)<br \/>\nResumen<br \/>\nEjercicios de autoevaluaci\u00f3n<\/p>\n<p><strong>Grabaci\u00f3n de sonido<\/strong><br \/>\nIntroducci\u00f3n<br \/>\nMicr\u00f3fonos: Micr\u00f3fono de c\u00e1mara Vs Micr\u00f3fono externo (Micr\u00f3fonos seg\u00fan su construcci\u00f3n, Micr\u00f3fonos seg\u00fan su direccionalidad, Modelos de micr\u00f3fonos)<br \/>\nRespuesta de frecuencia y frecuencia de muestreo (Respuesta de frecuencia, Frecuencia de muestreo)<br \/>\nResumen<br \/>\nEjercicios de autoevaluaci\u00f3n<\/p>\n<p><strong>Subir v\u00eddeos a YouTube y Vimeo<\/strong><br \/>\nIntroducci\u00f3n<br \/>\nCrear un canal en YouTube (Crear una cuenta en Google, Crear un canal en YouTube, Subir un v\u00eddeo)<br \/>\nSubir v\u00eddeos en Vimeo<br \/>\nResumen<br \/>\nEjercicios de autoevaluaci\u00f3n<\/p>\n<p><strong>Realizaci\u00f3n del v\u00eddeo<\/strong><br \/>\nIntroducci\u00f3n<br \/>\nEl encuadre, tipo de plano (Tipos de encuadre)<br \/>\nIluminaci\u00f3n casera (Iluminaci\u00f3n en exteriores, Iluminaci\u00f3n en interior, Otros aspectos importantes)<br \/>\n\u00bfMiedo a la c\u00e1mara? C\u00f3mo perderlo<br \/>\nResumen<br \/>\nEjercicios de autoevaluaci\u00f3n<\/p>\n<p><strong>Capturar v\u00eddeo del escritorio<\/strong><br \/>\nIntroducci\u00f3n<br \/>\nSMRecorder (Opciones del programa, Grabar v\u00eddeo)<br \/>\nAction (Opciones del programa, Grabaci\u00f3n del v\u00eddeo)<br \/>\nCamtasia Studio<br \/>\nResumen<br \/>\nEjercicios de autoevaluaci\u00f3n<\/p>\n<p><strong>Edici\u00f3n de los v\u00eddeos<\/strong><br \/>\nIntroducci\u00f3n<br \/>\nC\u00f3decs y formatos de entrada<br \/>\nEdici\u00f3n de v\u00eddeo con Camtasia Studio (Cortar o dividir v\u00eddeo y audio, R\u00f3tulos, Zoom, Transici\u00f3n, Efectos del cursor, Audio, T\u00edtulos, Narraci\u00f3n vocal y Grabar c\u00e1mara)<br \/>\nEdici\u00f3n de v\u00eddeo con Windows Movie Maker (Pesta\u00f1a Archivo, Pesta\u00f1a Principal, Pesta\u00f1a Animaciones, Pesta\u00f1a Efectos visuales, Proyecto, Pesta\u00f1a Ver, Pesta\u00f1a Editar)<br \/>\nRequisitos m\u00ednimos de un PC para edici\u00f3n de v\u00eddeo<br \/>\nResumen<br \/>\nEjercicios de autoevaluaci\u00f3n<\/p>\n<h3 class=\"fusion-responsive-typography-calculated\" data-fontsize=\"22\" data-lineheight=\"35.2px\">\u00bfA qui\u00e9n va dirigido?<\/h3>\n<p>A docentes y cualquier profesional de la educaci\u00f3n interesado en dise\u00f1ar v\u00eddeotutoriales para cualquier plataforma, principalmente en YouTube y Vimeo, as\u00ed como a cualquier persona que quiera adquirir conocimientos en este \u00e1mbito.<\/p>\n<h3 class=\"fusion-responsive-typography-calculated\" data-fontsize=\"22\" data-lineheight=\"35.2px\">\u00bfPara qu\u00e9 te capacita?<\/h3>\n<p>Permite conocer los fundamentos b\u00e1sicos sobre v\u00eddeo y sonido, as\u00ed como las t\u00e9cnicas de iluminaci\u00f3n y encuadre para que los v\u00eddeos tengan un aspecto profesional. La creaci\u00f3n de v\u00eddeotutoriales y edici\u00f3n de v\u00eddeo para convertirse en un Youtuber.<\/p>\n<h3 class=\"fusion-responsive-typography-calculated\" data-fontsize=\"22\" data-lineheight=\"35.2px\">Otros datos de inter\u00e9s<\/h3>\n<p>&#8211; Para alumnos sin conocimientos previos que deseen adquirir una buena base para convertirse en Youtuber.<br \/>\n&#8211; Curso teorico-pr\u00e1ctico, en el que el alumnado ir\u00e1 desarrollando unas tareas que se le indican y en las que se valorar\u00e1 los conocimientos adquiridos.<\/p>\n","protected":false},"excerpt":{"rendered":"<p>Modalidad: On Line Duraci\u00f3n: 75 Horas Objetivos &#8211; Adquirir los conocimientos te\u00f3ricos y pr\u00e1cticos necesarios para la grabaci\u00f3n de v\u00eddeo y sonido, tanto con una c\u00e1mara como con programas que graban el escritorio para realizar v\u00eddeotutoriales. &#8211; Aprender a utilizar los programas Camtasia Studio y&hellip;<\/p>\n","protected":false},"featured_media":2274,"comment_status":"closed","ping_status":"closed","template":"","meta":[],"product_cat":[61],"product_tag":[],"class_list":{"0":"post-1990","1":"product","2":"type-product","3":"status-publish","4":"has-post-thumbnail","6":"product_cat-servicios-socioculturales-y-la-comunidad","8":"first","9":"instock","10":"sale","11":"taxable","12":"shipping-taxable","13":"purchasable","14":"product-type-simple"},"_links":{"self":[{"href":"https:\/\/tienda.gevalia.es\/index.php?rest_route=\/wp\/v2\/product\/1990","targetHints":{"allow":["GET"]}}],"collection":[{"href":"https:\/\/tienda.gevalia.es\/index.php?rest_route=\/wp\/v2\/product"}],"about":[{"href":"https:\/\/tienda.gevalia.es\/index.php?rest_route=\/wp\/v2\/types\/product"}],"replies":[{"embeddable":true,"href":"https:\/\/tienda.gevalia.es\/index.php?rest_route=%2Fwp%2Fv2%2Fcomments&post=1990"}],"wp:featuredmedia":[{"embeddable":true,"href":"https:\/\/tienda.gevalia.es\/index.php?rest_route=\/wp\/v2\/media\/2274"}],"wp:attachment":[{"href":"https:\/\/tienda.gevalia.es\/index.php?rest_route=%2Fwp%2Fv2%2Fmedia&parent=1990"}],"wp:term":[{"taxonomy":"product_cat","embeddable":true,"href":"https:\/\/tienda.gevalia.es\/index.php?rest_route=%2Fwp%2Fv2%2Fproduct_cat&post=1990"},{"taxonomy":"product_tag","embeddable":true,"href":"https:\/\/tienda.gevalia.es\/index.php?rest_route=%2Fwp%2Fv2%2Fproduct_tag&post=1990"}],"curies":[{"name":"wp","href":"https:\/\/api.w.org\/{rel}","templated":true}]}}