{"id":1993,"date":"2022-08-17T12:46:40","date_gmt":"2022-08-17T12:46:40","guid":{"rendered":"https:\/\/tienda.gevalia.es\/?post_type=product&#038;p=1993"},"modified":"2022-09-10T10:04:39","modified_gmt":"2022-09-10T10:04:39","slug":"teleformacion-para-docentes","status":"publish","type":"product","link":"https:\/\/tienda.gevalia.es\/?product=teleformacion-para-docentes","title":{"rendered":"Teleformaci\u00f3n para docentes."},"content":{"rendered":"<p>Modalidad: On Line<br \/>\nDuraci\u00f3n: 50 Horas<\/p>\n<h3 class=\"fusion-responsive-typography-calculated\" data-fontsize=\"22\" data-lineheight=\"35.2px\">Objetivos<\/h3>\n<p>&#8211; Conocer las bases, caracter\u00edsticas, fundamentos y evoluci\u00f3n de la formaci\u00f3n\u00a0<em>e-Learning<\/em>.<br \/>\n&#8211;\u00a0Comprender c\u00f3mo se desarrollan los procesos de aprendizaje en\u00a0<em>e-Learning.<\/em><br \/>\n&#8211; Seleccionar la modalidad formativa m\u00e1s adecuada a cada circunstancia, analizando las variables que intervienen.<br \/>\n&#8211; Conocer los elementos que conforman un sistema de<em>\u00a0e-Learning.<\/em><br \/>\n&#8211; Identificar las herramientas disponibles en la plataforma de formaci\u00f3n, valorando su utilidad.<br \/>\n&#8211; Establecer las caracter\u00edsticas que debe tener el contenido formativo en modalidad<em>\u00a0e-Learning.<\/em><br \/>\n&#8211; Ofrecer los servicios necesarios para paliar y solventar las necesidades formativas detectadas.<br \/>\n&#8211;\u00a0Desarrollar las capacidades y competencias necesarias para tutorizar acciones formativas en modalidad\u00a0<em>e-Learning.<\/em><br \/>\n&#8211;\u00a0Desempe\u00f1ar los roles y funciones propias del personal docente en la formaci\u00f3n online.<br \/>\n&#8211;\u00a0Elaborar un plan de acci\u00f3n tutorial, adaptado a las necesidades del alumnado.<br \/>\n&#8211;\u00a0Dise\u00f1ar instrumentos de evaluaci\u00f3n adecuados para la valoraci\u00f3n de los diferentes aspectos del proceso formativo.<br \/>\n&#8211;\u00a0Dise\u00f1ar actividades adecuadas a las acciones formativas en modalidad e-Learning.<br \/>\n&#8211;\u00a0Plantear un caso pr\u00e1ctico, de utilidad para la adquisici\u00f3n de conocimientos y habilidades.<br \/>\n&#8211;\u00a0Seleccionar las herramientas de comunicaci\u00f3n y colaboraci\u00f3n necesarias para un adecuado desarrollo del proceso de ense\u00f1anza-aprendizaje.<br \/>\n&#8211;\u00a0Conocer las herramientas de la Web 2.0. y su utilidad en la formaci\u00f3n\u00a0<em>e-Learning.<\/em><br \/>\n&#8211;\u00a0Comprender la importancia de la comunicaci\u00f3n y la interacci\u00f3n en las acciones formativas\u00a0<em>e-Learning.<\/em><br \/>\n&#8211;\u00a0Utilizar los recursos pedag\u00f3gicos disponibles en la web 2.0.<br \/>\n&#8211;\u00a0Seleccionar recursos e im\u00e1genes con licencia que permitan su uso.<\/p>\n<h3 class=\"fusion-responsive-typography-calculated\" data-fontsize=\"22\" data-lineheight=\"35.2px\">Contenido Formativo<\/h3>\n<p><strong>Introducci\u00f3n al e-learning<\/strong><br \/>\nContexto<br \/>\nLas TIC en Educaci\u00f3n<br \/>\nConceptos b\u00e1sicos<br \/>\nOr\u00edgenes y evoluci\u00f3n<br \/>\nObjetivos de un sistema de e-Learning<br \/>\nVentajas e inconvenientes del e-Learning<br \/>\nVariables que justifican el uso del e-Learning<\/p>\n<p><strong>Elementos que conforman un sistema de e-learning<\/strong><br \/>\nComponentes de la formaci\u00f3n e-Learning<br \/>\nPlataforma tecnol\u00f3gica<br \/>\nContenido multimedia<br \/>\nServicios<\/p>\n<p><strong>La\u00a0<\/strong><b>tele tutorizaci\u00f3n<\/b><br \/>\nLa tele tutorizaci\u00f3n.<br \/>\nEl tele tutor<br \/>\nLa acci\u00f3n tutorial en e-Learning<\/p>\n<p><strong>La evaluaci\u00f3n de la formaci\u00f3n<\/strong><br \/>\nEvaluaci\u00f3n de la formaci\u00f3n. Conceptos generales<br \/>\nEvaluaci\u00f3n de programas de formaci\u00f3n<br \/>\nEvaluaci\u00f3n del estudiante en modalidad e-Learning<br \/>\nLos instrumentos de la evaluaci\u00f3n formativa<\/p>\n<p><strong>Dise\u00f1o de actividades de aprendizaje y t\u00e9cnicas de evaluaci\u00f3n a trav\u00e9s de soportes digitales: e-portfolios, e-cuestionarios y webquest<\/strong><br \/>\n\u00bfC\u00f3mo aprendemos?<br \/>\nDise\u00f1o de actividades de aprendizaje digitales<br \/>\nLa WebQuest como modelo de dise\u00f1o de actividades<br \/>\nLa evaluaci\u00f3n de actividades de aprendizaje digitales<\/p>\n<p><strong>Espacios virtuales para el trabajo colaborativo y la interacci\u00f3n: facebook, twitter, youtube, google docs, office live<\/strong><br \/>\nFundamentos del trabajo colaborativo 2.0.<br \/>\nLas Redes Sociales como espacio virtual colaborativo<br \/>\nOtras aplicaciones virtuales para el trabajo colaborativo<\/p>\n<p><strong>Buscar, seleccionar e implementar materiales y recursos multimedia preexistentes: repositorios de contenidos did\u00e1cticos multimedia<\/strong><br \/>\n\u00bfQu\u00e9 entendemos por recursos multimedia?<br \/>\nCaracter\u00edsticas de los recursos multimedia<br \/>\nD\u00f3nde encontrar recursos multimedia<br \/>\n\u00bfQu\u00e9 son los repositorios de contenidos did\u00e1cticos multimedia?<br \/>\nEjemplo de repositorios<\/p>\n<h3 class=\"fusion-responsive-typography-calculated\" data-fontsize=\"22\" data-lineheight=\"35.2px\">\u00bfA qui\u00e9n va dirigido?<\/h3>\n<p>A tutores-formadores que deseen impartir formaci\u00f3n mediante la modalidad de tele formaci\u00f3n, as\u00ed como a profesionales que deseen actualizar sus conocimientos y profundizar en aspectos espec\u00edficos sobre la pr\u00e1ctica diaria.<\/p>\n<h3 class=\"fusion-responsive-typography-calculated\" data-fontsize=\"22\" data-lineheight=\"35.2px\">\u00bfPara qu\u00e9 te capacita?<\/h3>\n<p>&#8211; Para mejorar la calidad y eficacia en la labor docente en modalidad de tele formaci\u00f3n.<br \/>\n&#8211; Conocer el perfil del alumnado de tele formaci\u00f3n, as\u00ed como los componentes y las caracter\u00edsticas propias de esta modalidad para poder actuar acorde a la misma.<br \/>\n&#8211; Realizar el correcto dise\u00f1o, seguimiento y evaluaci\u00f3n de acciones formativas en esta modalidad y actuar ante situaciones e incidencias concretas.<br \/>\n&#8211; Crear un entorno de aprendizaje \u00f3ptimo y aplicar diferentes t\u00e9cnicas, estrategias e instrumentos de comunicaci\u00f3n, colaboraci\u00f3n y evaluaci\u00f3n de la formaci\u00f3n.<br \/>\n&#8211; Utilizar de forma eficaz las tecnolog\u00edas, espacios y herramientas que la Web 2.0. ofrece para el desarrollo del proceso formativo.<\/p>\n<h3 class=\"fusion-responsive-typography-calculated\" data-fontsize=\"22\" data-lineheight=\"35.2px\">Otros datos de inter\u00e9s<\/h3>\n<p>&#8211; Se analiza la situaci\u00f3n actual de los sistemas de formaci\u00f3n profesional y la normativa vigente.<br \/>\n&#8211; Se analizan las tendencias y avances actuales en el \u00e1mbito de la formaci\u00f3n e-Learning.<br \/>\n&#8211; Se describen las funciones tutoriales a realizar en una acci\u00f3n formativa e-Learning.<br \/>\n&#8211; Se presentan pautas a seguir y ejemplos concretos sobre el trabajo diario de tutorizaci\u00f3n en un curso e-Learning.<br \/>\n&#8211; Se definen t\u00e9rminos espec\u00edficos relacionados con la formaci\u00f3n e-Learning.<br \/>\n&#8211; Se incluyen ejercicios te\u00f3rico-pr\u00e1cticos para facilitar la compresi\u00f3n del texto.<br \/>\n&#8211; Se presentan instrumentos y herramientas \u00fatiles para la tutorizaci\u00f3n.<br \/>\n&#8211; Se incluyen ejercicios de autoevaluaci\u00f3n para afianzar el contenido visto durante el desarrollo de cada cap\u00edtulo.<\/p>\n","protected":false},"excerpt":{"rendered":"<p>Modalidad: On Line Duraci\u00f3n: 50 Horas Objetivos &#8211; Conocer las bases, caracter\u00edsticas, fundamentos y evoluci\u00f3n de la formaci\u00f3n\u00a0e-Learning. &#8211;\u00a0Comprender c\u00f3mo se desarrollan los procesos de aprendizaje en\u00a0e-Learning. &#8211; Seleccionar la modalidad formativa m\u00e1s adecuada a cada circunstancia, analizando las variables que intervienen. &#8211; Conocer los&hellip;<\/p>\n","protected":false},"featured_media":2279,"comment_status":"closed","ping_status":"closed","template":"","meta":[],"product_cat":[61],"product_tag":[],"class_list":{"0":"post-1993","1":"product","2":"type-product","3":"status-publish","4":"has-post-thumbnail","6":"product_cat-servicios-socioculturales-y-la-comunidad","8":"first","9":"instock","10":"sale","11":"taxable","12":"shipping-taxable","13":"purchasable","14":"product-type-simple"},"_links":{"self":[{"href":"https:\/\/tienda.gevalia.es\/index.php?rest_route=\/wp\/v2\/product\/1993","targetHints":{"allow":["GET"]}}],"collection":[{"href":"https:\/\/tienda.gevalia.es\/index.php?rest_route=\/wp\/v2\/product"}],"about":[{"href":"https:\/\/tienda.gevalia.es\/index.php?rest_route=\/wp\/v2\/types\/product"}],"replies":[{"embeddable":true,"href":"https:\/\/tienda.gevalia.es\/index.php?rest_route=%2Fwp%2Fv2%2Fcomments&post=1993"}],"wp:featuredmedia":[{"embeddable":true,"href":"https:\/\/tienda.gevalia.es\/index.php?rest_route=\/wp\/v2\/media\/2279"}],"wp:attachment":[{"href":"https:\/\/tienda.gevalia.es\/index.php?rest_route=%2Fwp%2Fv2%2Fmedia&parent=1993"}],"wp:term":[{"taxonomy":"product_cat","embeddable":true,"href":"https:\/\/tienda.gevalia.es\/index.php?rest_route=%2Fwp%2Fv2%2Fproduct_cat&post=1993"},{"taxonomy":"product_tag","embeddable":true,"href":"https:\/\/tienda.gevalia.es\/index.php?rest_route=%2Fwp%2Fv2%2Fproduct_tag&post=1993"}],"curies":[{"name":"wp","href":"https:\/\/api.w.org\/{rel}","templated":true}]}}